{"id":508,"date":"2024-07-17T12:43:45","date_gmt":"2024-07-17T10:43:45","guid":{"rendered":"https:\/\/loetschbergbern.ch\/spezielle-angebote\/"},"modified":"2026-02-16T17:20:49","modified_gmt":"2026-02-16T16:20:49","slug":"spezielle-angebote","status":"publish","type":"page","link":"https:\/\/loetschbergbern.ch\/fr\/spezielle-angebote\/","title":{"rendered":"Offres sp\u00e9ciales"},"content":{"rendered":"\n<h1 class=\"wp-block-heading\">Offres sp\u00e9ciales<\/h1>\n\n\n\n<hr class=\"wp-block-separator has-alpha-channel-opacity\"\/>\n\n\n\n<div class=\"wp-block-group is-layout-constrained wp-container-core-group-is-layout-70165e62 wp-block-group-is-layout-constrained\">\n<div class=\"wp-block-columns is-layout-flex wp-container-core-columns-is-layout-9d6595d7 wp-block-columns-is-layout-flex\">\n<div class=\"wp-block-column is-layout-flow wp-block-column-is-layout-flow\" style=\"flex-basis:40%\">\n<figure class=\"wp-block-image size-full\"><img loading=\"lazy\" decoding=\"async\" width=\"814\" height=\"514\" src=\"https:\/\/loetschbergbern.ch\/wp-content\/uploads\/2024\/07\/Fondue-Menu.jpg\" alt=\"Fondue\" class=\"wp-image-96\" srcset=\"https:\/\/loetschbergbern.ch\/wp-content\/uploads\/2024\/07\/Fondue-Menu.jpg 814w, https:\/\/loetschbergbern.ch\/wp-content\/uploads\/2024\/07\/Fondue-Menu-600x379.jpg 600w, https:\/\/loetschbergbern.ch\/wp-content\/uploads\/2024\/07\/Fondue-Menu-800x505.jpg 800w, https:\/\/loetschbergbern.ch\/wp-content\/uploads\/2024\/07\/Fondue-Menu-768x485.jpg 768w\" sizes=\"auto, (max-width: 814px) 100vw, 814px\" \/><\/figure>\n<\/div>\n\n\n\n<div class=\"wp-block-column is-layout-flow wp-block-column-is-layout-flow\" style=\"flex-basis:60%\">\n<h2 class=\"wp-block-heading\"><strong>Menu fondue<\/strong><\/h2>\n\n\n\n<p>Le L\u00f6tschberg est&nbsp;r\u00e9put\u00e9&nbsp;pour&nbsp;ses savoureuses&nbsp;fondues&nbsp;\u2013 servies&nbsp;toute l\u2019ann\u00e9e \u2013 et se pr\u00eate parfaitement aux repas de groupes.<\/p>\n\n\n\n<div class=\"wp-block-buttons is-layout-flex wp-block-buttons-is-layout-flex\">\n<div class=\"wp-block-button\"><a class=\"wp-block-button__link wp-element-button\" href=\"https:\/\/loetschbergbern.ch\/fr\/fondue-menue\/\" style=\"border-radius:0px\">plus &gt;&gt;&gt;<\/a><\/div>\n<\/div>\n<\/div>\n<\/div>\n\n\n\n<hr class=\"wp-block-separator has-alpha-channel-opacity\"\/>\n<\/div>\n\n\n\n<div class=\"wp-block-group is-layout-constrained wp-container-core-group-is-layout-70165e62 wp-block-group-is-layout-constrained\">\n<div class=\"wp-block-columns is-layout-flex wp-container-core-columns-is-layout-9d6595d7 wp-block-columns-is-layout-flex\">\n<div class=\"wp-block-column is-layout-flow wp-block-column-is-layout-flow\" style=\"flex-basis:40%\">\n<figure class=\"wp-block-image size-full\"><img loading=\"lazy\" decoding=\"async\" width=\"814\" height=\"514\" src=\"https:\/\/loetschbergbern.ch\/wp-content\/uploads\/2024\/07\/Weine_Offenausschank.jpg\" alt=\"Weine Offenausschank\" class=\"wp-image-98\" srcset=\"https:\/\/loetschbergbern.ch\/wp-content\/uploads\/2024\/07\/Weine_Offenausschank.jpg 814w, https:\/\/loetschbergbern.ch\/wp-content\/uploads\/2024\/07\/Weine_Offenausschank-600x379.jpg 600w, https:\/\/loetschbergbern.ch\/wp-content\/uploads\/2024\/07\/Weine_Offenausschank-800x505.jpg 800w, https:\/\/loetschbergbern.ch\/wp-content\/uploads\/2024\/07\/Weine_Offenausschank-768x485.jpg 768w\" sizes=\"auto, (max-width: 814px) 100vw, 814px\" \/><\/figure>\n<\/div>\n\n\n\n<div class=\"wp-block-column is-layout-flow wp-block-column-is-layout-flow\" style=\"flex-basis:60%\">\n<h2 class=\"wp-block-heading\"><strong>Vins au verre<\/strong><\/h2>\n\n\n\n<p>Toutes les deux semaines, nous proposons plusieurs nouveaux vins de notre vaste assortiment. Cliquez sur \u00abPlus\u00bb et d\u00e9couvrez la s\u00e9lection du jour.<\/p>\n\n\n\n<div class=\"wp-block-buttons is-layout-flex wp-block-buttons-is-layout-flex\">\n<div class=\"wp-block-button\"><a class=\"wp-block-button__link wp-element-button\" href=\"https:\/\/loetschbergbern.ch\/fr\/wein-offenausschank\/\" style=\"border-radius:0px\">plus &gt;&gt;&gt;<\/a><\/div>\n<\/div>\n<\/div>\n<\/div>\n\n\n\n<hr class=\"wp-block-separator has-alpha-channel-opacity\"\/>\n<\/div>\n\n\n\n<div class=\"wp-block-group is-layout-constrained wp-container-core-group-is-layout-83d281ac wp-block-group-is-layout-constrained\">\n<div class=\"wp-block-columns is-layout-flex wp-container-core-columns-is-layout-9d6595d7 wp-block-columns-is-layout-flex\">\n<div class=\"wp-block-column is-layout-flow wp-block-column-is-layout-flow\" style=\"flex-basis:40%\">\n<figure class=\"wp-block-image size-full\"><img loading=\"lazy\" decoding=\"async\" width=\"814\" height=\"514\" src=\"https:\/\/loetschbergbern.ch\/wp-content\/uploads\/2024\/07\/Raclette.jpg\" alt=\"Raclette\" class=\"wp-image-97\" srcset=\"https:\/\/loetschbergbern.ch\/wp-content\/uploads\/2024\/07\/Raclette.jpg 814w, https:\/\/loetschbergbern.ch\/wp-content\/uploads\/2024\/07\/Raclette-600x379.jpg 600w, https:\/\/loetschbergbern.ch\/wp-content\/uploads\/2024\/07\/Raclette-800x505.jpg 800w, https:\/\/loetschbergbern.ch\/wp-content\/uploads\/2024\/07\/Raclette-768x485.jpg 768w\" sizes=\"auto, (max-width: 814px) 100vw, 814px\" \/><\/figure>\n<\/div>\n\n\n\n<div class=\"wp-block-column is-layout-flow wp-block-column-is-layout-flow\" style=\"flex-basis:60%\">\n<h2 class=\"wp-block-heading\">Raclette&nbsp;du Valais AOP<\/h2>\n\n\n\n<p>Prot\u00e9g\u00e9e par une AOP, notre raclette authentique vient de Bagnes, dans le canton du Valais.<\/p>\n\n\n\n<div class=\"wp-block-buttons is-layout-flex wp-block-buttons-is-layout-flex\">\n<div class=\"wp-block-button\"><a class=\"wp-block-button__link wp-element-button\" href=\"https:\/\/loetschbergbern.ch\/fr\/raclette-aop-valais\/\" style=\"border-radius:0px\">plus &gt;&gt;&gt;<\/a><\/div>\n<\/div>\n<\/div>\n<\/div>\n\n\n\n<hr class=\"wp-block-separator has-alpha-channel-opacity\"\/>\n<\/div>\n\n\n\n<div class=\"wp-block-group is-layout-constrained wp-container-core-group-is-layout-70165e62 wp-block-group-is-layout-constrained\">\n<div class=\"wp-block-columns is-layout-flex wp-container-core-columns-is-layout-9d6595d7 wp-block-columns-is-layout-flex\">\n<div class=\"wp-block-column is-layout-flow wp-block-column-is-layout-flow\" style=\"flex-basis:40%\">\n<figure class=\"wp-block-image size-full\"><img loading=\"lazy\" decoding=\"async\" width=\"814\" height=\"514\" src=\"https:\/\/loetschbergbern.ch\/wp-content\/uploads\/2024\/07\/AOP-IGP.jpg\" alt=\"AOP-IGP\" class=\"wp-image-94\" srcset=\"https:\/\/loetschbergbern.ch\/wp-content\/uploads\/2024\/07\/AOP-IGP.jpg 814w, https:\/\/loetschbergbern.ch\/wp-content\/uploads\/2024\/07\/AOP-IGP-600x379.jpg 600w, https:\/\/loetschbergbern.ch\/wp-content\/uploads\/2024\/07\/AOP-IGP-800x505.jpg 800w, https:\/\/loetschbergbern.ch\/wp-content\/uploads\/2024\/07\/AOP-IGP-768x485.jpg 768w\" sizes=\"auto, (max-width: 814px) 100vw, 814px\" \/><\/figure>\n<\/div>\n\n\n\n<div class=\"wp-block-column is-layout-flow wp-block-column-is-layout-flow\" style=\"flex-basis:60%\">\n<h2 class=\"wp-block-heading\"><strong>Produits AOP-IGP<\/strong><\/h2>\n\n\n\n<p>Pour que des produits AOP et IGP puissent voir le jour, il faut des terroirs et des traditions, des hommes et leur savoir-faire. Seuls quelques produits suisses sont \u00e9labor\u00e9s de la sorte et sont prot\u00e9g\u00e9s par les signes de qualit\u00e9 AOP et IGP.<\/p>\n\n\n\n<div class=\"wp-block-buttons is-layout-flex wp-block-buttons-is-layout-flex\">\n<div class=\"wp-block-button\"><a class=\"wp-block-button__link wp-element-button\" href=\"https:\/\/loetschbergbern.ch\/fr\/aop-igp-produkte\/\" style=\"border-radius:0px\">plus &gt;&gt;&gt;<\/a><\/div>\n<\/div>\n<\/div>\n<\/div>\n\n\n\n<hr class=\"wp-block-separator has-alpha-channel-opacity\"\/>\n<\/div>\n\n\n\n<div class=\"wp-block-group is-layout-constrained wp-container-core-group-is-layout-70165e62 wp-block-group-is-layout-constrained\">\n<div class=\"wp-block-columns uk-hidden is-layout-flex wp-container-core-columns-is-layout-9d6595d7 wp-block-columns-is-layout-flex\">\n<div class=\"wp-block-column is-layout-flow wp-block-column-is-layout-flow\" style=\"flex-basis:40%\">\n<figure class=\"wp-block-image size-full\"><img loading=\"lazy\" decoding=\"async\" width=\"814\" height=\"514\" src=\"https:\/\/loetschbergbern.ch\/wp-content\/uploads\/2024\/07\/Degustationen.jpg\" alt=\"Degustationen\" class=\"wp-image-95\" srcset=\"https:\/\/loetschbergbern.ch\/wp-content\/uploads\/2024\/07\/Degustationen.jpg 814w, https:\/\/loetschbergbern.ch\/wp-content\/uploads\/2024\/07\/Degustationen-600x379.jpg 600w, https:\/\/loetschbergbern.ch\/wp-content\/uploads\/2024\/07\/Degustationen-800x505.jpg 800w, https:\/\/loetschbergbern.ch\/wp-content\/uploads\/2024\/07\/Degustationen-768x485.jpg 768w\" sizes=\"auto, (max-width: 814px) 100vw, 814px\" \/><\/figure>\n<\/div>\n\n\n\n<div class=\"wp-block-column is-layout-flow wp-block-column-is-layout-flow\" style=\"flex-basis:60%\">\n<h2 class=\"wp-block-heading\"><strong>D\u00e9gustations<\/strong><\/h2>\n\n\n\n<p>Nous organisons r\u00e9guli\u00e8rement des d\u00e9gustations de vin dans notre \u00e9tablissement. Parmi notre imposant assortiment de plus de 200 vins suisses diff\u00e9rents, nous prenons plaisir \u00e0 vous pr\u00e9senter des cr\u00e9ations raffin\u00e9es issues des grandes r\u00e9gions viticoles de notre petit pays.<\/p>\n\n\n\n<div class=\"wp-block-buttons is-layout-flex wp-block-buttons-is-layout-flex\">\n<div class=\"wp-block-button\"><a class=\"wp-block-button__link wp-element-button\" href=\"https:\/\/loetschbergbern.ch\/fr\/degustationen\/\" style=\"border-radius:0px\">plus &gt;&gt;&gt;<\/a><\/div>\n<\/div>\n<\/div>\n<\/div>\n\n\n\n<hr class=\"wp-block-separator has-alpha-channel-opacity\"\/>\n\n\n\n<p class=\"unterstrich\">Offres<\/p>\n\n\n\n<div class=\"wp-block-columns is-not-stacked-on-mobile vorlage-karten is-layout-flex wp-container-core-columns-is-layout-9d6595d7 wp-block-columns-is-layout-flex\">\n<div class=\"wp-block-column is-layout-flow wp-block-column-is-layout-flow\">\n<h2 class=\"wp-block-heading angebot\">Carte<\/h2>\n\n\n\n<figure class=\"wp-block-image size-full border\"><a href=\"\/angebote\/speisekarte\"><img loading=\"lazy\" decoding=\"async\" width=\"674\" height=\"954\" src=\"https:\/\/loetschbergbern.ch\/wp-content\/uploads\/2024\/08\/Speisekarte.jpg\" alt=\"Speisekarte\" class=\"wp-image-206\" srcset=\"https:\/\/loetschbergbern.ch\/wp-content\/uploads\/2024\/08\/Speisekarte.jpg 674w, https:\/\/loetschbergbern.ch\/wp-content\/uploads\/2024\/08\/Speisekarte-424x600.jpg 424w\" sizes=\"auto, (max-width: 674px) 100vw, 674px\" \/><\/a><\/figure>\n<\/div>\n\n\n\n<div class=\"wp-block-column is-layout-flow wp-block-column-is-layout-flow\">\n<h2 class=\"wp-block-heading angebot\">Carte des vins<\/h2>\n\n\n\n<figure class=\"wp-block-image size-full border\"><a href=\"\/angebot\/weinkarte\"><img loading=\"lazy\" decoding=\"async\" width=\"674\" height=\"954\" src=\"https:\/\/loetschbergbern.ch\/wp-content\/uploads\/2024\/08\/Weinkarte.jpg\" alt=\"Weinkarte\" class=\"wp-image-207\" srcset=\"https:\/\/loetschbergbern.ch\/wp-content\/uploads\/2024\/08\/Weinkarte.jpg 674w, https:\/\/loetschbergbern.ch\/wp-content\/uploads\/2024\/08\/Weinkarte-424x600.jpg 424w\" sizes=\"auto, (max-width: 674px) 100vw, 674px\" \/><\/a><\/figure>\n<\/div>\n\n\n\n<div class=\"wp-block-column is-layout-flow wp-block-column-is-layout-flow\">\n<h2 class=\"wp-block-heading angebot\">Carte des boissons<\/h2>\n\n\n\n<figure class=\"wp-block-image size-full border\"><a href=\"\/angebot\/getraenkekarte\"><img loading=\"lazy\" decoding=\"async\" width=\"674\" height=\"954\" src=\"https:\/\/loetschbergbern.ch\/wp-content\/uploads\/2024\/08\/Getraenkekarte.jpg\" alt=\"Getraenkekarte\" class=\"wp-image-205\" srcset=\"https:\/\/loetschbergbern.ch\/wp-content\/uploads\/2024\/08\/Getraenkekarte.jpg 674w, https:\/\/loetschbergbern.ch\/wp-content\/uploads\/2024\/08\/Getraenkekarte-424x600.jpg 424w\" sizes=\"auto, (max-width: 674px) 100vw, 674px\" \/><\/a><\/figure>\n<\/div>\n<\/div>\n<\/div>\n","protected":false},"excerpt":{"rendered":"Offres sp\u00e9ciales Menu fondue Le L\u00f6tschberg est&nbsp;r\u00e9put\u00e9&nbsp;pour&nbsp;ses savoureuses&nbsp;fondues&nbsp;\u2013 servies&nbsp;toute l\u2019ann\u00e9e \u2013 et se pr\u00eate parfaitement aux repas de groupes. Vins au verre Toutes les deux semaines, nous proposons plusieurs nouveaux vins de notre vaste assortiment. Cliquez sur \u00abPlus\u00bb et d\u00e9couvrez la s\u00e9lection du jour. Raclette&nbsp;du Valais AOP Prot\u00e9g\u00e9e par une AOP, notre raclette authentique vient de Bagnes, dans le canton du Valais. Produits AOP-IGP Pour que des produits AOP et IGP puissent voir le jour, il faut des terroirs et [&hellip;]","protected":false},"author":1,"featured_media":0,"parent":0,"menu_order":3,"comment_status":"closed","ping_status":"closed","template":"","meta":{"_acf_changed":false,"footnotes":""},"class_list":["post-508","page","type-page","status-publish","hentry"],"acf":[],"yoast_head":"<!-- This site is optimized with the Yoast SEO plugin v27.5 - https:\/\/yoast.com\/product\/yoast-seo-wordpress\/ -->\n<title>Offres sp\u00e9ciales - Restaurant L\u00f6tschberg Bern<\/title>\n<meta name=\"robots\" content=\"index, follow, max-snippet:-1, max-image-preview:large, max-video-preview:-1\" \/>\n<link rel=\"canonical\" href=\"https:\/\/loetschbergbern.ch\/fr\/spezielle-angebote\/\" \/>\n<meta property=\"og:locale\" content=\"fr_FR\" \/>\n<meta property=\"og:type\" content=\"article\" \/>\n<meta property=\"og:title\" content=\"Offres sp\u00e9ciales - Restaurant L\u00f6tschberg Bern\" \/>\n<meta property=\"og:description\" content=\"Offres sp\u00e9ciales Menu fondue Le L\u00f6tschberg est&nbsp;r\u00e9put\u00e9&nbsp;pour&nbsp;ses savoureuses&nbsp;fondues&nbsp;\u2013 servies&nbsp;toute l\u2019ann\u00e9e \u2013 et se pr\u00eate parfaitement aux repas de groupes. Vins au verre Toutes les deux semaines, nous proposons plusieurs nouveaux vins de notre vaste assortiment. Cliquez sur \u00abPlus\u00bb et d\u00e9couvrez la s\u00e9lection du jour. Raclette&nbsp;du Valais AOP Prot\u00e9g\u00e9e par une AOP, notre raclette authentique vient de Bagnes, dans le canton du Valais. Produits AOP-IGP Pour que des produits AOP et IGP puissent voir le jour, il faut des terroirs et [&hellip;]\" \/>\n<meta property=\"og:url\" content=\"https:\/\/loetschbergbern.ch\/fr\/spezielle-angebote\/\" \/>\n<meta property=\"og:site_name\" content=\"Restaurant L\u00f6tschberg Bern\" \/>\n<meta property=\"article:publisher\" content=\"https:\/\/www.facebook.com\/Loetschberg\" \/>\n<meta property=\"article:modified_time\" content=\"2026-02-16T16:20:49+00:00\" \/>\n<meta property=\"og:image\" content=\"https:\/\/loetschbergbern.ch\/wp-content\/uploads\/2024\/07\/Fondue-Menu.jpg\" \/>\n\t<meta property=\"og:image:width\" content=\"814\" \/>\n\t<meta property=\"og:image:height\" content=\"514\" \/>\n\t<meta property=\"og:image:type\" content=\"image\/jpeg\" \/>\n<meta name=\"twitter:card\" content=\"summary_large_image\" \/>\n<meta name=\"twitter:label1\" content=\"Dur\u00e9e de lecture estim\u00e9e\" \/>\n\t<meta name=\"twitter:data1\" content=\"4 minutes\" \/>\n<script type=\"application\/ld+json\" class=\"yoast-schema-graph\">{\"@context\":\"https:\\\/\\\/schema.org\",\"@graph\":[{\"@type\":\"WebPage\",\"@id\":\"https:\\\/\\\/loetschbergbern.ch\\\/fr\\\/spezielle-angebote\\\/\",\"url\":\"https:\\\/\\\/loetschbergbern.ch\\\/fr\\\/spezielle-angebote\\\/\",\"name\":\"Offres sp\u00e9ciales - Restaurant L\u00f6tschberg Bern\",\"isPartOf\":{\"@id\":\"https:\\\/\\\/loetschbergbern.ch\\\/#website\"},\"primaryImageOfPage\":{\"@id\":\"https:\\\/\\\/loetschbergbern.ch\\\/fr\\\/spezielle-angebote\\\/#primaryimage\"},\"image\":{\"@id\":\"https:\\\/\\\/loetschbergbern.ch\\\/fr\\\/spezielle-angebote\\\/#primaryimage\"},\"thumbnailUrl\":\"https:\\\/\\\/loetschbergbern.ch\\\/wp-content\\\/uploads\\\/2024\\\/07\\\/Fondue-Menu.jpg\",\"datePublished\":\"2024-07-17T10:43:45+00:00\",\"dateModified\":\"2026-02-16T16:20:49+00:00\",\"breadcrumb\":{\"@id\":\"https:\\\/\\\/loetschbergbern.ch\\\/fr\\\/spezielle-angebote\\\/#breadcrumb\"},\"inLanguage\":\"fr-FR\",\"potentialAction\":[{\"@type\":\"ReadAction\",\"target\":[\"https:\\\/\\\/loetschbergbern.ch\\\/fr\\\/spezielle-angebote\\\/\"]}]},{\"@type\":\"ImageObject\",\"inLanguage\":\"fr-FR\",\"@id\":\"https:\\\/\\\/loetschbergbern.ch\\\/fr\\\/spezielle-angebote\\\/#primaryimage\",\"url\":\"https:\\\/\\\/loetschbergbern.ch\\\/wp-content\\\/uploads\\\/2024\\\/07\\\/Fondue-Menu.jpg\",\"contentUrl\":\"https:\\\/\\\/loetschbergbern.ch\\\/wp-content\\\/uploads\\\/2024\\\/07\\\/Fondue-Menu.jpg\"},{\"@type\":\"BreadcrumbList\",\"@id\":\"https:\\\/\\\/loetschbergbern.ch\\\/fr\\\/spezielle-angebote\\\/#breadcrumb\",\"itemListElement\":[{\"@type\":\"ListItem\",\"position\":1,\"name\":\"Home\",\"item\":\"https:\\\/\\\/loetschbergbern.ch\\\/fr\\\/\"},{\"@type\":\"ListItem\",\"position\":2,\"name\":\"Offres sp\u00e9ciales\"}]},{\"@type\":\"WebSite\",\"@id\":\"https:\\\/\\\/loetschbergbern.ch\\\/#website\",\"url\":\"https:\\\/\\\/loetschbergbern.ch\\\/\",\"name\":\"Restaurant L\u00f6tschberg Bern\",\"description\":\"Schweizer Weine und AOP-IGP Produkte\",\"publisher\":{\"@id\":\"https:\\\/\\\/loetschbergbern.ch\\\/#organization\"},\"alternateName\":\"L\u00f6tschberg Bern\",\"potentialAction\":[{\"@type\":\"SearchAction\",\"target\":{\"@type\":\"EntryPoint\",\"urlTemplate\":\"https:\\\/\\\/loetschbergbern.ch\\\/?s={search_term_string}\"},\"query-input\":{\"@type\":\"PropertyValueSpecification\",\"valueRequired\":true,\"valueName\":\"search_term_string\"}}],\"inLanguage\":\"fr-FR\"},{\"@type\":\"Organization\",\"@id\":\"https:\\\/\\\/loetschbergbern.ch\\\/#organization\",\"name\":\"Restaurant L\u00f6tschberg Bern\",\"url\":\"https:\\\/\\\/loetschbergbern.ch\\\/\",\"logo\":{\"@type\":\"ImageObject\",\"inLanguage\":\"fr-FR\",\"@id\":\"https:\\\/\\\/loetschbergbern.ch\\\/#\\\/schema\\\/logo\\\/image\\\/\",\"url\":\"https:\\\/\\\/loetschbergbern.ch\\\/wp-content\\\/uploads\\\/2025\\\/10\\\/logo.png\",\"contentUrl\":\"https:\\\/\\\/loetschbergbern.ch\\\/wp-content\\\/uploads\\\/2025\\\/10\\\/logo.png\",\"width\":480,\"height\":103,\"caption\":\"Restaurant L\u00f6tschberg Bern\"},\"image\":{\"@id\":\"https:\\\/\\\/loetschbergbern.ch\\\/#\\\/schema\\\/logo\\\/image\\\/\"},\"sameAs\":[\"https:\\\/\\\/www.facebook.com\\\/Loetschberg\",\"https:\\\/\\\/www.instagram.com\\\/loetschbergbern\\\/\"]}]}<\/script>\n<!-- \/ Yoast SEO plugin. -->","yoast_head_json":{"title":"Offres sp\u00e9ciales - Restaurant L\u00f6tschberg Bern","robots":{"index":"index","follow":"follow","max-snippet":"max-snippet:-1","max-image-preview":"max-image-preview:large","max-video-preview":"max-video-preview:-1"},"canonical":"https:\/\/loetschbergbern.ch\/fr\/spezielle-angebote\/","og_locale":"fr_FR","og_type":"article","og_title":"Offres sp\u00e9ciales - Restaurant L\u00f6tschberg Bern","og_description":"Offres sp\u00e9ciales Menu fondue Le L\u00f6tschberg est&nbsp;r\u00e9put\u00e9&nbsp;pour&nbsp;ses savoureuses&nbsp;fondues&nbsp;\u2013 servies&nbsp;toute l\u2019ann\u00e9e \u2013 et se pr\u00eate parfaitement aux repas de groupes. Vins au verre Toutes les deux semaines, nous proposons plusieurs nouveaux vins de notre vaste assortiment. Cliquez sur \u00abPlus\u00bb et d\u00e9couvrez la s\u00e9lection du jour. Raclette&nbsp;du Valais AOP Prot\u00e9g\u00e9e par une AOP, notre raclette authentique vient de Bagnes, dans le canton du Valais. Produits AOP-IGP Pour que des produits AOP et IGP puissent voir le jour, il faut des terroirs et [&hellip;]","og_url":"https:\/\/loetschbergbern.ch\/fr\/spezielle-angebote\/","og_site_name":"Restaurant L\u00f6tschberg Bern","article_publisher":"https:\/\/www.facebook.com\/Loetschberg","article_modified_time":"2026-02-16T16:20:49+00:00","og_image":[{"width":814,"height":514,"url":"https:\/\/loetschbergbern.ch\/wp-content\/uploads\/2024\/07\/Fondue-Menu.jpg","type":"image\/jpeg"}],"twitter_card":"summary_large_image","twitter_misc":{"Dur\u00e9e de lecture estim\u00e9e":"4 minutes"},"schema":{"@context":"https:\/\/schema.org","@graph":[{"@type":"WebPage","@id":"https:\/\/loetschbergbern.ch\/fr\/spezielle-angebote\/","url":"https:\/\/loetschbergbern.ch\/fr\/spezielle-angebote\/","name":"Offres sp\u00e9ciales - Restaurant L\u00f6tschberg Bern","isPartOf":{"@id":"https:\/\/loetschbergbern.ch\/#website"},"primaryImageOfPage":{"@id":"https:\/\/loetschbergbern.ch\/fr\/spezielle-angebote\/#primaryimage"},"image":{"@id":"https:\/\/loetschbergbern.ch\/fr\/spezielle-angebote\/#primaryimage"},"thumbnailUrl":"https:\/\/loetschbergbern.ch\/wp-content\/uploads\/2024\/07\/Fondue-Menu.jpg","datePublished":"2024-07-17T10:43:45+00:00","dateModified":"2026-02-16T16:20:49+00:00","breadcrumb":{"@id":"https:\/\/loetschbergbern.ch\/fr\/spezielle-angebote\/#breadcrumb"},"inLanguage":"fr-FR","potentialAction":[{"@type":"ReadAction","target":["https:\/\/loetschbergbern.ch\/fr\/spezielle-angebote\/"]}]},{"@type":"ImageObject","inLanguage":"fr-FR","@id":"https:\/\/loetschbergbern.ch\/fr\/spezielle-angebote\/#primaryimage","url":"https:\/\/loetschbergbern.ch\/wp-content\/uploads\/2024\/07\/Fondue-Menu.jpg","contentUrl":"https:\/\/loetschbergbern.ch\/wp-content\/uploads\/2024\/07\/Fondue-Menu.jpg"},{"@type":"BreadcrumbList","@id":"https:\/\/loetschbergbern.ch\/fr\/spezielle-angebote\/#breadcrumb","itemListElement":[{"@type":"ListItem","position":1,"name":"Home","item":"https:\/\/loetschbergbern.ch\/fr\/"},{"@type":"ListItem","position":2,"name":"Offres sp\u00e9ciales"}]},{"@type":"WebSite","@id":"https:\/\/loetschbergbern.ch\/#website","url":"https:\/\/loetschbergbern.ch\/","name":"Restaurant L\u00f6tschberg Bern","description":"Schweizer Weine und AOP-IGP Produkte","publisher":{"@id":"https:\/\/loetschbergbern.ch\/#organization"},"alternateName":"L\u00f6tschberg Bern","potentialAction":[{"@type":"SearchAction","target":{"@type":"EntryPoint","urlTemplate":"https:\/\/loetschbergbern.ch\/?s={search_term_string}"},"query-input":{"@type":"PropertyValueSpecification","valueRequired":true,"valueName":"search_term_string"}}],"inLanguage":"fr-FR"},{"@type":"Organization","@id":"https:\/\/loetschbergbern.ch\/#organization","name":"Restaurant L\u00f6tschberg Bern","url":"https:\/\/loetschbergbern.ch\/","logo":{"@type":"ImageObject","inLanguage":"fr-FR","@id":"https:\/\/loetschbergbern.ch\/#\/schema\/logo\/image\/","url":"https:\/\/loetschbergbern.ch\/wp-content\/uploads\/2025\/10\/logo.png","contentUrl":"https:\/\/loetschbergbern.ch\/wp-content\/uploads\/2025\/10\/logo.png","width":480,"height":103,"caption":"Restaurant L\u00f6tschberg Bern"},"image":{"@id":"https:\/\/loetschbergbern.ch\/#\/schema\/logo\/image\/"},"sameAs":["https:\/\/www.facebook.com\/Loetschberg","https:\/\/www.instagram.com\/loetschbergbern\/"]}]}},"_links":{"self":[{"href":"https:\/\/loetschbergbern.ch\/fr\/wp-json\/wp\/v2\/pages\/508","targetHints":{"allow":["GET"]}}],"collection":[{"href":"https:\/\/loetschbergbern.ch\/fr\/wp-json\/wp\/v2\/pages"}],"about":[{"href":"https:\/\/loetschbergbern.ch\/fr\/wp-json\/wp\/v2\/types\/page"}],"author":[{"embeddable":true,"href":"https:\/\/loetschbergbern.ch\/fr\/wp-json\/wp\/v2\/users\/1"}],"replies":[{"embeddable":true,"href":"https:\/\/loetschbergbern.ch\/fr\/wp-json\/wp\/v2\/comments?post=508"}],"version-history":[{"count":6,"href":"https:\/\/loetschbergbern.ch\/fr\/wp-json\/wp\/v2\/pages\/508\/revisions"}],"predecessor-version":[{"id":993,"href":"https:\/\/loetschbergbern.ch\/fr\/wp-json\/wp\/v2\/pages\/508\/revisions\/993"}],"wp:attachment":[{"href":"https:\/\/loetschbergbern.ch\/fr\/wp-json\/wp\/v2\/media?parent=508"}],"curies":[{"name":"wp","href":"https:\/\/api.w.org\/{rel}","templated":true}]}}