{"id":498,"date":"2024-07-17T12:45:11","date_gmt":"2024-07-17T10:45:11","guid":{"rendered":"https:\/\/loetschbergbern.ch\/gutscheine\/"},"modified":"2024-12-20T11:35:19","modified_gmt":"2024-12-20T10:35:19","slug":"gutscheine","status":"publish","type":"page","link":"https:\/\/loetschbergbern.ch\/fr\/angebote\/gutscheine\/","title":{"rendered":"Carte cadeau"},"content":{"rendered":"\n<div class=\"wp-block-columns narrow is-layout-flex wp-container-core-columns-is-layout-9d6595d7 wp-block-columns-is-layout-flex\">\n<div class=\"wp-block-column is-layout-flow wp-block-column-is-layout-flow\">\n<p>Vous pouvez acheter des cartes cadeaux&nbsp;au&nbsp;montant de votre choix (CHF 25.\u2013 minimum) dans notre \u00e9tablissement pendant les horaires d\u2019ouverture.<\/p>\n<\/div>\n\n\n\n<div class=\"wp-block-column is-layout-flow wp-block-column-is-layout-flow\">\n<figure class=\"wp-block-image size-full\"><img loading=\"lazy\" decoding=\"async\" width=\"422\" height=\"306\" src=\"https:\/\/loetschbergbern.ch\/wp-content\/uploads\/2024\/09\/Geschenkkarte.jpg\" alt=\"Geschenkkarte\" class=\"wp-image-670\"\/><\/figure>\n<\/div>\n<\/div>\n\n\n\n<h2 class=\"wp-block-heading\">Commander une carte cadeau<\/h2>\n\n\n\n<p class=\"mb50\">Si vous souhaitez recevoir la carte par courrier, veuillez remplir le formulaire ci-joint. Vous recevrez par e-mail une r\u00e9ponse g\u00e9n\u00e9r\u00e9e automatiquement confirmant votre commande. Vous y trouverez les coordonn\u00e9es bancaires pour effectuer un virement. Le jour suivant la r\u00e9ception du paiement, nous vous ferons parvenir la carte cadeau par pli recommand\u00e9 (plus 6.80 CHF de frais d&rsquo;envoi).<\/p>\n\n\n\n<div class=\"wpcf7 no-js\" id=\"wpcf7-f679-o1\" lang=\"fr-FR\" dir=\"ltr\" data-wpcf7-id=\"679\">\n<div class=\"screen-reader-response\"><p role=\"status\" aria-live=\"polite\" aria-atomic=\"true\"><\/p> <ul><\/ul><\/div>\n<form action=\"\/fr\/wp-json\/wp\/v2\/pages\/498#wpcf7-f679-o1\" method=\"post\" class=\"wpcf7-form init\" aria-label=\"Formulaire de contact\" novalidate=\"novalidate\" data-status=\"init\">\n<fieldset class=\"hidden-fields-container\"><input type=\"hidden\" name=\"_wpcf7\" value=\"679\" \/><input type=\"hidden\" name=\"_wpcf7_version\" value=\"6.1.5\" \/><input type=\"hidden\" name=\"_wpcf7_locale\" value=\"fr_FR\" \/><input type=\"hidden\" name=\"_wpcf7_unit_tag\" value=\"wpcf7-f679-o1\" \/><input type=\"hidden\" name=\"_wpcf7_container_post\" value=\"0\" \/><input type=\"hidden\" name=\"_wpcf7_posted_data_hash\" value=\"\" \/><input type=\"hidden\" name=\"_wpcf7_recaptcha_response\" value=\"\" \/>\n<\/fieldset>\n<div class=\"uk-grid-small\" uk-grid>\n\t<div class=\"uk-width-1-2@s\">\n\t\t<label class=\"uk-form-label\">Montant de votre choix*<\/label>\n\t\t<span class=\"wpcf7-form-control-wrap\" data-name=\"betrag\"><input class=\"wpcf7-form-control wpcf7-number wpcf7-validates-as-required wpcf7-validates-as-number uk-input\" min=\"25\" aria-required=\"true\" aria-invalid=\"false\" value=\"\" type=\"number\" name=\"betrag\" \/><\/span>\n\t<\/div>\n\t<div class=\"uk-width-1-2@s\"><label class=\"uk-form-label\">Total incluant les frais de port<\/label>\n\t\t<span class=\"wpcf7-form-control-wrap\" data-name=\"total\"><input size=\"40\" maxlength=\"400\" class=\"wpcf7-form-control wpcf7-text uk-input\" id=\"total\" readonly=\"readonly\" aria-invalid=\"false\" value=\"\" type=\"text\" name=\"total\" \/><\/span><\/div>\n\t<div class=\"uk-width-1-2@s\">\n\t\t<label class=\"uk-form-label\">Nom*<\/label>\n\t\t<span class=\"wpcf7-form-control-wrap\" data-name=\"your-name\"><input size=\"40\" maxlength=\"400\" class=\"wpcf7-form-control wpcf7-text wpcf7-validates-as-required uk-input\" autocomplete=\"name\" aria-required=\"true\" aria-invalid=\"false\" value=\"\" type=\"text\" name=\"your-name\" \/><\/span>\n\t<\/div>\n\t<div class=\"uk-width-1-2@s\">\n\t\t<label class=\"uk-form-label\">Pr\u00e9nom*<\/label>\n\t\t<span class=\"wpcf7-form-control-wrap\" data-name=\"vorname\"><input size=\"40\" maxlength=\"400\" class=\"wpcf7-form-control wpcf7-text wpcf7-validates-as-required uk-input\" aria-required=\"true\" aria-invalid=\"false\" value=\"\" type=\"text\" name=\"vorname\" \/><\/span>\n\t<\/div>\n\t<div class=\"uk-width-1-1@s\">\n\t\t<label class=\"uk-form-label\">Soci\u00e9t\u00e9<\/label>\n\t\t<span class=\"wpcf7-form-control-wrap\" data-name=\"firma\"><input size=\"40\" maxlength=\"400\" class=\"wpcf7-form-control wpcf7-text uk-input\" aria-invalid=\"false\" value=\"\" type=\"text\" name=\"firma\" \/><\/span>\n\t<\/div>\n\t<div class=\"uk-width-1-1@s\">\n\t\t<label class=\"uk-form-label\">Adresse*<\/label>\n\t\t<span class=\"wpcf7-form-control-wrap\" data-name=\"adresse\"><input size=\"40\" maxlength=\"400\" class=\"wpcf7-form-control wpcf7-text wpcf7-validates-as-required uk-input\" aria-required=\"true\" aria-invalid=\"false\" value=\"\" type=\"text\" name=\"adresse\" \/><\/span>\n\t<\/div>\n\t<div class=\"uk-width-1-2@s\">\n\t\t<label class=\"uk-form-label\">NPA*<\/label>\n\t\t<span class=\"wpcf7-form-control-wrap\" data-name=\"plz\"><input size=\"40\" maxlength=\"400\" class=\"wpcf7-form-control wpcf7-text wpcf7-validates-as-required uk-input\" aria-required=\"true\" aria-invalid=\"false\" value=\"\" type=\"text\" name=\"plz\" \/><\/span>\n\t<\/div>\n\t<div class=\"uk-width-1-2@s\">\n\t\t<label class=\"uk-form-label\">Lieu*<\/label>\n\t\t<span class=\"wpcf7-form-control-wrap\" data-name=\"ort\"><input size=\"40\" maxlength=\"400\" class=\"wpcf7-form-control wpcf7-text wpcf7-validates-as-required uk-input\" aria-required=\"true\" aria-invalid=\"false\" value=\"\" type=\"text\" name=\"ort\" \/><\/span>\n\t<\/div>\n\t<div class=\"uk-width-1-2@s\">\n\t\t<label class=\"uk-form-label\">T\u00e9l. portable*<\/label>\n\t\t<span class=\"wpcf7-form-control-wrap\" data-name=\"tel\"><input size=\"40\" maxlength=\"400\" class=\"wpcf7-form-control wpcf7-text wpcf7-validates-as-required uk-input\" aria-required=\"true\" aria-invalid=\"false\" value=\"\" type=\"text\" name=\"tel\" \/><\/span>\n\t<\/div>\n\t<div class=\"uk-width-1-2@s\">\n\t\t<label class=\"uk-form-label\">E-mail*<\/label>\n\t\t<span class=\"wpcf7-form-control-wrap\" data-name=\"your-mail\"><input size=\"40\" maxlength=\"400\" class=\"wpcf7-form-control wpcf7-email wpcf7-validates-as-required wpcf7-text wpcf7-validates-as-email uk-input\" aria-required=\"true\" aria-invalid=\"false\" value=\"\" type=\"email\" name=\"your-mail\" \/><\/span>\n\t<\/div>\n\t<div class=\"uk-width-1-1@s\">\n\t\t<label class=\"uk-form-label\">Remarques<\/label>\n\t\t<span class=\"wpcf7-form-control-wrap\" data-name=\"bemerkung\"><textarea cols=\"40\" rows=\"10\" maxlength=\"2000\" class=\"wpcf7-form-control wpcf7-textarea uk-textarea\" aria-invalid=\"false\" name=\"bemerkung\"><\/textarea><\/span>\n\t<\/div>\n\t<div class=\"uk-width-1-1@s\">\n\t\t<small>Les champs marqu\u00e9s d\u2019un ast\u00e9risque (*) sont obligatoires.<\/small>\n\t<\/div>\n\t<div class=\"uk-width-1-1@s align-center\">\n\t\t<input class=\"wpcf7-form-control wpcf7-submit has-spinner button\" type=\"submit\" value=\"Acheter maintenant\" \/>\n\t<\/div>\n<\/div>\n<script>\ndocument.addEventListener('DOMContentLoaded', function() {\n    const numberField = document.querySelector('input[name=\"betrag\"]');\n    const resultField = document.querySelector('input[name=\"total\"]');\n    const incrementValue = 6; \/\/ Betrag, den du hinzuf\u00fcgen m\u00f6chtest\n\n    if (numberField && resultField) {\n        numberField.addEventListener('input', function() {\n            const inputValue = parseFloat(numberField.value) || 0; \/\/ Falls leer, setze auf 0\n            const newValue = inputValue + incrementValue;\n            resultField.value = newValue;\n        });\n    }\n});\n<\/script><div class=\"wpcf7-response-output\" aria-hidden=\"true\"><\/div>\n<\/form>\n<\/div>\n\n","protected":false},"excerpt":{"rendered":"Vous pouvez acheter des cartes cadeaux&nbsp;au&nbsp;montant de votre choix (CHF 25.\u2013 minimum) dans notre \u00e9tablissement pendant les horaires d\u2019ouverture. Commander une carte cadeau Si vous souhaitez recevoir la carte par courrier, veuillez remplir le formulaire ci-joint. Vous recevrez par e-mail une r\u00e9ponse g\u00e9n\u00e9r\u00e9e automatiquement confirmant votre commande. Vous y trouverez les coordonn\u00e9es bancaires pour effectuer un virement. Le jour suivant la r\u00e9ception du paiement, nous vous ferons parvenir la carte cadeau par pli recommand\u00e9 (plus 6.80 CHF de frais d&rsquo;envoi).","protected":false},"author":1,"featured_media":0,"parent":506,"menu_order":4,"comment_status":"closed","ping_status":"closed","template":"","meta":{"_acf_changed":false,"footnotes":""},"class_list":["post-498","page","type-page","status-publish","hentry"],"acf":[],"yoast_head":"<!-- This site is optimized with the Yoast SEO plugin v27.5 - https:\/\/yoast.com\/product\/yoast-seo-wordpress\/ -->\n<title>Carte cadeau - Restaurant L\u00f6tschberg Bern<\/title>\n<meta name=\"robots\" content=\"index, follow, max-snippet:-1, max-image-preview:large, max-video-preview:-1\" \/>\n<link rel=\"canonical\" href=\"https:\/\/loetschbergbern.ch\/fr\/angebote\/gutscheine\/\" \/>\n<meta property=\"og:locale\" content=\"fr_FR\" \/>\n<meta property=\"og:type\" content=\"article\" \/>\n<meta property=\"og:title\" content=\"Carte cadeau - Restaurant L\u00f6tschberg Bern\" \/>\n<meta property=\"og:description\" content=\"Vous pouvez acheter des cartes cadeaux&nbsp;au&nbsp;montant de votre choix (CHF 25.\u2013 minimum) dans notre \u00e9tablissement pendant les horaires d\u2019ouverture. Commander une carte cadeau Si vous souhaitez recevoir la carte par courrier, veuillez remplir le formulaire ci-joint. Vous recevrez par e-mail une r\u00e9ponse g\u00e9n\u00e9r\u00e9e automatiquement confirmant votre commande. Vous y trouverez les coordonn\u00e9es bancaires pour effectuer un virement. Le jour suivant la r\u00e9ception du paiement, nous vous ferons parvenir la carte cadeau par pli recommand\u00e9 (plus 6.80 CHF de frais d&rsquo;envoi).\" \/>\n<meta property=\"og:url\" content=\"https:\/\/loetschbergbern.ch\/fr\/angebote\/gutscheine\/\" \/>\n<meta property=\"og:site_name\" content=\"Restaurant L\u00f6tschberg Bern\" \/>\n<meta property=\"article:publisher\" content=\"https:\/\/www.facebook.com\/Loetschberg\" \/>\n<meta property=\"article:modified_time\" content=\"2024-12-20T10:35:19+00:00\" \/>\n<meta property=\"og:image\" content=\"https:\/\/loetschbergbern.ch\/wp-content\/uploads\/2024\/09\/Geschenkkarte.jpg\" \/>\n\t<meta property=\"og:image:width\" content=\"422\" \/>\n\t<meta property=\"og:image:height\" content=\"306\" \/>\n\t<meta property=\"og:image:type\" content=\"image\/jpeg\" \/>\n<meta name=\"twitter:card\" content=\"summary_large_image\" \/>\n<script type=\"application\/ld+json\" class=\"yoast-schema-graph\">{\"@context\":\"https:\\\/\\\/schema.org\",\"@graph\":[{\"@type\":\"WebPage\",\"@id\":\"https:\\\/\\\/loetschbergbern.ch\\\/fr\\\/angebote\\\/gutscheine\\\/\",\"url\":\"https:\\\/\\\/loetschbergbern.ch\\\/fr\\\/angebote\\\/gutscheine\\\/\",\"name\":\"Carte cadeau - Restaurant L\u00f6tschberg Bern\",\"isPartOf\":{\"@id\":\"https:\\\/\\\/loetschbergbern.ch\\\/#website\"},\"primaryImageOfPage\":{\"@id\":\"https:\\\/\\\/loetschbergbern.ch\\\/fr\\\/angebote\\\/gutscheine\\\/#primaryimage\"},\"image\":{\"@id\":\"https:\\\/\\\/loetschbergbern.ch\\\/fr\\\/angebote\\\/gutscheine\\\/#primaryimage\"},\"thumbnailUrl\":\"https:\\\/\\\/loetschbergbern.ch\\\/wp-content\\\/uploads\\\/2024\\\/09\\\/Geschenkkarte.jpg\",\"datePublished\":\"2024-07-17T10:45:11+00:00\",\"dateModified\":\"2024-12-20T10:35:19+00:00\",\"breadcrumb\":{\"@id\":\"https:\\\/\\\/loetschbergbern.ch\\\/fr\\\/angebote\\\/gutscheine\\\/#breadcrumb\"},\"inLanguage\":\"fr-FR\",\"potentialAction\":[{\"@type\":\"ReadAction\",\"target\":[\"https:\\\/\\\/loetschbergbern.ch\\\/fr\\\/angebote\\\/gutscheine\\\/\"]}]},{\"@type\":\"ImageObject\",\"inLanguage\":\"fr-FR\",\"@id\":\"https:\\\/\\\/loetschbergbern.ch\\\/fr\\\/angebote\\\/gutscheine\\\/#primaryimage\",\"url\":\"https:\\\/\\\/loetschbergbern.ch\\\/wp-content\\\/uploads\\\/2024\\\/09\\\/Geschenkkarte.jpg\",\"contentUrl\":\"https:\\\/\\\/loetschbergbern.ch\\\/wp-content\\\/uploads\\\/2024\\\/09\\\/Geschenkkarte.jpg\"},{\"@type\":\"BreadcrumbList\",\"@id\":\"https:\\\/\\\/loetschbergbern.ch\\\/fr\\\/angebote\\\/gutscheine\\\/#breadcrumb\",\"itemListElement\":[{\"@type\":\"ListItem\",\"position\":1,\"name\":\"Home\",\"item\":\"https:\\\/\\\/loetschbergbern.ch\\\/fr\\\/\"},{\"@type\":\"ListItem\",\"position\":2,\"name\":\"Offres\",\"item\":\"https:\\\/\\\/loetschbergbern.ch\\\/fr\\\/angebote\\\/\"},{\"@type\":\"ListItem\",\"position\":3,\"name\":\"Carte cadeau\"}]},{\"@type\":\"WebSite\",\"@id\":\"https:\\\/\\\/loetschbergbern.ch\\\/#website\",\"url\":\"https:\\\/\\\/loetschbergbern.ch\\\/\",\"name\":\"Restaurant L\u00f6tschberg Bern\",\"description\":\"Schweizer Weine und AOP-IGP Produkte\",\"publisher\":{\"@id\":\"https:\\\/\\\/loetschbergbern.ch\\\/#organization\"},\"alternateName\":\"L\u00f6tschberg Bern\",\"potentialAction\":[{\"@type\":\"SearchAction\",\"target\":{\"@type\":\"EntryPoint\",\"urlTemplate\":\"https:\\\/\\\/loetschbergbern.ch\\\/?s={search_term_string}\"},\"query-input\":{\"@type\":\"PropertyValueSpecification\",\"valueRequired\":true,\"valueName\":\"search_term_string\"}}],\"inLanguage\":\"fr-FR\"},{\"@type\":\"Organization\",\"@id\":\"https:\\\/\\\/loetschbergbern.ch\\\/#organization\",\"name\":\"Restaurant L\u00f6tschberg Bern\",\"url\":\"https:\\\/\\\/loetschbergbern.ch\\\/\",\"logo\":{\"@type\":\"ImageObject\",\"inLanguage\":\"fr-FR\",\"@id\":\"https:\\\/\\\/loetschbergbern.ch\\\/#\\\/schema\\\/logo\\\/image\\\/\",\"url\":\"https:\\\/\\\/loetschbergbern.ch\\\/wp-content\\\/uploads\\\/2025\\\/10\\\/logo.png\",\"contentUrl\":\"https:\\\/\\\/loetschbergbern.ch\\\/wp-content\\\/uploads\\\/2025\\\/10\\\/logo.png\",\"width\":480,\"height\":103,\"caption\":\"Restaurant L\u00f6tschberg Bern\"},\"image\":{\"@id\":\"https:\\\/\\\/loetschbergbern.ch\\\/#\\\/schema\\\/logo\\\/image\\\/\"},\"sameAs\":[\"https:\\\/\\\/www.facebook.com\\\/Loetschberg\",\"https:\\\/\\\/www.instagram.com\\\/loetschbergbern\\\/\"]}]}<\/script>\n<!-- \/ Yoast SEO plugin. -->","yoast_head_json":{"title":"Carte cadeau - Restaurant L\u00f6tschberg Bern","robots":{"index":"index","follow":"follow","max-snippet":"max-snippet:-1","max-image-preview":"max-image-preview:large","max-video-preview":"max-video-preview:-1"},"canonical":"https:\/\/loetschbergbern.ch\/fr\/angebote\/gutscheine\/","og_locale":"fr_FR","og_type":"article","og_title":"Carte cadeau - Restaurant L\u00f6tschberg Bern","og_description":"Vous pouvez acheter des cartes cadeaux&nbsp;au&nbsp;montant de votre choix (CHF 25.\u2013 minimum) dans notre \u00e9tablissement pendant les horaires d\u2019ouverture. Commander une carte cadeau Si vous souhaitez recevoir la carte par courrier, veuillez remplir le formulaire ci-joint. Vous recevrez par e-mail une r\u00e9ponse g\u00e9n\u00e9r\u00e9e automatiquement confirmant votre commande. Vous y trouverez les coordonn\u00e9es bancaires pour effectuer un virement. Le jour suivant la r\u00e9ception du paiement, nous vous ferons parvenir la carte cadeau par pli recommand\u00e9 (plus 6.80 CHF de frais d&rsquo;envoi).","og_url":"https:\/\/loetschbergbern.ch\/fr\/angebote\/gutscheine\/","og_site_name":"Restaurant L\u00f6tschberg Bern","article_publisher":"https:\/\/www.facebook.com\/Loetschberg","article_modified_time":"2024-12-20T10:35:19+00:00","og_image":[{"width":422,"height":306,"url":"https:\/\/loetschbergbern.ch\/wp-content\/uploads\/2024\/09\/Geschenkkarte.jpg","type":"image\/jpeg"}],"twitter_card":"summary_large_image","schema":{"@context":"https:\/\/schema.org","@graph":[{"@type":"WebPage","@id":"https:\/\/loetschbergbern.ch\/fr\/angebote\/gutscheine\/","url":"https:\/\/loetschbergbern.ch\/fr\/angebote\/gutscheine\/","name":"Carte cadeau - Restaurant L\u00f6tschberg Bern","isPartOf":{"@id":"https:\/\/loetschbergbern.ch\/#website"},"primaryImageOfPage":{"@id":"https:\/\/loetschbergbern.ch\/fr\/angebote\/gutscheine\/#primaryimage"},"image":{"@id":"https:\/\/loetschbergbern.ch\/fr\/angebote\/gutscheine\/#primaryimage"},"thumbnailUrl":"https:\/\/loetschbergbern.ch\/wp-content\/uploads\/2024\/09\/Geschenkkarte.jpg","datePublished":"2024-07-17T10:45:11+00:00","dateModified":"2024-12-20T10:35:19+00:00","breadcrumb":{"@id":"https:\/\/loetschbergbern.ch\/fr\/angebote\/gutscheine\/#breadcrumb"},"inLanguage":"fr-FR","potentialAction":[{"@type":"ReadAction","target":["https:\/\/loetschbergbern.ch\/fr\/angebote\/gutscheine\/"]}]},{"@type":"ImageObject","inLanguage":"fr-FR","@id":"https:\/\/loetschbergbern.ch\/fr\/angebote\/gutscheine\/#primaryimage","url":"https:\/\/loetschbergbern.ch\/wp-content\/uploads\/2024\/09\/Geschenkkarte.jpg","contentUrl":"https:\/\/loetschbergbern.ch\/wp-content\/uploads\/2024\/09\/Geschenkkarte.jpg"},{"@type":"BreadcrumbList","@id":"https:\/\/loetschbergbern.ch\/fr\/angebote\/gutscheine\/#breadcrumb","itemListElement":[{"@type":"ListItem","position":1,"name":"Home","item":"https:\/\/loetschbergbern.ch\/fr\/"},{"@type":"ListItem","position":2,"name":"Offres","item":"https:\/\/loetschbergbern.ch\/fr\/angebote\/"},{"@type":"ListItem","position":3,"name":"Carte cadeau"}]},{"@type":"WebSite","@id":"https:\/\/loetschbergbern.ch\/#website","url":"https:\/\/loetschbergbern.ch\/","name":"Restaurant L\u00f6tschberg Bern","description":"Schweizer Weine und AOP-IGP Produkte","publisher":{"@id":"https:\/\/loetschbergbern.ch\/#organization"},"alternateName":"L\u00f6tschberg Bern","potentialAction":[{"@type":"SearchAction","target":{"@type":"EntryPoint","urlTemplate":"https:\/\/loetschbergbern.ch\/?s={search_term_string}"},"query-input":{"@type":"PropertyValueSpecification","valueRequired":true,"valueName":"search_term_string"}}],"inLanguage":"fr-FR"},{"@type":"Organization","@id":"https:\/\/loetschbergbern.ch\/#organization","name":"Restaurant L\u00f6tschberg Bern","url":"https:\/\/loetschbergbern.ch\/","logo":{"@type":"ImageObject","inLanguage":"fr-FR","@id":"https:\/\/loetschbergbern.ch\/#\/schema\/logo\/image\/","url":"https:\/\/loetschbergbern.ch\/wp-content\/uploads\/2025\/10\/logo.png","contentUrl":"https:\/\/loetschbergbern.ch\/wp-content\/uploads\/2025\/10\/logo.png","width":480,"height":103,"caption":"Restaurant L\u00f6tschberg Bern"},"image":{"@id":"https:\/\/loetschbergbern.ch\/#\/schema\/logo\/image\/"},"sameAs":["https:\/\/www.facebook.com\/Loetschberg","https:\/\/www.instagram.com\/loetschbergbern\/"]}]}},"_links":{"self":[{"href":"https:\/\/loetschbergbern.ch\/fr\/wp-json\/wp\/v2\/pages\/498","targetHints":{"allow":["GET"]}}],"collection":[{"href":"https:\/\/loetschbergbern.ch\/fr\/wp-json\/wp\/v2\/pages"}],"about":[{"href":"https:\/\/loetschbergbern.ch\/fr\/wp-json\/wp\/v2\/types\/page"}],"author":[{"embeddable":true,"href":"https:\/\/loetschbergbern.ch\/fr\/wp-json\/wp\/v2\/users\/1"}],"replies":[{"embeddable":true,"href":"https:\/\/loetschbergbern.ch\/fr\/wp-json\/wp\/v2\/comments?post=498"}],"version-history":[{"count":7,"href":"https:\/\/loetschbergbern.ch\/fr\/wp-json\/wp\/v2\/pages\/498\/revisions"}],"predecessor-version":[{"id":861,"href":"https:\/\/loetschbergbern.ch\/fr\/wp-json\/wp\/v2\/pages\/498\/revisions\/861"}],"up":[{"embeddable":true,"href":"https:\/\/loetschbergbern.ch\/fr\/wp-json\/wp\/v2\/pages\/506"}],"wp:attachment":[{"href":"https:\/\/loetschbergbern.ch\/fr\/wp-json\/wp\/v2\/media?parent=498"}],"curies":[{"name":"wp","href":"https:\/\/api.w.org\/{rel}","templated":true}]}}