{"id":494,"date":"2024-07-17T12:46:52","date_gmt":"2024-07-17T10:46:52","guid":{"rendered":"https:\/\/loetschbergbern.ch\/fondue-menue\/"},"modified":"2025-10-11T13:32:10","modified_gmt":"2025-10-11T11:32:10","slug":"fondue-menue","status":"publish","type":"page","link":"https:\/\/loetschbergbern.ch\/fr\/spezielle-angebote\/fondue-menue\/","title":{"rendered":"Menu Fondue"},"content":{"rendered":"\n<p class=\"unterstrich mb30\"><br><a href=\"https:\/\/loetschbergbern.ch\/fr\/spezielle-angebote\/\" data-type=\"page\" data-id=\"19\">&lt;&lt;&lt; retour \u00e0 l\u2019aper\u00e7u<\/a><span style=\"font-family: -webkit-standard; font-size: medium; white-space: normal;\"><\/span><\/p>\n\n\n\n<h1 class=\"wp-block-heading left\"><strong>MENU FONDUE<\/strong><\/h1>\n\n\n\n<p>Pour notre fondue, nous utilisons exclusivement&nbsp;des&nbsp;fromages&nbsp;certifi\u00e9s&nbsp;AOP. Profitez d\u2019un moment de d\u00e9tente autour d\u2019une d\u00e9licieuse fondue accompagn\u00e9e de salade, de viande s\u00e9ch\u00e9e et d\u2019un verre de vin blanc adapt\u00e9 \u2013 un v\u00e9ritable r\u00e9gal.<\/p>\n\n\n\n<p>Pour compl\u00e9ter id\u00e9alement notre fondue, vous avez le choix entre diff\u00e9rents suppl\u00e9ments :&nbsp;des pommes de terre vapeur, des cornichons et des&nbsp;petits&nbsp;oignons, ou des noix avec du jambon cru et de la viande s\u00e9ch\u00e9e. Faites de votre fondue un plat exceptionnel.<br><\/p>\n\n\n\n<p class=\"is-style-default\"><br><strong>\u00e0 partir de 2 personnes \/ 230g fromage par personne \/ prix par personne<\/strong><br>Petite salade m\u00eal\u00e9e, viande s\u00e9ch\u00e9e, fondue<\/p>\n\n\n\n<p class=\"is-style-default\"><strong>Moiti\u00e9-Moiti\u00e9<\/strong><br>Gruy\u00e8re AOP \u2013 Vacherin Fribourgeois AOP<br>p.P. 45.\u2013<\/p>\n\n\n\n<p class=\"is-style-default\"><strong>L\u00f6tschberg Fondue<br><\/strong>Avec du fromage affin\u00e9. Gruy\u00e8re AOP et Vacherin Fribourgeois AOP<br>p.P. 48.\u2013<\/p>\n\n\n\n<p class=\"is-style-default\"><strong>B\u00e4rner Fondue<\/strong><br>6 sortes de fromages, avec cidre<br>p.P. 47.\u2013<\/p>\n\n\n\n<p class=\"is-style-default\"><strong>Schaumwein Fondue<\/strong><br>Fondue \u00abMoiti\u00e9-Moiti\u00e9\u00bb avec vin mousseux de la Maison Mauler<br>p.P. 47.\u2013<\/p>\n\n\n\n<p class=\"is-style-default\"><strong>Wyssm\u00fcller Fondue \u00abAssemblage\u00bb<\/strong><br>Gruy\u00e8re AOP, Vacherin Fribourgeois AOP, Raclette de Valais AOP<br>p.P. 47.\u2013<\/p>\n\n\n\n<p class=\"is-style-default\"><strong>Wyssm\u00fcller Fondue \u00abTr\u00fcffel\u00bb<\/strong><br>Gruy\u00e8re AOP, Vacherin Fribourgeois AOP et truffes<br>p.P. 49.\u2013<\/p>\n\n\n\n<figure class=\"wp-block-image size-large\"><img loading=\"lazy\" decoding=\"async\" width=\"800\" height=\"534\" src=\"https:\/\/loetschbergbern.ch\/wp-content\/uploads\/2024\/08\/Fondue-Menu_2-800x534.jpg\" alt=\"Fondue-Menu 2\" class=\"wp-image-320\" srcset=\"https:\/\/loetschbergbern.ch\/wp-content\/uploads\/2024\/08\/Fondue-Menu_2-800x534.jpg 800w, https:\/\/loetschbergbern.ch\/wp-content\/uploads\/2024\/08\/Fondue-Menu_2-600x400.jpg 600w, https:\/\/loetschbergbern.ch\/wp-content\/uploads\/2024\/08\/Fondue-Menu_2-768x512.jpg 768w, https:\/\/loetschbergbern.ch\/wp-content\/uploads\/2024\/08\/Fondue-Menu_2-1536x1024.jpg 1536w, https:\/\/loetschbergbern.ch\/wp-content\/uploads\/2024\/08\/Fondue-Menu_2.jpg 1576w\" sizes=\"auto, (max-width: 800px) 100vw, 800px\" \/><\/figure>\n\n\n\n<div style=\"height:70px\" aria-hidden=\"true\" class=\"wp-block-spacer\"><\/div>\n\n\n\n<div class=\"wp-block-columns is-not-stacked-on-mobile unterstrich is-layout-flex wp-container-core-columns-is-layout-9d6595d7 wp-block-columns-is-layout-flex\">\n<div class=\"wp-block-column is-layout-flow wp-block-column-is-layout-flow\">\n<p>Autres offres<\/p>\n<\/div>\n\n\n\n<div class=\"wp-block-column is-layout-flow wp-block-column-is-layout-flow\">\n<p class=\"has-text-align-right\"><a href=\"https:\/\/loetschbergbern.ch\/fr\/spezielle-angebote\/\" data-type=\"page\" data-id=\"19\">afficher tout &gt;&gt;&gt;<\/a><\/p>\n<\/div>\n<\/div>\n\n\n\n<div class=\"wp-block-columns spez is-layout-flex wp-container-core-columns-is-layout-9d6595d7 wp-block-columns-is-layout-flex\">\n<div class=\"wp-block-column is-layout-flow wp-block-column-is-layout-flow\">\n<h3 class=\"wp-block-heading\">RACLETTE DU VALAIS AOP <\/h3>\n\n\n\n<figure class=\"wp-block-image size-large\"><a href=\"https:\/\/loetschbergbern.ch\/fr\/raclette-aop-valais\/\"><img loading=\"lazy\" decoding=\"async\" width=\"800\" height=\"505\" src=\"https:\/\/loetschbergbern.ch\/wp-content\/uploads\/2024\/07\/Raclette-800x505.jpg\" alt=\"Raclette\" class=\"wp-image-97\" srcset=\"https:\/\/loetschbergbern.ch\/wp-content\/uploads\/2024\/07\/Raclette-800x505.jpg 800w, https:\/\/loetschbergbern.ch\/wp-content\/uploads\/2024\/07\/Raclette-600x379.jpg 600w, https:\/\/loetschbergbern.ch\/wp-content\/uploads\/2024\/07\/Raclette-768x485.jpg 768w, https:\/\/loetschbergbern.ch\/wp-content\/uploads\/2024\/07\/Raclette.jpg 814w\" sizes=\"auto, (max-width: 800px) 100vw, 800px\" \/><\/a><\/figure>\n<\/div>\n\n\n\n<div class=\"wp-block-column is-layout-flow wp-block-column-is-layout-flow\">\n<h3 class=\"wp-block-heading\"><strong>PRODUITS AOP-IGP<\/strong><\/h3>\n\n\n\n<figure class=\"wp-block-image size-large\"><a href=\"https:\/\/loetschbergbern.ch\/fr\/aop-igp-produkte\/\"><img loading=\"lazy\" decoding=\"async\" width=\"800\" height=\"505\" src=\"https:\/\/loetschbergbern.ch\/wp-content\/uploads\/2024\/08\/Fleischplatte-800x505.jpg\" alt=\"Fleischplatte\" class=\"wp-image-121\" srcset=\"https:\/\/loetschbergbern.ch\/wp-content\/uploads\/2024\/08\/Fleischplatte-800x505.jpg 800w, https:\/\/loetschbergbern.ch\/wp-content\/uploads\/2024\/08\/Fleischplatte-600x379.jpg 600w, https:\/\/loetschbergbern.ch\/wp-content\/uploads\/2024\/08\/Fleischplatte-768x485.jpg 768w, https:\/\/loetschbergbern.ch\/wp-content\/uploads\/2024\/08\/Fleischplatte.jpg 814w\" sizes=\"auto, (max-width: 800px) 100vw, 800px\" \/><\/a><\/figure>\n<\/div>\n\n\n\n<div class=\"wp-block-column is-layout-flow wp-block-column-is-layout-flow\">\n<h3 class=\"wp-block-heading\"><strong>DEGUSTATIONS<\/strong><\/h3>\n\n\n\n<figure class=\"wp-block-image size-large\"><a href=\"https:\/\/loetschbergbern.ch\/fr\/degustationen\/\"><img loading=\"lazy\" decoding=\"async\" width=\"800\" height=\"505\" src=\"https:\/\/loetschbergbern.ch\/wp-content\/uploads\/2024\/07\/Degustationen-800x505.jpg\" alt=\"Degustationen\" class=\"wp-image-95\" srcset=\"https:\/\/loetschbergbern.ch\/wp-content\/uploads\/2024\/07\/Degustationen-800x505.jpg 800w, https:\/\/loetschbergbern.ch\/wp-content\/uploads\/2024\/07\/Degustationen-600x379.jpg 600w, https:\/\/loetschbergbern.ch\/wp-content\/uploads\/2024\/07\/Degustationen-768x485.jpg 768w, https:\/\/loetschbergbern.ch\/wp-content\/uploads\/2024\/07\/Degustationen.jpg 814w\" sizes=\"auto, (max-width: 800px) 100vw, 800px\" \/><\/a><\/figure>\n<\/div>\n<\/div>\n","protected":false},"excerpt":{"rendered":"&lt;&lt;&lt; retour \u00e0 l\u2019aper\u00e7u MENU FONDUE Pour notre fondue, nous utilisons exclusivement&nbsp;des&nbsp;fromages&nbsp;certifi\u00e9s&nbsp;AOP. Profitez d\u2019un moment de d\u00e9tente autour d\u2019une d\u00e9licieuse fondue accompagn\u00e9e de salade, de viande s\u00e9ch\u00e9e et d\u2019un verre de vin blanc adapt\u00e9 \u2013 un v\u00e9ritable r\u00e9gal. Pour compl\u00e9ter id\u00e9alement notre fondue, vous avez le choix entre diff\u00e9rents suppl\u00e9ments :&nbsp;des pommes de terre vapeur, des cornichons et des&nbsp;petits&nbsp;oignons, ou des noix avec du jambon cru et de la viande s\u00e9ch\u00e9e. Faites de votre fondue un plat exceptionnel. \u00e0 partir [&hellip;]","protected":false},"author":1,"featured_media":394,"parent":508,"menu_order":0,"comment_status":"closed","ping_status":"closed","template":"","meta":{"_acf_changed":false,"footnotes":""},"class_list":["post-494","page","type-page","status-publish","has-post-thumbnail","hentry"],"acf":[],"yoast_head":"<!-- This site is optimized with the Yoast SEO plugin v27.4 - https:\/\/yoast.com\/product\/yoast-seo-wordpress\/ -->\n<title>Menu Fondue - Restaurant L\u00f6tschberg Bern<\/title>\n<meta name=\"robots\" content=\"index, follow, max-snippet:-1, max-image-preview:large, max-video-preview:-1\" \/>\n<link rel=\"canonical\" href=\"https:\/\/loetschbergbern.ch\/fr\/spezielle-angebote\/fondue-menue\/\" \/>\n<meta property=\"og:locale\" content=\"fr_FR\" \/>\n<meta property=\"og:type\" content=\"article\" \/>\n<meta property=\"og:title\" content=\"Menu Fondue - Restaurant L\u00f6tschberg Bern\" \/>\n<meta property=\"og:description\" content=\"&lt;&lt;&lt; retour \u00e0 l\u2019aper\u00e7u MENU FONDUE Pour notre fondue, nous utilisons exclusivement&nbsp;des&nbsp;fromages&nbsp;certifi\u00e9s&nbsp;AOP. Profitez d\u2019un moment de d\u00e9tente autour d\u2019une d\u00e9licieuse fondue accompagn\u00e9e de salade, de viande s\u00e9ch\u00e9e et d\u2019un verre de vin blanc adapt\u00e9 \u2013 un v\u00e9ritable r\u00e9gal. Pour compl\u00e9ter id\u00e9alement notre fondue, vous avez le choix entre diff\u00e9rents suppl\u00e9ments :&nbsp;des pommes de terre vapeur, des cornichons et des&nbsp;petits&nbsp;oignons, ou des noix avec du jambon cru et de la viande s\u00e9ch\u00e9e. Faites de votre fondue un plat exceptionnel. \u00e0 partir [&hellip;]\" \/>\n<meta property=\"og:url\" content=\"https:\/\/loetschbergbern.ch\/fr\/spezielle-angebote\/fondue-menue\/\" \/>\n<meta property=\"og:site_name\" content=\"Restaurant L\u00f6tschberg Bern\" \/>\n<meta property=\"article:publisher\" content=\"https:\/\/www.facebook.com\/Loetschberg\" \/>\n<meta property=\"article:modified_time\" content=\"2025-10-11T11:32:10+00:00\" \/>\n<meta property=\"og:image\" content=\"https:\/\/loetschbergbern.ch\/wp-content\/uploads\/2024\/07\/Fondue-Menu.jpg\" \/>\n\t<meta property=\"og:image:width\" content=\"814\" \/>\n\t<meta property=\"og:image:height\" content=\"514\" \/>\n\t<meta property=\"og:image:type\" content=\"image\/jpeg\" \/>\n<meta name=\"twitter:card\" content=\"summary_large_image\" \/>\n<meta name=\"twitter:label1\" content=\"Dur\u00e9e de lecture estim\u00e9e\" \/>\n\t<meta name=\"twitter:data1\" content=\"1 minute\" \/>\n<script type=\"application\/ld+json\" class=\"yoast-schema-graph\">{\"@context\":\"https:\\\/\\\/schema.org\",\"@graph\":[{\"@type\":\"WebPage\",\"@id\":\"https:\\\/\\\/loetschbergbern.ch\\\/fr\\\/spezielle-angebote\\\/fondue-menue\\\/\",\"url\":\"https:\\\/\\\/loetschbergbern.ch\\\/fr\\\/spezielle-angebote\\\/fondue-menue\\\/\",\"name\":\"Menu Fondue - Restaurant L\u00f6tschberg Bern\",\"isPartOf\":{\"@id\":\"https:\\\/\\\/loetschbergbern.ch\\\/#website\"},\"primaryImageOfPage\":{\"@id\":\"https:\\\/\\\/loetschbergbern.ch\\\/fr\\\/spezielle-angebote\\\/fondue-menue\\\/#primaryimage\"},\"image\":{\"@id\":\"https:\\\/\\\/loetschbergbern.ch\\\/fr\\\/spezielle-angebote\\\/fondue-menue\\\/#primaryimage\"},\"thumbnailUrl\":\"https:\\\/\\\/loetschbergbern.ch\\\/wp-content\\\/uploads\\\/2024\\\/07\\\/Fondue-Menu.jpg\",\"datePublished\":\"2024-07-17T10:46:52+00:00\",\"dateModified\":\"2025-10-11T11:32:10+00:00\",\"breadcrumb\":{\"@id\":\"https:\\\/\\\/loetschbergbern.ch\\\/fr\\\/spezielle-angebote\\\/fondue-menue\\\/#breadcrumb\"},\"inLanguage\":\"fr-FR\",\"potentialAction\":[{\"@type\":\"ReadAction\",\"target\":[\"https:\\\/\\\/loetschbergbern.ch\\\/fr\\\/spezielle-angebote\\\/fondue-menue\\\/\"]}]},{\"@type\":\"ImageObject\",\"inLanguage\":\"fr-FR\",\"@id\":\"https:\\\/\\\/loetschbergbern.ch\\\/fr\\\/spezielle-angebote\\\/fondue-menue\\\/#primaryimage\",\"url\":\"https:\\\/\\\/loetschbergbern.ch\\\/wp-content\\\/uploads\\\/2024\\\/07\\\/Fondue-Menu.jpg\",\"contentUrl\":\"https:\\\/\\\/loetschbergbern.ch\\\/wp-content\\\/uploads\\\/2024\\\/07\\\/Fondue-Menu.jpg\",\"width\":814,\"height\":514,\"caption\":\"Fondue\"},{\"@type\":\"BreadcrumbList\",\"@id\":\"https:\\\/\\\/loetschbergbern.ch\\\/fr\\\/spezielle-angebote\\\/fondue-menue\\\/#breadcrumb\",\"itemListElement\":[{\"@type\":\"ListItem\",\"position\":1,\"name\":\"Home\",\"item\":\"https:\\\/\\\/loetschbergbern.ch\\\/fr\\\/\"},{\"@type\":\"ListItem\",\"position\":2,\"name\":\"Offres sp\u00e9ciales\",\"item\":\"https:\\\/\\\/loetschbergbern.ch\\\/fr\\\/spezielle-angebote\\\/\"},{\"@type\":\"ListItem\",\"position\":3,\"name\":\"Menu Fondue\"}]},{\"@type\":\"WebSite\",\"@id\":\"https:\\\/\\\/loetschbergbern.ch\\\/#website\",\"url\":\"https:\\\/\\\/loetschbergbern.ch\\\/\",\"name\":\"Restaurant L\u00f6tschberg Bern\",\"description\":\"Schweizer Weine und AOP-IGP Produkte\",\"publisher\":{\"@id\":\"https:\\\/\\\/loetschbergbern.ch\\\/#organization\"},\"alternateName\":\"L\u00f6tschberg Bern\",\"potentialAction\":[{\"@type\":\"SearchAction\",\"target\":{\"@type\":\"EntryPoint\",\"urlTemplate\":\"https:\\\/\\\/loetschbergbern.ch\\\/?s={search_term_string}\"},\"query-input\":{\"@type\":\"PropertyValueSpecification\",\"valueRequired\":true,\"valueName\":\"search_term_string\"}}],\"inLanguage\":\"fr-FR\"},{\"@type\":\"Organization\",\"@id\":\"https:\\\/\\\/loetschbergbern.ch\\\/#organization\",\"name\":\"Restaurant L\u00f6tschberg Bern\",\"url\":\"https:\\\/\\\/loetschbergbern.ch\\\/\",\"logo\":{\"@type\":\"ImageObject\",\"inLanguage\":\"fr-FR\",\"@id\":\"https:\\\/\\\/loetschbergbern.ch\\\/#\\\/schema\\\/logo\\\/image\\\/\",\"url\":\"https:\\\/\\\/loetschbergbern.ch\\\/wp-content\\\/uploads\\\/2025\\\/10\\\/logo.png\",\"contentUrl\":\"https:\\\/\\\/loetschbergbern.ch\\\/wp-content\\\/uploads\\\/2025\\\/10\\\/logo.png\",\"width\":480,\"height\":103,\"caption\":\"Restaurant L\u00f6tschberg Bern\"},\"image\":{\"@id\":\"https:\\\/\\\/loetschbergbern.ch\\\/#\\\/schema\\\/logo\\\/image\\\/\"},\"sameAs\":[\"https:\\\/\\\/www.facebook.com\\\/Loetschberg\",\"https:\\\/\\\/www.instagram.com\\\/loetschbergbern\\\/\"]}]}<\/script>\n<!-- \/ Yoast SEO plugin. -->","yoast_head_json":{"title":"Menu Fondue - Restaurant L\u00f6tschberg Bern","robots":{"index":"index","follow":"follow","max-snippet":"max-snippet:-1","max-image-preview":"max-image-preview:large","max-video-preview":"max-video-preview:-1"},"canonical":"https:\/\/loetschbergbern.ch\/fr\/spezielle-angebote\/fondue-menue\/","og_locale":"fr_FR","og_type":"article","og_title":"Menu Fondue - Restaurant L\u00f6tschberg Bern","og_description":"&lt;&lt;&lt; retour \u00e0 l\u2019aper\u00e7u MENU FONDUE Pour notre fondue, nous utilisons exclusivement&nbsp;des&nbsp;fromages&nbsp;certifi\u00e9s&nbsp;AOP. Profitez d\u2019un moment de d\u00e9tente autour d\u2019une d\u00e9licieuse fondue accompagn\u00e9e de salade, de viande s\u00e9ch\u00e9e et d\u2019un verre de vin blanc adapt\u00e9 \u2013 un v\u00e9ritable r\u00e9gal. Pour compl\u00e9ter id\u00e9alement notre fondue, vous avez le choix entre diff\u00e9rents suppl\u00e9ments :&nbsp;des pommes de terre vapeur, des cornichons et des&nbsp;petits&nbsp;oignons, ou des noix avec du jambon cru et de la viande s\u00e9ch\u00e9e. Faites de votre fondue un plat exceptionnel. \u00e0 partir [&hellip;]","og_url":"https:\/\/loetschbergbern.ch\/fr\/spezielle-angebote\/fondue-menue\/","og_site_name":"Restaurant L\u00f6tschberg Bern","article_publisher":"https:\/\/www.facebook.com\/Loetschberg","article_modified_time":"2025-10-11T11:32:10+00:00","og_image":[{"width":814,"height":514,"url":"https:\/\/loetschbergbern.ch\/wp-content\/uploads\/2024\/07\/Fondue-Menu.jpg","type":"image\/jpeg"}],"twitter_card":"summary_large_image","twitter_misc":{"Dur\u00e9e de lecture estim\u00e9e":"1 minute"},"schema":{"@context":"https:\/\/schema.org","@graph":[{"@type":"WebPage","@id":"https:\/\/loetschbergbern.ch\/fr\/spezielle-angebote\/fondue-menue\/","url":"https:\/\/loetschbergbern.ch\/fr\/spezielle-angebote\/fondue-menue\/","name":"Menu Fondue - Restaurant L\u00f6tschberg Bern","isPartOf":{"@id":"https:\/\/loetschbergbern.ch\/#website"},"primaryImageOfPage":{"@id":"https:\/\/loetschbergbern.ch\/fr\/spezielle-angebote\/fondue-menue\/#primaryimage"},"image":{"@id":"https:\/\/loetschbergbern.ch\/fr\/spezielle-angebote\/fondue-menue\/#primaryimage"},"thumbnailUrl":"https:\/\/loetschbergbern.ch\/wp-content\/uploads\/2024\/07\/Fondue-Menu.jpg","datePublished":"2024-07-17T10:46:52+00:00","dateModified":"2025-10-11T11:32:10+00:00","breadcrumb":{"@id":"https:\/\/loetschbergbern.ch\/fr\/spezielle-angebote\/fondue-menue\/#breadcrumb"},"inLanguage":"fr-FR","potentialAction":[{"@type":"ReadAction","target":["https:\/\/loetschbergbern.ch\/fr\/spezielle-angebote\/fondue-menue\/"]}]},{"@type":"ImageObject","inLanguage":"fr-FR","@id":"https:\/\/loetschbergbern.ch\/fr\/spezielle-angebote\/fondue-menue\/#primaryimage","url":"https:\/\/loetschbergbern.ch\/wp-content\/uploads\/2024\/07\/Fondue-Menu.jpg","contentUrl":"https:\/\/loetschbergbern.ch\/wp-content\/uploads\/2024\/07\/Fondue-Menu.jpg","width":814,"height":514,"caption":"Fondue"},{"@type":"BreadcrumbList","@id":"https:\/\/loetschbergbern.ch\/fr\/spezielle-angebote\/fondue-menue\/#breadcrumb","itemListElement":[{"@type":"ListItem","position":1,"name":"Home","item":"https:\/\/loetschbergbern.ch\/fr\/"},{"@type":"ListItem","position":2,"name":"Offres sp\u00e9ciales","item":"https:\/\/loetschbergbern.ch\/fr\/spezielle-angebote\/"},{"@type":"ListItem","position":3,"name":"Menu Fondue"}]},{"@type":"WebSite","@id":"https:\/\/loetschbergbern.ch\/#website","url":"https:\/\/loetschbergbern.ch\/","name":"Restaurant L\u00f6tschberg Bern","description":"Schweizer Weine und AOP-IGP Produkte","publisher":{"@id":"https:\/\/loetschbergbern.ch\/#organization"},"alternateName":"L\u00f6tschberg Bern","potentialAction":[{"@type":"SearchAction","target":{"@type":"EntryPoint","urlTemplate":"https:\/\/loetschbergbern.ch\/?s={search_term_string}"},"query-input":{"@type":"PropertyValueSpecification","valueRequired":true,"valueName":"search_term_string"}}],"inLanguage":"fr-FR"},{"@type":"Organization","@id":"https:\/\/loetschbergbern.ch\/#organization","name":"Restaurant L\u00f6tschberg Bern","url":"https:\/\/loetschbergbern.ch\/","logo":{"@type":"ImageObject","inLanguage":"fr-FR","@id":"https:\/\/loetschbergbern.ch\/#\/schema\/logo\/image\/","url":"https:\/\/loetschbergbern.ch\/wp-content\/uploads\/2025\/10\/logo.png","contentUrl":"https:\/\/loetschbergbern.ch\/wp-content\/uploads\/2025\/10\/logo.png","width":480,"height":103,"caption":"Restaurant L\u00f6tschberg Bern"},"image":{"@id":"https:\/\/loetschbergbern.ch\/#\/schema\/logo\/image\/"},"sameAs":["https:\/\/www.facebook.com\/Loetschberg","https:\/\/www.instagram.com\/loetschbergbern\/"]}]}},"_links":{"self":[{"href":"https:\/\/loetschbergbern.ch\/fr\/wp-json\/wp\/v2\/pages\/494","targetHints":{"allow":["GET"]}}],"collection":[{"href":"https:\/\/loetschbergbern.ch\/fr\/wp-json\/wp\/v2\/pages"}],"about":[{"href":"https:\/\/loetschbergbern.ch\/fr\/wp-json\/wp\/v2\/types\/page"}],"author":[{"embeddable":true,"href":"https:\/\/loetschbergbern.ch\/fr\/wp-json\/wp\/v2\/users\/1"}],"replies":[{"embeddable":true,"href":"https:\/\/loetschbergbern.ch\/fr\/wp-json\/wp\/v2\/comments?post=494"}],"version-history":[{"count":8,"href":"https:\/\/loetschbergbern.ch\/fr\/wp-json\/wp\/v2\/pages\/494\/revisions"}],"predecessor-version":[{"id":971,"href":"https:\/\/loetschbergbern.ch\/fr\/wp-json\/wp\/v2\/pages\/494\/revisions\/971"}],"up":[{"embeddable":true,"href":"https:\/\/loetschbergbern.ch\/fr\/wp-json\/wp\/v2\/pages\/508"}],"wp:featuredmedia":[{"embeddable":true,"href":"https:\/\/loetschbergbern.ch\/fr\/wp-json\/wp\/v2\/media\/394"}],"wp:attachment":[{"href":"https:\/\/loetschbergbern.ch\/fr\/wp-json\/wp\/v2\/media?parent=494"}],"curies":[{"name":"wp","href":"https:\/\/api.w.org\/{rel}","templated":true}]}}