{"id":492,"date":"2024-07-17T12:46:52","date_gmt":"2024-07-17T10:46:52","guid":{"rendered":"https:\/\/loetschbergbern.ch\/wein-offenausschank\/"},"modified":"2025-06-08T15:52:27","modified_gmt":"2025-06-08T13:52:27","slug":"wein-offenausschank","status":"publish","type":"page","link":"https:\/\/loetschbergbern.ch\/fr\/spezielle-angebote\/wein-offenausschank\/","title":{"rendered":"Vins au verre"},"content":{"rendered":"\n<p class=\"unterstrich mb30\"><br><a href=\"https:\/\/loetschbergbern.ch\/fr\/spezielle-angebote\/\" data-type=\"page\" data-id=\"19\">&lt;&lt;&lt; retour \u00e0 l\u2019aper\u00e7u<\/a><span style=\"font-family: -webkit-standard; font-size: medium; white-space: normal;\"><\/span><\/p>\n\n\n\n<h1 class=\"wp-block-heading left\"><strong>VINS AU VERRE<\/strong><\/h1>\n\n\n\n<p>Si vous aimez tester la nouveaut\u00e9, si vous ne voulez pas boire une bouteille enti\u00e8re ou tout simplement pour d\u00e9guster, le vin au verre est la solution id\u00e9ale. Bien entendu, tous nos vins au verre ont une qualit\u00e9 comparable \u00e0 celle du vin en bouteille&nbsp;et sont \u00e9galement disponibles en bouteille.<\/p>\n\n\n\n<p><strong>Vin blanc:<\/strong><br><strong>Petite Arvine<\/strong> <strong>Aphrodine,<\/strong> Albert Mathier VS<br><strong>Pinot Blanc AOC,<\/strong> Albert Mathier VS<br><strong>D\u00e9zaley Grand Cru Hautcr\u00eat,<\/strong> Dubois fils VD<br><strong>Heida,<\/strong> Imesch VS<\/p>\n\n\n\n<p><strong>Vin Rouge:<\/strong><br><strong>Salconio Ass., <\/strong>Albert Mathier VS<br><strong>Syrah,<\/strong> Albert Mathier VS<br><strong>Pinot Noir St-Saphorin Grand Cuv\u00e9e,<\/strong> Dubois fils VD<br><strong>Humagne Rouge,<\/strong> Imesch VS<br><br><\/p>\n\n\n\n<figure class=\"wp-block-image size-large is-resized\"><img loading=\"lazy\" decoding=\"async\" width=\"800\" height=\"534\" src=\"https:\/\/loetschbergbern.ch\/wp-content\/uploads\/2024\/08\/glass-tower.JPG-800x534.jpg\" alt=\"glass-tower.JPG\" class=\"wp-image-169\" style=\"width:840px;height:auto\" srcset=\"https:\/\/loetschbergbern.ch\/wp-content\/uploads\/2024\/08\/glass-tower.JPG-800x534.jpg 800w, https:\/\/loetschbergbern.ch\/wp-content\/uploads\/2024\/08\/glass-tower.JPG-600x400.jpg 600w, https:\/\/loetschbergbern.ch\/wp-content\/uploads\/2024\/08\/glass-tower.JPG-768x512.jpg 768w, https:\/\/loetschbergbern.ch\/wp-content\/uploads\/2024\/08\/glass-tower.JPG.jpg 1024w\" sizes=\"auto, (max-width: 800px) 100vw, 800px\" \/><\/figure>\n\n\n\n<div style=\"height:70px\" aria-hidden=\"true\" class=\"wp-block-spacer\"><\/div>\n\n\n\n<div class=\"wp-block-columns is-not-stacked-on-mobile unterstrich is-layout-flex wp-container-core-columns-is-layout-9d6595d7 wp-block-columns-is-layout-flex\">\n<div class=\"wp-block-column is-layout-flow wp-block-column-is-layout-flow\">\n<p>autres offres<\/p>\n<\/div>\n\n\n\n<div class=\"wp-block-column is-layout-flow wp-block-column-is-layout-flow\">\n<p class=\"has-text-align-right\"><a href=\"https:\/\/loetschbergbern.ch\/fr\/spezielle-angebote\/\" data-type=\"page\" data-id=\"19\">afficher tout &gt;&gt;&gt;<\/a><\/p>\n<\/div>\n<\/div>\n\n\n\n<div class=\"wp-block-columns spez is-layout-flex wp-container-core-columns-is-layout-9d6595d7 wp-block-columns-is-layout-flex\">\n<div class=\"wp-block-column is-layout-flow wp-block-column-is-layout-flow\">\n<h3 class=\"wp-block-heading\">RACLETTE DU VALAIS AOP <\/h3>\n\n\n\n<figure class=\"wp-block-image size-large\"><a href=\"https:\/\/loetschbergbern.ch\/fr\/raclette-aop-valais\/\"><img loading=\"lazy\" decoding=\"async\" width=\"800\" height=\"505\" src=\"https:\/\/loetschbergbern.ch\/wp-content\/uploads\/2024\/07\/Raclette-800x505.jpg\" alt=\"Raclette\" class=\"wp-image-97\" srcset=\"https:\/\/loetschbergbern.ch\/wp-content\/uploads\/2024\/07\/Raclette-800x505.jpg 800w, https:\/\/loetschbergbern.ch\/wp-content\/uploads\/2024\/07\/Raclette-600x379.jpg 600w, https:\/\/loetschbergbern.ch\/wp-content\/uploads\/2024\/07\/Raclette-768x485.jpg 768w, https:\/\/loetschbergbern.ch\/wp-content\/uploads\/2024\/07\/Raclette.jpg 814w\" sizes=\"auto, (max-width: 800px) 100vw, 800px\" \/><\/a><\/figure>\n<\/div>\n\n\n\n<div class=\"wp-block-column is-layout-flow wp-block-column-is-layout-flow\">\n<h3 class=\"wp-block-heading\">PRODUITS AOP-IGP<\/h3>\n\n\n\n<figure class=\"wp-block-image size-large\"><a href=\"https:\/\/loetschbergbern.ch\/fr\/aop-igp-produkte\/\"><img loading=\"lazy\" decoding=\"async\" width=\"800\" height=\"505\" src=\"https:\/\/loetschbergbern.ch\/wp-content\/uploads\/2024\/08\/Fleischplatte-800x505.jpg\" alt=\"Fleischplatte\" class=\"wp-image-121\" srcset=\"https:\/\/loetschbergbern.ch\/wp-content\/uploads\/2024\/08\/Fleischplatte-800x505.jpg 800w, https:\/\/loetschbergbern.ch\/wp-content\/uploads\/2024\/08\/Fleischplatte-600x379.jpg 600w, https:\/\/loetschbergbern.ch\/wp-content\/uploads\/2024\/08\/Fleischplatte-768x485.jpg 768w, https:\/\/loetschbergbern.ch\/wp-content\/uploads\/2024\/08\/Fleischplatte.jpg 814w\" sizes=\"auto, (max-width: 800px) 100vw, 800px\" \/><\/a><\/figure>\n<\/div>\n\n\n\n<div class=\"wp-block-column is-layout-flow wp-block-column-is-layout-flow\">\n<h3 class=\"wp-block-heading\">DEGUSTATIONS<\/h3>\n\n\n\n<figure class=\"wp-block-image size-large\"><a href=\"https:\/\/loetschbergbern.ch\/fr\/degustationen\/\"><img loading=\"lazy\" decoding=\"async\" width=\"800\" height=\"505\" src=\"https:\/\/loetschbergbern.ch\/wp-content\/uploads\/2024\/07\/Degustationen-800x505.jpg\" alt=\"Degustationen\" class=\"wp-image-95\" srcset=\"https:\/\/loetschbergbern.ch\/wp-content\/uploads\/2024\/07\/Degustationen-800x505.jpg 800w, https:\/\/loetschbergbern.ch\/wp-content\/uploads\/2024\/07\/Degustationen-600x379.jpg 600w, https:\/\/loetschbergbern.ch\/wp-content\/uploads\/2024\/07\/Degustationen-768x485.jpg 768w, https:\/\/loetschbergbern.ch\/wp-content\/uploads\/2024\/07\/Degustationen.jpg 814w\" sizes=\"auto, (max-width: 800px) 100vw, 800px\" \/><\/a><\/figure>\n<\/div>\n<\/div>\n","protected":false},"excerpt":{"rendered":"&lt;&lt;&lt; retour \u00e0 l\u2019aper\u00e7u VINS AU VERRE Si vous aimez tester la nouveaut\u00e9, si vous ne voulez pas boire une bouteille enti\u00e8re ou tout simplement pour d\u00e9guster, le vin au verre est la solution id\u00e9ale. Bien entendu, tous nos vins au verre ont une qualit\u00e9 comparable \u00e0 celle du vin en bouteille&nbsp;et sont \u00e9galement disponibles en bouteille. Vin blanc:Petite Arvine Aphrodine, Albert Mathier VSPinot Blanc AOC, Albert Mathier VSD\u00e9zaley Grand Cru Hautcr\u00eat, Dubois fils VDHeida, Imesch VS Vin Rouge:Salconio Ass., [&hellip;]","protected":false},"author":1,"featured_media":0,"parent":508,"menu_order":1,"comment_status":"closed","ping_status":"closed","template":"","meta":{"_acf_changed":false,"footnotes":""},"class_list":["post-492","page","type-page","status-publish","hentry"],"acf":[],"yoast_head":"<!-- This site is optimized with the Yoast SEO plugin v27.5 - https:\/\/yoast.com\/product\/yoast-seo-wordpress\/ -->\n<title>Vins au verre - Restaurant L\u00f6tschberg Bern<\/title>\n<meta name=\"robots\" content=\"index, follow, max-snippet:-1, max-image-preview:large, max-video-preview:-1\" \/>\n<link rel=\"canonical\" href=\"https:\/\/loetschbergbern.ch\/fr\/spezielle-angebote\/wein-offenausschank\/\" \/>\n<meta property=\"og:locale\" content=\"fr_FR\" \/>\n<meta property=\"og:type\" content=\"article\" \/>\n<meta property=\"og:title\" content=\"Vins au verre - Restaurant L\u00f6tschberg Bern\" \/>\n<meta property=\"og:description\" content=\"&lt;&lt;&lt; retour \u00e0 l\u2019aper\u00e7u VINS AU VERRE Si vous aimez tester la nouveaut\u00e9, si vous ne voulez pas boire une bouteille enti\u00e8re ou tout simplement pour d\u00e9guster, le vin au verre est la solution id\u00e9ale. Bien entendu, tous nos vins au verre ont une qualit\u00e9 comparable \u00e0 celle du vin en bouteille&nbsp;et sont \u00e9galement disponibles en bouteille. Vin blanc:Petite Arvine Aphrodine, Albert Mathier VSPinot Blanc AOC, Albert Mathier VSD\u00e9zaley Grand Cru Hautcr\u00eat, Dubois fils VDHeida, Imesch VS Vin Rouge:Salconio Ass., [&hellip;]\" \/>\n<meta property=\"og:url\" content=\"https:\/\/loetschbergbern.ch\/fr\/spezielle-angebote\/wein-offenausschank\/\" \/>\n<meta property=\"og:site_name\" content=\"Restaurant L\u00f6tschberg Bern\" \/>\n<meta property=\"article:publisher\" content=\"https:\/\/www.facebook.com\/Loetschberg\" \/>\n<meta property=\"article:modified_time\" content=\"2025-06-08T13:52:27+00:00\" \/>\n<meta property=\"og:image\" content=\"https:\/\/loetschbergbern.ch\/wp-content\/uploads\/2024\/08\/glass-tower.JPG.jpg\" \/>\n\t<meta property=\"og:image:width\" content=\"1024\" \/>\n\t<meta property=\"og:image:height\" content=\"683\" \/>\n\t<meta property=\"og:image:type\" content=\"image\/jpeg\" \/>\n<meta name=\"twitter:card\" content=\"summary_large_image\" \/>\n<meta name=\"twitter:label1\" content=\"Dur\u00e9e de lecture estim\u00e9e\" \/>\n\t<meta name=\"twitter:data1\" content=\"1 minute\" \/>\n<script type=\"application\/ld+json\" class=\"yoast-schema-graph\">{\"@context\":\"https:\\\/\\\/schema.org\",\"@graph\":[{\"@type\":\"WebPage\",\"@id\":\"https:\\\/\\\/loetschbergbern.ch\\\/fr\\\/spezielle-angebote\\\/wein-offenausschank\\\/\",\"url\":\"https:\\\/\\\/loetschbergbern.ch\\\/fr\\\/spezielle-angebote\\\/wein-offenausschank\\\/\",\"name\":\"Vins au verre - Restaurant L\u00f6tschberg Bern\",\"isPartOf\":{\"@id\":\"https:\\\/\\\/loetschbergbern.ch\\\/#website\"},\"primaryImageOfPage\":{\"@id\":\"https:\\\/\\\/loetschbergbern.ch\\\/fr\\\/spezielle-angebote\\\/wein-offenausschank\\\/#primaryimage\"},\"image\":{\"@id\":\"https:\\\/\\\/loetschbergbern.ch\\\/fr\\\/spezielle-angebote\\\/wein-offenausschank\\\/#primaryimage\"},\"thumbnailUrl\":\"https:\\\/\\\/loetschbergbern.ch\\\/wp-content\\\/uploads\\\/2024\\\/08\\\/glass-tower.JPG-800x534.jpg\",\"datePublished\":\"2024-07-17T10:46:52+00:00\",\"dateModified\":\"2025-06-08T13:52:27+00:00\",\"breadcrumb\":{\"@id\":\"https:\\\/\\\/loetschbergbern.ch\\\/fr\\\/spezielle-angebote\\\/wein-offenausschank\\\/#breadcrumb\"},\"inLanguage\":\"fr-FR\",\"potentialAction\":[{\"@type\":\"ReadAction\",\"target\":[\"https:\\\/\\\/loetschbergbern.ch\\\/fr\\\/spezielle-angebote\\\/wein-offenausschank\\\/\"]}]},{\"@type\":\"ImageObject\",\"inLanguage\":\"fr-FR\",\"@id\":\"https:\\\/\\\/loetschbergbern.ch\\\/fr\\\/spezielle-angebote\\\/wein-offenausschank\\\/#primaryimage\",\"url\":\"https:\\\/\\\/loetschbergbern.ch\\\/wp-content\\\/uploads\\\/2024\\\/08\\\/glass-tower.JPG-800x534.jpg\",\"contentUrl\":\"https:\\\/\\\/loetschbergbern.ch\\\/wp-content\\\/uploads\\\/2024\\\/08\\\/glass-tower.JPG-800x534.jpg\"},{\"@type\":\"BreadcrumbList\",\"@id\":\"https:\\\/\\\/loetschbergbern.ch\\\/fr\\\/spezielle-angebote\\\/wein-offenausschank\\\/#breadcrumb\",\"itemListElement\":[{\"@type\":\"ListItem\",\"position\":1,\"name\":\"Home\",\"item\":\"https:\\\/\\\/loetschbergbern.ch\\\/fr\\\/\"},{\"@type\":\"ListItem\",\"position\":2,\"name\":\"Offres sp\u00e9ciales\",\"item\":\"https:\\\/\\\/loetschbergbern.ch\\\/fr\\\/spezielle-angebote\\\/\"},{\"@type\":\"ListItem\",\"position\":3,\"name\":\"Vins au verre\"}]},{\"@type\":\"WebSite\",\"@id\":\"https:\\\/\\\/loetschbergbern.ch\\\/#website\",\"url\":\"https:\\\/\\\/loetschbergbern.ch\\\/\",\"name\":\"Restaurant L\u00f6tschberg Bern\",\"description\":\"Schweizer Weine und AOP-IGP Produkte\",\"publisher\":{\"@id\":\"https:\\\/\\\/loetschbergbern.ch\\\/#organization\"},\"alternateName\":\"L\u00f6tschberg Bern\",\"potentialAction\":[{\"@type\":\"SearchAction\",\"target\":{\"@type\":\"EntryPoint\",\"urlTemplate\":\"https:\\\/\\\/loetschbergbern.ch\\\/?s={search_term_string}\"},\"query-input\":{\"@type\":\"PropertyValueSpecification\",\"valueRequired\":true,\"valueName\":\"search_term_string\"}}],\"inLanguage\":\"fr-FR\"},{\"@type\":\"Organization\",\"@id\":\"https:\\\/\\\/loetschbergbern.ch\\\/#organization\",\"name\":\"Restaurant L\u00f6tschberg Bern\",\"url\":\"https:\\\/\\\/loetschbergbern.ch\\\/\",\"logo\":{\"@type\":\"ImageObject\",\"inLanguage\":\"fr-FR\",\"@id\":\"https:\\\/\\\/loetschbergbern.ch\\\/#\\\/schema\\\/logo\\\/image\\\/\",\"url\":\"https:\\\/\\\/loetschbergbern.ch\\\/wp-content\\\/uploads\\\/2025\\\/10\\\/logo.png\",\"contentUrl\":\"https:\\\/\\\/loetschbergbern.ch\\\/wp-content\\\/uploads\\\/2025\\\/10\\\/logo.png\",\"width\":480,\"height\":103,\"caption\":\"Restaurant L\u00f6tschberg Bern\"},\"image\":{\"@id\":\"https:\\\/\\\/loetschbergbern.ch\\\/#\\\/schema\\\/logo\\\/image\\\/\"},\"sameAs\":[\"https:\\\/\\\/www.facebook.com\\\/Loetschberg\",\"https:\\\/\\\/www.instagram.com\\\/loetschbergbern\\\/\"]}]}<\/script>\n<!-- \/ Yoast SEO plugin. -->","yoast_head_json":{"title":"Vins au verre - Restaurant L\u00f6tschberg Bern","robots":{"index":"index","follow":"follow","max-snippet":"max-snippet:-1","max-image-preview":"max-image-preview:large","max-video-preview":"max-video-preview:-1"},"canonical":"https:\/\/loetschbergbern.ch\/fr\/spezielle-angebote\/wein-offenausschank\/","og_locale":"fr_FR","og_type":"article","og_title":"Vins au verre - Restaurant L\u00f6tschberg Bern","og_description":"&lt;&lt;&lt; retour \u00e0 l\u2019aper\u00e7u VINS AU VERRE Si vous aimez tester la nouveaut\u00e9, si vous ne voulez pas boire une bouteille enti\u00e8re ou tout simplement pour d\u00e9guster, le vin au verre est la solution id\u00e9ale. Bien entendu, tous nos vins au verre ont une qualit\u00e9 comparable \u00e0 celle du vin en bouteille&nbsp;et sont \u00e9galement disponibles en bouteille. Vin blanc:Petite Arvine Aphrodine, Albert Mathier VSPinot Blanc AOC, Albert Mathier VSD\u00e9zaley Grand Cru Hautcr\u00eat, Dubois fils VDHeida, Imesch VS Vin Rouge:Salconio Ass., [&hellip;]","og_url":"https:\/\/loetschbergbern.ch\/fr\/spezielle-angebote\/wein-offenausschank\/","og_site_name":"Restaurant L\u00f6tschberg Bern","article_publisher":"https:\/\/www.facebook.com\/Loetschberg","article_modified_time":"2025-06-08T13:52:27+00:00","og_image":[{"width":1024,"height":683,"url":"https:\/\/loetschbergbern.ch\/wp-content\/uploads\/2024\/08\/glass-tower.JPG.jpg","type":"image\/jpeg"}],"twitter_card":"summary_large_image","twitter_misc":{"Dur\u00e9e de lecture estim\u00e9e":"1 minute"},"schema":{"@context":"https:\/\/schema.org","@graph":[{"@type":"WebPage","@id":"https:\/\/loetschbergbern.ch\/fr\/spezielle-angebote\/wein-offenausschank\/","url":"https:\/\/loetschbergbern.ch\/fr\/spezielle-angebote\/wein-offenausschank\/","name":"Vins au verre - Restaurant L\u00f6tschberg Bern","isPartOf":{"@id":"https:\/\/loetschbergbern.ch\/#website"},"primaryImageOfPage":{"@id":"https:\/\/loetschbergbern.ch\/fr\/spezielle-angebote\/wein-offenausschank\/#primaryimage"},"image":{"@id":"https:\/\/loetschbergbern.ch\/fr\/spezielle-angebote\/wein-offenausschank\/#primaryimage"},"thumbnailUrl":"https:\/\/loetschbergbern.ch\/wp-content\/uploads\/2024\/08\/glass-tower.JPG-800x534.jpg","datePublished":"2024-07-17T10:46:52+00:00","dateModified":"2025-06-08T13:52:27+00:00","breadcrumb":{"@id":"https:\/\/loetschbergbern.ch\/fr\/spezielle-angebote\/wein-offenausschank\/#breadcrumb"},"inLanguage":"fr-FR","potentialAction":[{"@type":"ReadAction","target":["https:\/\/loetschbergbern.ch\/fr\/spezielle-angebote\/wein-offenausschank\/"]}]},{"@type":"ImageObject","inLanguage":"fr-FR","@id":"https:\/\/loetschbergbern.ch\/fr\/spezielle-angebote\/wein-offenausschank\/#primaryimage","url":"https:\/\/loetschbergbern.ch\/wp-content\/uploads\/2024\/08\/glass-tower.JPG-800x534.jpg","contentUrl":"https:\/\/loetschbergbern.ch\/wp-content\/uploads\/2024\/08\/glass-tower.JPG-800x534.jpg"},{"@type":"BreadcrumbList","@id":"https:\/\/loetschbergbern.ch\/fr\/spezielle-angebote\/wein-offenausschank\/#breadcrumb","itemListElement":[{"@type":"ListItem","position":1,"name":"Home","item":"https:\/\/loetschbergbern.ch\/fr\/"},{"@type":"ListItem","position":2,"name":"Offres sp\u00e9ciales","item":"https:\/\/loetschbergbern.ch\/fr\/spezielle-angebote\/"},{"@type":"ListItem","position":3,"name":"Vins au verre"}]},{"@type":"WebSite","@id":"https:\/\/loetschbergbern.ch\/#website","url":"https:\/\/loetschbergbern.ch\/","name":"Restaurant L\u00f6tschberg Bern","description":"Schweizer Weine und AOP-IGP Produkte","publisher":{"@id":"https:\/\/loetschbergbern.ch\/#organization"},"alternateName":"L\u00f6tschberg Bern","potentialAction":[{"@type":"SearchAction","target":{"@type":"EntryPoint","urlTemplate":"https:\/\/loetschbergbern.ch\/?s={search_term_string}"},"query-input":{"@type":"PropertyValueSpecification","valueRequired":true,"valueName":"search_term_string"}}],"inLanguage":"fr-FR"},{"@type":"Organization","@id":"https:\/\/loetschbergbern.ch\/#organization","name":"Restaurant L\u00f6tschberg Bern","url":"https:\/\/loetschbergbern.ch\/","logo":{"@type":"ImageObject","inLanguage":"fr-FR","@id":"https:\/\/loetschbergbern.ch\/#\/schema\/logo\/image\/","url":"https:\/\/loetschbergbern.ch\/wp-content\/uploads\/2025\/10\/logo.png","contentUrl":"https:\/\/loetschbergbern.ch\/wp-content\/uploads\/2025\/10\/logo.png","width":480,"height":103,"caption":"Restaurant L\u00f6tschberg Bern"},"image":{"@id":"https:\/\/loetschbergbern.ch\/#\/schema\/logo\/image\/"},"sameAs":["https:\/\/www.facebook.com\/Loetschberg","https:\/\/www.instagram.com\/loetschbergbern\/"]}]}},"_links":{"self":[{"href":"https:\/\/loetschbergbern.ch\/fr\/wp-json\/wp\/v2\/pages\/492","targetHints":{"allow":["GET"]}}],"collection":[{"href":"https:\/\/loetschbergbern.ch\/fr\/wp-json\/wp\/v2\/pages"}],"about":[{"href":"https:\/\/loetschbergbern.ch\/fr\/wp-json\/wp\/v2\/types\/page"}],"author":[{"embeddable":true,"href":"https:\/\/loetschbergbern.ch\/fr\/wp-json\/wp\/v2\/users\/1"}],"replies":[{"embeddable":true,"href":"https:\/\/loetschbergbern.ch\/fr\/wp-json\/wp\/v2\/comments?post=492"}],"version-history":[{"count":4,"href":"https:\/\/loetschbergbern.ch\/fr\/wp-json\/wp\/v2\/pages\/492\/revisions"}],"predecessor-version":[{"id":959,"href":"https:\/\/loetschbergbern.ch\/fr\/wp-json\/wp\/v2\/pages\/492\/revisions\/959"}],"up":[{"embeddable":true,"href":"https:\/\/loetschbergbern.ch\/fr\/wp-json\/wp\/v2\/pages\/508"}],"wp:attachment":[{"href":"https:\/\/loetschbergbern.ch\/fr\/wp-json\/wp\/v2\/media?parent=492"}],"curies":[{"name":"wp","href":"https:\/\/api.w.org\/{rel}","templated":true}]}}