{"id":488,"date":"2024-07-17T12:46:52","date_gmt":"2024-07-17T10:46:52","guid":{"rendered":"https:\/\/loetschbergbern.ch\/aop-igp-produkte\/"},"modified":"2024-09-20T13:53:32","modified_gmt":"2024-09-20T11:53:32","slug":"aop-igp-produkte","status":"publish","type":"page","link":"https:\/\/loetschbergbern.ch\/fr\/spezielle-angebote\/aop-igp-produkte\/","title":{"rendered":"Produits AOP-IGP"},"content":{"rendered":"\n<p class=\"unterstrich mb30\"><br><a href=\"https:\/\/loetschbergbern.ch\/fr\/spezielle-angebote\/\" data-type=\"page\" data-id=\"19\">&lt;&lt;&lt; retour \u00e0 l\u2019aper\u00e7u<\/a><span style=\"font-family: -webkit-standard; font-size: medium; white-space: normal;\"><\/span><\/p>\n\n\n\n<h1 class=\"wp-block-heading left\"><strong>PRODUITS AOP-IGP<\/strong><\/h1>\n\n\n\n<p>Au restaurant \u00abL\u00f6tschberg\u00bb, nous sommes ravis d\u2019utiliser principalement des produits AOP et IGP&nbsp;et de&nbsp;contribuer \u00e0 maintenir la tradition suisse et&nbsp;de&nbsp;soutenir le savoir-faire traditionnel et la production suisse. Et nous en sommes fiers !<\/p>\n\n\n\n<p>Actuellement, 25 produits certifi\u00e9s AOP et 16 sp\u00e9cialit\u00e9s IGP sont enregistr\u00e9s \u00e0 l\u2019office f\u00e9d\u00e9ral de l\u2019agriculture.&nbsp;<\/p>\n\n\n\n<p class=\"is-style-default\"><strong>Pourquoi AOP \/ IGP ?<\/strong><span style=\"font-family: -webkit-standard; font-size: medium; white-space: normal;\"><\/span><br>Les produits b\u00e9n\u00e9ficiant d\u2019une AOP (Appellation d\u2019Origine Prot\u00e9g\u00e9e) ou d\u2019une IGP (Indication G\u00e9ographique Prot\u00e9g\u00e9e) sont des sp\u00e9cialit\u00e9s traditionnelles qui ont un lien fort avec leur r\u00e9gion d\u2019origine. Ils sont \u00e9labor\u00e9s depuis des g\u00e9n\u00e9rations avec passion par des fromagers, boulangers, bouchers, distillateurs ou autres artisans.<br><br>Pour les produits b\u00e9n\u00e9ficiant d\u2019une AOP, toutes les \u00e9tapes de la production, de la mati\u00e8re premi\u00e8re jusqu\u2019\u00e0 l\u2019\u00e9laboration du produit fini, ont lieu dans la r\u00e9gion d\u2019origine d\u00e9finie.&nbsp;&nbsp;&nbsp;<br><br>Les sp\u00e9cialit\u00e9s b\u00e9n\u00e9ficiant d\u2019une IGP sont fabriqu\u00e9es, transform\u00e9es ou&nbsp;conditionn\u00e9es&nbsp;dans leur r\u00e9gion d\u2019origine.<br><\/p>\n\n\n\n<figure class=\"wp-block-image size-large is-resized\"><img loading=\"lazy\" decoding=\"async\" width=\"800\" height=\"505\" src=\"https:\/\/loetschbergbern.ch\/wp-content\/uploads\/2024\/08\/AOP-IGP-800x505.jpg\" alt=\"AOP-IGP\" class=\"wp-image-297\" style=\"width:840px\" srcset=\"https:\/\/loetschbergbern.ch\/wp-content\/uploads\/2024\/08\/AOP-IGP-800x505.jpg 800w, https:\/\/loetschbergbern.ch\/wp-content\/uploads\/2024\/08\/AOP-IGP-600x379.jpg 600w, https:\/\/loetschbergbern.ch\/wp-content\/uploads\/2024\/08\/AOP-IGP-768x485.jpg 768w, https:\/\/loetschbergbern.ch\/wp-content\/uploads\/2024\/08\/AOP-IGP.jpg 814w\" sizes=\"auto, (max-width: 800px) 100vw, 800px\" \/><\/figure>\n\n\n\n<div style=\"height:70px\" aria-hidden=\"true\" class=\"wp-block-spacer\"><\/div>\n\n\n\n<div class=\"wp-block-columns is-not-stacked-on-mobile unterstrich is-layout-flex wp-container-core-columns-is-layout-9d6595d7 wp-block-columns-is-layout-flex\">\n<div class=\"wp-block-column is-layout-flow wp-block-column-is-layout-flow\">\n<p>autres offres<\/p>\n<\/div>\n\n\n\n<div class=\"wp-block-column is-layout-flow wp-block-column-is-layout-flow\">\n<p class=\"has-text-align-right\"><a href=\"https:\/\/loetschbergbern.ch\/fr\/spezielle-angebote\/\" data-type=\"page\" data-id=\"19\">afficher tout &gt;&gt;&gt;<\/a><\/p>\n<\/div>\n<\/div>\n\n\n\n<div class=\"wp-block-columns spez is-layout-flex wp-container-core-columns-is-layout-9d6595d7 wp-block-columns-is-layout-flex\">\n<div class=\"wp-block-column is-layout-flow wp-block-column-is-layout-flow\">\n<h3 class=\"wp-block-heading\">RACLETTE DU VALAIS AOP <\/h3>\n\n\n\n<figure class=\"wp-block-image size-large\"><a href=\"https:\/\/loetschbergbern.ch\/fr\/spezielle-angebote\/raclette-aop-valais\/\"><img loading=\"lazy\" decoding=\"async\" width=\"800\" height=\"505\" src=\"https:\/\/loetschbergbern.ch\/wp-content\/uploads\/2024\/07\/Raclette-800x505.jpg\" alt=\"Raclette\" class=\"wp-image-97\" srcset=\"https:\/\/loetschbergbern.ch\/wp-content\/uploads\/2024\/07\/Raclette-800x505.jpg 800w, https:\/\/loetschbergbern.ch\/wp-content\/uploads\/2024\/07\/Raclette-600x379.jpg 600w, https:\/\/loetschbergbern.ch\/wp-content\/uploads\/2024\/07\/Raclette-768x485.jpg 768w, https:\/\/loetschbergbern.ch\/wp-content\/uploads\/2024\/07\/Raclette.jpg 814w\" sizes=\"auto, (max-width: 800px) 100vw, 800px\" \/><\/a><\/figure>\n<\/div>\n\n\n\n<div class=\"wp-block-column is-layout-flow wp-block-column-is-layout-flow\">\n<h3 class=\"wp-block-heading\"><strong>MENU FONDUE<\/strong><span style=\"font-family: -webkit-standard; font-size: medium; font-weight: 400; white-space: normal;\"><\/span><\/h3>\n\n\n\n<figure class=\"wp-block-image size-large\"><a href=\"https:\/\/loetschbergbern.ch\/fr\/spezielle-angebote\/fondue-menue\/\"><img loading=\"lazy\" decoding=\"async\" width=\"800\" height=\"505\" src=\"https:\/\/loetschbergbern.ch\/wp-content\/uploads\/2024\/07\/Fondue-Menu-800x505.jpg\" alt=\"Fondue\" class=\"wp-image-96\" srcset=\"https:\/\/loetschbergbern.ch\/wp-content\/uploads\/2024\/07\/Fondue-Menu-800x505.jpg 800w, https:\/\/loetschbergbern.ch\/wp-content\/uploads\/2024\/07\/Fondue-Menu-600x379.jpg 600w, https:\/\/loetschbergbern.ch\/wp-content\/uploads\/2024\/07\/Fondue-Menu-768x485.jpg 768w, https:\/\/loetschbergbern.ch\/wp-content\/uploads\/2024\/07\/Fondue-Menu.jpg 814w\" sizes=\"auto, (max-width: 800px) 100vw, 800px\" \/><\/a><\/figure>\n<\/div>\n\n\n\n<div class=\"wp-block-column is-layout-flow wp-block-column-is-layout-flow\">\n<h3 class=\"wp-block-heading\">DEGUSTATIONS<\/h3>\n\n\n\n<figure class=\"wp-block-image size-large\"><a href=\"https:\/\/loetschbergbern.ch\/fr\/degustationen\/\"><img loading=\"lazy\" decoding=\"async\" width=\"800\" height=\"505\" src=\"https:\/\/loetschbergbern.ch\/wp-content\/uploads\/2024\/07\/Degustationen-800x505.jpg\" alt=\"Degustationen\" class=\"wp-image-95\" srcset=\"https:\/\/loetschbergbern.ch\/wp-content\/uploads\/2024\/07\/Degustationen-800x505.jpg 800w, https:\/\/loetschbergbern.ch\/wp-content\/uploads\/2024\/07\/Degustationen-600x379.jpg 600w, https:\/\/loetschbergbern.ch\/wp-content\/uploads\/2024\/07\/Degustationen-768x485.jpg 768w, https:\/\/loetschbergbern.ch\/wp-content\/uploads\/2024\/07\/Degustationen.jpg 814w\" sizes=\"auto, (max-width: 800px) 100vw, 800px\" \/><\/a><\/figure>\n<\/div>\n<\/div>\n\n\n\n<p><\/p>\n","protected":false},"excerpt":{"rendered":"&lt;&lt;&lt; retour \u00e0 l\u2019aper\u00e7u PRODUITS AOP-IGP Au restaurant \u00abL\u00f6tschberg\u00bb, nous sommes ravis d\u2019utiliser principalement des produits AOP et IGP&nbsp;et de&nbsp;contribuer \u00e0 maintenir la tradition suisse et&nbsp;de&nbsp;soutenir le savoir-faire traditionnel et la production suisse. Et nous en sommes fiers ! Actuellement, 25 produits certifi\u00e9s AOP et 16 sp\u00e9cialit\u00e9s IGP sont enregistr\u00e9s \u00e0 l\u2019office f\u00e9d\u00e9ral de l\u2019agriculture.&nbsp; Pourquoi AOP \/ IGP ?Les produits b\u00e9n\u00e9ficiant d\u2019une AOP (Appellation d\u2019Origine Prot\u00e9g\u00e9e) ou d\u2019une IGP (Indication G\u00e9ographique Prot\u00e9g\u00e9e) sont des sp\u00e9cialit\u00e9s traditionnelles qui ont un [&hellip;]","protected":false},"author":1,"featured_media":468,"parent":508,"menu_order":3,"comment_status":"closed","ping_status":"closed","template":"","meta":{"_acf_changed":false,"footnotes":""},"class_list":["post-488","page","type-page","status-publish","has-post-thumbnail","hentry"],"acf":[],"yoast_head":"<!-- This site is optimized with the Yoast SEO plugin v27.4 - https:\/\/yoast.com\/product\/yoast-seo-wordpress\/ -->\n<title>Produits AOP-IGP - Restaurant L\u00f6tschberg Bern<\/title>\n<meta name=\"robots\" content=\"index, follow, max-snippet:-1, max-image-preview:large, max-video-preview:-1\" \/>\n<link rel=\"canonical\" href=\"https:\/\/loetschbergbern.ch\/fr\/spezielle-angebote\/aop-igp-produkte\/\" \/>\n<meta property=\"og:locale\" content=\"fr_FR\" \/>\n<meta property=\"og:type\" content=\"article\" \/>\n<meta property=\"og:title\" content=\"Produits AOP-IGP - Restaurant L\u00f6tschberg Bern\" \/>\n<meta property=\"og:description\" content=\"&lt;&lt;&lt; retour \u00e0 l\u2019aper\u00e7u PRODUITS AOP-IGP Au restaurant \u00abL\u00f6tschberg\u00bb, nous sommes ravis d\u2019utiliser principalement des produits AOP et IGP&nbsp;et de&nbsp;contribuer \u00e0 maintenir la tradition suisse et&nbsp;de&nbsp;soutenir le savoir-faire traditionnel et la production suisse. Et nous en sommes fiers ! Actuellement, 25 produits certifi\u00e9s AOP et 16 sp\u00e9cialit\u00e9s IGP sont enregistr\u00e9s \u00e0 l\u2019office f\u00e9d\u00e9ral de l\u2019agriculture.&nbsp; Pourquoi AOP \/ IGP ?Les produits b\u00e9n\u00e9ficiant d\u2019une AOP (Appellation d\u2019Origine Prot\u00e9g\u00e9e) ou d\u2019une IGP (Indication G\u00e9ographique Prot\u00e9g\u00e9e) sont des sp\u00e9cialit\u00e9s traditionnelles qui ont un [&hellip;]\" \/>\n<meta property=\"og:url\" content=\"https:\/\/loetschbergbern.ch\/fr\/spezielle-angebote\/aop-igp-produkte\/\" \/>\n<meta property=\"og:site_name\" content=\"Restaurant L\u00f6tschberg Bern\" \/>\n<meta property=\"article:publisher\" content=\"https:\/\/www.facebook.com\/Loetschberg\" \/>\n<meta property=\"article:modified_time\" content=\"2024-09-20T11:53:32+00:00\" \/>\n<meta property=\"og:image\" content=\"https:\/\/loetschbergbern.ch\/wp-content\/uploads\/2024\/08\/AOP-IGP.jpg\" \/>\n\t<meta property=\"og:image:width\" content=\"814\" \/>\n\t<meta property=\"og:image:height\" content=\"514\" \/>\n\t<meta property=\"og:image:type\" content=\"image\/jpeg\" \/>\n<meta name=\"twitter:card\" content=\"summary_large_image\" \/>\n<meta name=\"twitter:label1\" content=\"Dur\u00e9e de lecture estim\u00e9e\" \/>\n\t<meta name=\"twitter:data1\" content=\"1 minute\" \/>\n<script type=\"application\/ld+json\" class=\"yoast-schema-graph\">{\"@context\":\"https:\\\/\\\/schema.org\",\"@graph\":[{\"@type\":\"WebPage\",\"@id\":\"https:\\\/\\\/loetschbergbern.ch\\\/fr\\\/spezielle-angebote\\\/aop-igp-produkte\\\/\",\"url\":\"https:\\\/\\\/loetschbergbern.ch\\\/fr\\\/spezielle-angebote\\\/aop-igp-produkte\\\/\",\"name\":\"Produits AOP-IGP - Restaurant L\u00f6tschberg Bern\",\"isPartOf\":{\"@id\":\"https:\\\/\\\/loetschbergbern.ch\\\/#website\"},\"primaryImageOfPage\":{\"@id\":\"https:\\\/\\\/loetschbergbern.ch\\\/fr\\\/spezielle-angebote\\\/aop-igp-produkte\\\/#primaryimage\"},\"image\":{\"@id\":\"https:\\\/\\\/loetschbergbern.ch\\\/fr\\\/spezielle-angebote\\\/aop-igp-produkte\\\/#primaryimage\"},\"thumbnailUrl\":\"https:\\\/\\\/loetschbergbern.ch\\\/wp-content\\\/uploads\\\/2024\\\/08\\\/AOP-IGP.jpg\",\"datePublished\":\"2024-07-17T10:46:52+00:00\",\"dateModified\":\"2024-09-20T11:53:32+00:00\",\"breadcrumb\":{\"@id\":\"https:\\\/\\\/loetschbergbern.ch\\\/fr\\\/spezielle-angebote\\\/aop-igp-produkte\\\/#breadcrumb\"},\"inLanguage\":\"fr-FR\",\"potentialAction\":[{\"@type\":\"ReadAction\",\"target\":[\"https:\\\/\\\/loetschbergbern.ch\\\/fr\\\/spezielle-angebote\\\/aop-igp-produkte\\\/\"]}]},{\"@type\":\"ImageObject\",\"inLanguage\":\"fr-FR\",\"@id\":\"https:\\\/\\\/loetschbergbern.ch\\\/fr\\\/spezielle-angebote\\\/aop-igp-produkte\\\/#primaryimage\",\"url\":\"https:\\\/\\\/loetschbergbern.ch\\\/wp-content\\\/uploads\\\/2024\\\/08\\\/AOP-IGP.jpg\",\"contentUrl\":\"https:\\\/\\\/loetschbergbern.ch\\\/wp-content\\\/uploads\\\/2024\\\/08\\\/AOP-IGP.jpg\",\"width\":814,\"height\":514},{\"@type\":\"BreadcrumbList\",\"@id\":\"https:\\\/\\\/loetschbergbern.ch\\\/fr\\\/spezielle-angebote\\\/aop-igp-produkte\\\/#breadcrumb\",\"itemListElement\":[{\"@type\":\"ListItem\",\"position\":1,\"name\":\"Home\",\"item\":\"https:\\\/\\\/loetschbergbern.ch\\\/fr\\\/\"},{\"@type\":\"ListItem\",\"position\":2,\"name\":\"Offres sp\u00e9ciales\",\"item\":\"https:\\\/\\\/loetschbergbern.ch\\\/fr\\\/spezielle-angebote\\\/\"},{\"@type\":\"ListItem\",\"position\":3,\"name\":\"Produits AOP-IGP\"}]},{\"@type\":\"WebSite\",\"@id\":\"https:\\\/\\\/loetschbergbern.ch\\\/#website\",\"url\":\"https:\\\/\\\/loetschbergbern.ch\\\/\",\"name\":\"Restaurant L\u00f6tschberg Bern\",\"description\":\"Schweizer Weine und AOP-IGP Produkte\",\"publisher\":{\"@id\":\"https:\\\/\\\/loetschbergbern.ch\\\/#organization\"},\"alternateName\":\"L\u00f6tschberg Bern\",\"potentialAction\":[{\"@type\":\"SearchAction\",\"target\":{\"@type\":\"EntryPoint\",\"urlTemplate\":\"https:\\\/\\\/loetschbergbern.ch\\\/?s={search_term_string}\"},\"query-input\":{\"@type\":\"PropertyValueSpecification\",\"valueRequired\":true,\"valueName\":\"search_term_string\"}}],\"inLanguage\":\"fr-FR\"},{\"@type\":\"Organization\",\"@id\":\"https:\\\/\\\/loetschbergbern.ch\\\/#organization\",\"name\":\"Restaurant L\u00f6tschberg Bern\",\"url\":\"https:\\\/\\\/loetschbergbern.ch\\\/\",\"logo\":{\"@type\":\"ImageObject\",\"inLanguage\":\"fr-FR\",\"@id\":\"https:\\\/\\\/loetschbergbern.ch\\\/#\\\/schema\\\/logo\\\/image\\\/\",\"url\":\"https:\\\/\\\/loetschbergbern.ch\\\/wp-content\\\/uploads\\\/2025\\\/10\\\/logo.png\",\"contentUrl\":\"https:\\\/\\\/loetschbergbern.ch\\\/wp-content\\\/uploads\\\/2025\\\/10\\\/logo.png\",\"width\":480,\"height\":103,\"caption\":\"Restaurant L\u00f6tschberg Bern\"},\"image\":{\"@id\":\"https:\\\/\\\/loetschbergbern.ch\\\/#\\\/schema\\\/logo\\\/image\\\/\"},\"sameAs\":[\"https:\\\/\\\/www.facebook.com\\\/Loetschberg\",\"https:\\\/\\\/www.instagram.com\\\/loetschbergbern\\\/\"]}]}<\/script>\n<!-- \/ Yoast SEO plugin. -->","yoast_head_json":{"title":"Produits AOP-IGP - Restaurant L\u00f6tschberg Bern","robots":{"index":"index","follow":"follow","max-snippet":"max-snippet:-1","max-image-preview":"max-image-preview:large","max-video-preview":"max-video-preview:-1"},"canonical":"https:\/\/loetschbergbern.ch\/fr\/spezielle-angebote\/aop-igp-produkte\/","og_locale":"fr_FR","og_type":"article","og_title":"Produits AOP-IGP - Restaurant L\u00f6tschberg Bern","og_description":"&lt;&lt;&lt; retour \u00e0 l\u2019aper\u00e7u PRODUITS AOP-IGP Au restaurant \u00abL\u00f6tschberg\u00bb, nous sommes ravis d\u2019utiliser principalement des produits AOP et IGP&nbsp;et de&nbsp;contribuer \u00e0 maintenir la tradition suisse et&nbsp;de&nbsp;soutenir le savoir-faire traditionnel et la production suisse. Et nous en sommes fiers ! Actuellement, 25 produits certifi\u00e9s AOP et 16 sp\u00e9cialit\u00e9s IGP sont enregistr\u00e9s \u00e0 l\u2019office f\u00e9d\u00e9ral de l\u2019agriculture.&nbsp; Pourquoi AOP \/ IGP ?Les produits b\u00e9n\u00e9ficiant d\u2019une AOP (Appellation d\u2019Origine Prot\u00e9g\u00e9e) ou d\u2019une IGP (Indication G\u00e9ographique Prot\u00e9g\u00e9e) sont des sp\u00e9cialit\u00e9s traditionnelles qui ont un [&hellip;]","og_url":"https:\/\/loetschbergbern.ch\/fr\/spezielle-angebote\/aop-igp-produkte\/","og_site_name":"Restaurant L\u00f6tschberg Bern","article_publisher":"https:\/\/www.facebook.com\/Loetschberg","article_modified_time":"2024-09-20T11:53:32+00:00","og_image":[{"width":814,"height":514,"url":"https:\/\/loetschbergbern.ch\/wp-content\/uploads\/2024\/08\/AOP-IGP.jpg","type":"image\/jpeg"}],"twitter_card":"summary_large_image","twitter_misc":{"Dur\u00e9e de lecture estim\u00e9e":"1 minute"},"schema":{"@context":"https:\/\/schema.org","@graph":[{"@type":"WebPage","@id":"https:\/\/loetschbergbern.ch\/fr\/spezielle-angebote\/aop-igp-produkte\/","url":"https:\/\/loetschbergbern.ch\/fr\/spezielle-angebote\/aop-igp-produkte\/","name":"Produits AOP-IGP - Restaurant L\u00f6tschberg Bern","isPartOf":{"@id":"https:\/\/loetschbergbern.ch\/#website"},"primaryImageOfPage":{"@id":"https:\/\/loetschbergbern.ch\/fr\/spezielle-angebote\/aop-igp-produkte\/#primaryimage"},"image":{"@id":"https:\/\/loetschbergbern.ch\/fr\/spezielle-angebote\/aop-igp-produkte\/#primaryimage"},"thumbnailUrl":"https:\/\/loetschbergbern.ch\/wp-content\/uploads\/2024\/08\/AOP-IGP.jpg","datePublished":"2024-07-17T10:46:52+00:00","dateModified":"2024-09-20T11:53:32+00:00","breadcrumb":{"@id":"https:\/\/loetschbergbern.ch\/fr\/spezielle-angebote\/aop-igp-produkte\/#breadcrumb"},"inLanguage":"fr-FR","potentialAction":[{"@type":"ReadAction","target":["https:\/\/loetschbergbern.ch\/fr\/spezielle-angebote\/aop-igp-produkte\/"]}]},{"@type":"ImageObject","inLanguage":"fr-FR","@id":"https:\/\/loetschbergbern.ch\/fr\/spezielle-angebote\/aop-igp-produkte\/#primaryimage","url":"https:\/\/loetschbergbern.ch\/wp-content\/uploads\/2024\/08\/AOP-IGP.jpg","contentUrl":"https:\/\/loetschbergbern.ch\/wp-content\/uploads\/2024\/08\/AOP-IGP.jpg","width":814,"height":514},{"@type":"BreadcrumbList","@id":"https:\/\/loetschbergbern.ch\/fr\/spezielle-angebote\/aop-igp-produkte\/#breadcrumb","itemListElement":[{"@type":"ListItem","position":1,"name":"Home","item":"https:\/\/loetschbergbern.ch\/fr\/"},{"@type":"ListItem","position":2,"name":"Offres sp\u00e9ciales","item":"https:\/\/loetschbergbern.ch\/fr\/spezielle-angebote\/"},{"@type":"ListItem","position":3,"name":"Produits AOP-IGP"}]},{"@type":"WebSite","@id":"https:\/\/loetschbergbern.ch\/#website","url":"https:\/\/loetschbergbern.ch\/","name":"Restaurant L\u00f6tschberg Bern","description":"Schweizer Weine und AOP-IGP Produkte","publisher":{"@id":"https:\/\/loetschbergbern.ch\/#organization"},"alternateName":"L\u00f6tschberg Bern","potentialAction":[{"@type":"SearchAction","target":{"@type":"EntryPoint","urlTemplate":"https:\/\/loetschbergbern.ch\/?s={search_term_string}"},"query-input":{"@type":"PropertyValueSpecification","valueRequired":true,"valueName":"search_term_string"}}],"inLanguage":"fr-FR"},{"@type":"Organization","@id":"https:\/\/loetschbergbern.ch\/#organization","name":"Restaurant L\u00f6tschberg Bern","url":"https:\/\/loetschbergbern.ch\/","logo":{"@type":"ImageObject","inLanguage":"fr-FR","@id":"https:\/\/loetschbergbern.ch\/#\/schema\/logo\/image\/","url":"https:\/\/loetschbergbern.ch\/wp-content\/uploads\/2025\/10\/logo.png","contentUrl":"https:\/\/loetschbergbern.ch\/wp-content\/uploads\/2025\/10\/logo.png","width":480,"height":103,"caption":"Restaurant L\u00f6tschberg Bern"},"image":{"@id":"https:\/\/loetschbergbern.ch\/#\/schema\/logo\/image\/"},"sameAs":["https:\/\/www.facebook.com\/Loetschberg","https:\/\/www.instagram.com\/loetschbergbern\/"]}]}},"_links":{"self":[{"href":"https:\/\/loetschbergbern.ch\/fr\/wp-json\/wp\/v2\/pages\/488","targetHints":{"allow":["GET"]}}],"collection":[{"href":"https:\/\/loetschbergbern.ch\/fr\/wp-json\/wp\/v2\/pages"}],"about":[{"href":"https:\/\/loetschbergbern.ch\/fr\/wp-json\/wp\/v2\/types\/page"}],"author":[{"embeddable":true,"href":"https:\/\/loetschbergbern.ch\/fr\/wp-json\/wp\/v2\/users\/1"}],"replies":[{"embeddable":true,"href":"https:\/\/loetschbergbern.ch\/fr\/wp-json\/wp\/v2\/comments?post=488"}],"version-history":[{"count":5,"href":"https:\/\/loetschbergbern.ch\/fr\/wp-json\/wp\/v2\/pages\/488\/revisions"}],"predecessor-version":[{"id":726,"href":"https:\/\/loetschbergbern.ch\/fr\/wp-json\/wp\/v2\/pages\/488\/revisions\/726"}],"up":[{"embeddable":true,"href":"https:\/\/loetschbergbern.ch\/fr\/wp-json\/wp\/v2\/pages\/508"}],"wp:featuredmedia":[{"embeddable":true,"href":"https:\/\/loetschbergbern.ch\/fr\/wp-json\/wp\/v2\/media\/468"}],"wp:attachment":[{"href":"https:\/\/loetschbergbern.ch\/fr\/wp-json\/wp\/v2\/media?parent=488"}],"curies":[{"name":"wp","href":"https:\/\/api.w.org\/{rel}","templated":true}]}}