{"id":484,"date":"2024-07-17T12:48:45","date_gmt":"2024-07-17T10:48:45","guid":{"rendered":"https:\/\/loetschbergbern.ch\/offene-stellen\/"},"modified":"2024-09-19T14:51:48","modified_gmt":"2024-09-19T12:51:48","slug":"offene-stellen","status":"publish","type":"page","link":"https:\/\/loetschbergbern.ch\/fr\/ueber-uns\/offene-stellen\/","title":{"rendered":"Postes vacants"},"content":{"rendered":"\n<p>Nous recherchons pour une prise de fonction imm\u00e9diate ou \u00e0 convenir<p class=\"MsoNormal\" style=\"margin: 0cm; font-size: medium; font-family: &quot;Times New Roman&quot;, serif; white-space: normal;\"><span lang=\"FR\" style=\"font-size: 10.5pt; font-family: Helvetica;\"><\/span><\/p><\/p>\n\n\n\n<hr class=\"wp-block-separator has-alpha-channel-opacity black\"\/>\n\n\n\n<h2 class=\"wp-block-heading\">Servicemitarbeiter\/in 100%<\/h2>\n\n\n\n<p class=\"mb0\"><strong>Wir bieten<\/strong><\/p>\n\n\n\n<ul class=\"wp-block-list\">\n<li>Arbeitszeit: Montag bis Freitag ausser bei Anl\u00e4ssen \u2022 Feiertage frei (seltene Ausnahmen)<\/li>\n\n\n\n<li>Betriebsferien im Sommer<\/li>\n\n\n\n<li>Verantwortungsvolle und selbst\u00e4ndige T\u00e4tigkeit<\/li>\n\n\n\n<li>M\u00f6glichkeit auf eine individuelle Karrierechance mit vielseitigen Weiterbildungen<\/li>\n\n\n\n<li>Aufgestelltes, hilfsbereites und famili\u00e4res Team <\/li>\n\n\n\n<li>Gut frequentiertes Restaurant \/ \u00e0 la Carte<\/li>\n<\/ul>\n\n\n\n<p class=\"mb0\"><strong>Ihr T\u00e4tigkeitsbereich<\/strong><\/p>\n\n\n\n<ul class=\"wp-block-list\">\n<li>Erfahrung im \u00e0 la Carte Service<\/li>\n\n\n\n<li>F\u00fchren einer eigenen Servicestation<\/li>\n\n\n\n<li>Hohes Qualit\u00e4tsverst\u00e4ndnis<\/li>\n\n\n\n<li>Gute m\u00fcndliche und schriftliche Deutschkenntnisse<\/li>\n\n\n\n<li>Kompetente Beratung der G\u00e4ste<\/li>\n\n\n\n<li>Selbstst\u00e4ndige und motivierte Arbeitsweise<\/li>\n\n\n\n<li>Angenehme Umgangsformen<\/li>\n\n\n\n<li>Stilvolles Servieren von Getr\u00e4nken und Speisen<\/li>\n\n\n\n<li>Allgemeine Mise en place Aufgaben und Reinigungen <\/li>\n\n\n\n<li>Umsetzung des Hygienekonzeptes nach HACCP<\/li>\n<\/ul>\n\n\n\n<p class=\"mb0\"><strong>Das bringen Sie mit<\/strong><\/p>\n\n\n\n<ul class=\"wp-block-list\">\n<li>Idealerweise Ausbildung zur\/m Restaurantfachfrau\/-mann <\/li>\n\n\n\n<li>Berufserfahrung in einer \u00e4hnlichen Position<\/li>\n\n\n\n<li>Gastgeber\/-in mit Herz und Seele<\/li>\n\n\n\n<li>Sie sprechen fliessend Deutsch, verstehen Mundart, weitere Fremdsprachen sind ein Plus<\/li>\n\n\n\n<li>Dienstleitungsorientierte Arbeitsweise, belastbar und flexibel einsetzbar<\/li>\n<\/ul>\n\n\n\n<p><strong>Restaurant L\u00f6tschberg<\/strong><br>Zeughausgasse 16 <br>CH-3011 Bern<\/p>\n\n\n\n<p><strong>Ihre Ansprechperson<\/strong><br>Marc Enderlin <br><a href=\"mailto:gf@loetschbergbern.ch\">gf@loetschbergbern.ch<\/a><\/p>\n\n\n\n<div style=\"height:50px\" aria-hidden=\"true\" class=\"wp-block-spacer\"><\/div>\n\n\n\n<p class=\"unterstrich\">Nos cartes<\/p>\n\n\n\n<div class=\"wp-block-columns is-not-stacked-on-mobile vorlage-karten is-layout-flex wp-container-core-columns-is-layout-9d6595d7 wp-block-columns-is-layout-flex\">\n<div class=\"wp-block-column is-layout-flow wp-block-column-is-layout-flow\">\n<h2 class=\"wp-block-heading angebot\">Carte<\/h2>\n\n\n\n<figure class=\"wp-block-image size-full border\"><a href=\"\/angebote\/speisekarte\"><img loading=\"lazy\" decoding=\"async\" width=\"674\" height=\"954\" src=\"https:\/\/loetschbergbern.ch\/wp-content\/uploads\/2024\/08\/Speisekarte.jpg\" alt=\"Speisekarte\" class=\"wp-image-206\" srcset=\"https:\/\/loetschbergbern.ch\/wp-content\/uploads\/2024\/08\/Speisekarte.jpg 674w, https:\/\/loetschbergbern.ch\/wp-content\/uploads\/2024\/08\/Speisekarte-424x600.jpg 424w\" sizes=\"auto, (max-width: 674px) 100vw, 674px\" \/><\/a><\/figure>\n<\/div>\n\n\n\n<div class=\"wp-block-column is-layout-flow wp-block-column-is-layout-flow\">\n<h2 class=\"wp-block-heading angebot\">Carte des vins<\/h2>\n\n\n\n<figure class=\"wp-block-image size-full border\"><a href=\"\/angebot\/weinkarte\"><img loading=\"lazy\" decoding=\"async\" width=\"674\" height=\"954\" src=\"https:\/\/loetschbergbern.ch\/wp-content\/uploads\/2024\/08\/Weinkarte.jpg\" alt=\"Weinkarte\" class=\"wp-image-207\" srcset=\"https:\/\/loetschbergbern.ch\/wp-content\/uploads\/2024\/08\/Weinkarte.jpg 674w, https:\/\/loetschbergbern.ch\/wp-content\/uploads\/2024\/08\/Weinkarte-424x600.jpg 424w\" sizes=\"auto, (max-width: 674px) 100vw, 674px\" \/><\/a><\/figure>\n<\/div>\n\n\n\n<div class=\"wp-block-column is-layout-flow wp-block-column-is-layout-flow\">\n<h2 class=\"wp-block-heading angebot\">Carte des boissons<\/h2>\n\n\n\n<figure class=\"wp-block-image size-full border\"><a href=\"\/angebot\/getraenkekarte\"><img loading=\"lazy\" decoding=\"async\" width=\"674\" height=\"954\" src=\"https:\/\/loetschbergbern.ch\/wp-content\/uploads\/2024\/08\/Getraenkekarte.jpg\" alt=\"Getraenkekarte\" class=\"wp-image-205\" srcset=\"https:\/\/loetschbergbern.ch\/wp-content\/uploads\/2024\/08\/Getraenkekarte.jpg 674w, https:\/\/loetschbergbern.ch\/wp-content\/uploads\/2024\/08\/Getraenkekarte-424x600.jpg 424w\" sizes=\"auto, (max-width: 674px) 100vw, 674px\" \/><\/a><\/figure>\n<\/div>\n<\/div>\n","protected":false},"excerpt":{"rendered":"Nous recherchons pour une prise de fonction imm\u00e9diate ou \u00e0 convenir Servicemitarbeiter\/in 100% Wir bieten Ihr T\u00e4tigkeitsbereich Das bringen Sie mit Restaurant L\u00f6tschbergZeughausgasse 16 CH-3011 Bern Ihre AnsprechpersonMarc Enderlin gf@loetschbergbern.ch Nos cartes","protected":false},"author":1,"featured_media":0,"parent":510,"menu_order":3,"comment_status":"closed","ping_status":"closed","template":"","meta":{"_acf_changed":false,"footnotes":""},"class_list":["post-484","page","type-page","status-publish","hentry"],"acf":[],"yoast_head":"<!-- This site is optimized with the Yoast SEO plugin v27.4 - https:\/\/yoast.com\/product\/yoast-seo-wordpress\/ -->\n<title>Postes vacants - Restaurant L\u00f6tschberg Bern<\/title>\n<meta name=\"robots\" content=\"index, follow, max-snippet:-1, max-image-preview:large, max-video-preview:-1\" \/>\n<link rel=\"canonical\" href=\"https:\/\/loetschbergbern.ch\/fr\/ueber-uns\/offene-stellen\/\" \/>\n<meta property=\"og:locale\" content=\"fr_FR\" \/>\n<meta property=\"og:type\" content=\"article\" \/>\n<meta property=\"og:title\" content=\"Postes vacants - Restaurant L\u00f6tschberg Bern\" \/>\n<meta property=\"og:description\" content=\"Nous recherchons pour une prise de fonction imm\u00e9diate ou \u00e0 convenir Servicemitarbeiter\/in 100% Wir bieten Ihr T\u00e4tigkeitsbereich Das bringen Sie mit Restaurant L\u00f6tschbergZeughausgasse 16 CH-3011 Bern Ihre AnsprechpersonMarc Enderlin gf@loetschbergbern.ch Nos cartes\" \/>\n<meta property=\"og:url\" content=\"https:\/\/loetschbergbern.ch\/fr\/ueber-uns\/offene-stellen\/\" \/>\n<meta property=\"og:site_name\" content=\"Restaurant L\u00f6tschberg Bern\" \/>\n<meta property=\"article:publisher\" content=\"https:\/\/www.facebook.com\/Loetschberg\" \/>\n<meta property=\"article:modified_time\" content=\"2024-09-19T12:51:48+00:00\" \/>\n<meta property=\"og:image\" content=\"https:\/\/loetschbergbern.ch\/wp-content\/uploads\/2024\/07\/AOP-IGP.jpg\" \/>\n\t<meta property=\"og:image:width\" content=\"814\" \/>\n\t<meta property=\"og:image:height\" content=\"514\" \/>\n\t<meta property=\"og:image:type\" content=\"image\/jpeg\" \/>\n<meta name=\"twitter:card\" content=\"summary_large_image\" \/>\n<meta name=\"twitter:label1\" content=\"Dur\u00e9e de lecture estim\u00e9e\" \/>\n\t<meta name=\"twitter:data1\" content=\"1 minute\" \/>\n<script type=\"application\/ld+json\" class=\"yoast-schema-graph\">{\"@context\":\"https:\\\/\\\/schema.org\",\"@graph\":[{\"@type\":\"WebPage\",\"@id\":\"https:\\\/\\\/loetschbergbern.ch\\\/fr\\\/ueber-uns\\\/offene-stellen\\\/\",\"url\":\"https:\\\/\\\/loetschbergbern.ch\\\/fr\\\/ueber-uns\\\/offene-stellen\\\/\",\"name\":\"Postes vacants - Restaurant L\u00f6tschberg Bern\",\"isPartOf\":{\"@id\":\"https:\\\/\\\/loetschbergbern.ch\\\/#website\"},\"datePublished\":\"2024-07-17T10:48:45+00:00\",\"dateModified\":\"2024-09-19T12:51:48+00:00\",\"breadcrumb\":{\"@id\":\"https:\\\/\\\/loetschbergbern.ch\\\/fr\\\/ueber-uns\\\/offene-stellen\\\/#breadcrumb\"},\"inLanguage\":\"fr-FR\",\"potentialAction\":[{\"@type\":\"ReadAction\",\"target\":[\"https:\\\/\\\/loetschbergbern.ch\\\/fr\\\/ueber-uns\\\/offene-stellen\\\/\"]}]},{\"@type\":\"BreadcrumbList\",\"@id\":\"https:\\\/\\\/loetschbergbern.ch\\\/fr\\\/ueber-uns\\\/offene-stellen\\\/#breadcrumb\",\"itemListElement\":[{\"@type\":\"ListItem\",\"position\":1,\"name\":\"Home\",\"item\":\"https:\\\/\\\/loetschbergbern.ch\\\/fr\\\/\"},{\"@type\":\"ListItem\",\"position\":2,\"name\":\"\u00c0 propos de nous\",\"item\":\"https:\\\/\\\/loetschbergbern.ch\\\/fr\\\/ueber-uns\\\/\"},{\"@type\":\"ListItem\",\"position\":3,\"name\":\"Postes vacants\"}]},{\"@type\":\"WebSite\",\"@id\":\"https:\\\/\\\/loetschbergbern.ch\\\/#website\",\"url\":\"https:\\\/\\\/loetschbergbern.ch\\\/\",\"name\":\"Restaurant L\u00f6tschberg Bern\",\"description\":\"Schweizer Weine und AOP-IGP Produkte\",\"publisher\":{\"@id\":\"https:\\\/\\\/loetschbergbern.ch\\\/#organization\"},\"alternateName\":\"L\u00f6tschberg Bern\",\"potentialAction\":[{\"@type\":\"SearchAction\",\"target\":{\"@type\":\"EntryPoint\",\"urlTemplate\":\"https:\\\/\\\/loetschbergbern.ch\\\/?s={search_term_string}\"},\"query-input\":{\"@type\":\"PropertyValueSpecification\",\"valueRequired\":true,\"valueName\":\"search_term_string\"}}],\"inLanguage\":\"fr-FR\"},{\"@type\":\"Organization\",\"@id\":\"https:\\\/\\\/loetschbergbern.ch\\\/#organization\",\"name\":\"Restaurant L\u00f6tschberg Bern\",\"url\":\"https:\\\/\\\/loetschbergbern.ch\\\/\",\"logo\":{\"@type\":\"ImageObject\",\"inLanguage\":\"fr-FR\",\"@id\":\"https:\\\/\\\/loetschbergbern.ch\\\/#\\\/schema\\\/logo\\\/image\\\/\",\"url\":\"https:\\\/\\\/loetschbergbern.ch\\\/wp-content\\\/uploads\\\/2025\\\/10\\\/logo.png\",\"contentUrl\":\"https:\\\/\\\/loetschbergbern.ch\\\/wp-content\\\/uploads\\\/2025\\\/10\\\/logo.png\",\"width\":480,\"height\":103,\"caption\":\"Restaurant L\u00f6tschberg Bern\"},\"image\":{\"@id\":\"https:\\\/\\\/loetschbergbern.ch\\\/#\\\/schema\\\/logo\\\/image\\\/\"},\"sameAs\":[\"https:\\\/\\\/www.facebook.com\\\/Loetschberg\",\"https:\\\/\\\/www.instagram.com\\\/loetschbergbern\\\/\"]}]}<\/script>\n<!-- \/ Yoast SEO plugin. -->","yoast_head_json":{"title":"Postes vacants - Restaurant L\u00f6tschberg Bern","robots":{"index":"index","follow":"follow","max-snippet":"max-snippet:-1","max-image-preview":"max-image-preview:large","max-video-preview":"max-video-preview:-1"},"canonical":"https:\/\/loetschbergbern.ch\/fr\/ueber-uns\/offene-stellen\/","og_locale":"fr_FR","og_type":"article","og_title":"Postes vacants - Restaurant L\u00f6tschberg Bern","og_description":"Nous recherchons pour une prise de fonction imm\u00e9diate ou \u00e0 convenir Servicemitarbeiter\/in 100% Wir bieten Ihr T\u00e4tigkeitsbereich Das bringen Sie mit Restaurant L\u00f6tschbergZeughausgasse 16 CH-3011 Bern Ihre AnsprechpersonMarc Enderlin gf@loetschbergbern.ch Nos cartes","og_url":"https:\/\/loetschbergbern.ch\/fr\/ueber-uns\/offene-stellen\/","og_site_name":"Restaurant L\u00f6tschberg Bern","article_publisher":"https:\/\/www.facebook.com\/Loetschberg","article_modified_time":"2024-09-19T12:51:48+00:00","og_image":[{"width":814,"height":514,"url":"https:\/\/loetschbergbern.ch\/wp-content\/uploads\/2024\/07\/AOP-IGP.jpg","type":"image\/jpeg"}],"twitter_card":"summary_large_image","twitter_misc":{"Dur\u00e9e de lecture estim\u00e9e":"1 minute"},"schema":{"@context":"https:\/\/schema.org","@graph":[{"@type":"WebPage","@id":"https:\/\/loetschbergbern.ch\/fr\/ueber-uns\/offene-stellen\/","url":"https:\/\/loetschbergbern.ch\/fr\/ueber-uns\/offene-stellen\/","name":"Postes vacants - Restaurant L\u00f6tschberg Bern","isPartOf":{"@id":"https:\/\/loetschbergbern.ch\/#website"},"datePublished":"2024-07-17T10:48:45+00:00","dateModified":"2024-09-19T12:51:48+00:00","breadcrumb":{"@id":"https:\/\/loetschbergbern.ch\/fr\/ueber-uns\/offene-stellen\/#breadcrumb"},"inLanguage":"fr-FR","potentialAction":[{"@type":"ReadAction","target":["https:\/\/loetschbergbern.ch\/fr\/ueber-uns\/offene-stellen\/"]}]},{"@type":"BreadcrumbList","@id":"https:\/\/loetschbergbern.ch\/fr\/ueber-uns\/offene-stellen\/#breadcrumb","itemListElement":[{"@type":"ListItem","position":1,"name":"Home","item":"https:\/\/loetschbergbern.ch\/fr\/"},{"@type":"ListItem","position":2,"name":"\u00c0 propos de nous","item":"https:\/\/loetschbergbern.ch\/fr\/ueber-uns\/"},{"@type":"ListItem","position":3,"name":"Postes vacants"}]},{"@type":"WebSite","@id":"https:\/\/loetschbergbern.ch\/#website","url":"https:\/\/loetschbergbern.ch\/","name":"Restaurant L\u00f6tschberg Bern","description":"Schweizer Weine und AOP-IGP Produkte","publisher":{"@id":"https:\/\/loetschbergbern.ch\/#organization"},"alternateName":"L\u00f6tschberg Bern","potentialAction":[{"@type":"SearchAction","target":{"@type":"EntryPoint","urlTemplate":"https:\/\/loetschbergbern.ch\/?s={search_term_string}"},"query-input":{"@type":"PropertyValueSpecification","valueRequired":true,"valueName":"search_term_string"}}],"inLanguage":"fr-FR"},{"@type":"Organization","@id":"https:\/\/loetschbergbern.ch\/#organization","name":"Restaurant L\u00f6tschberg Bern","url":"https:\/\/loetschbergbern.ch\/","logo":{"@type":"ImageObject","inLanguage":"fr-FR","@id":"https:\/\/loetschbergbern.ch\/#\/schema\/logo\/image\/","url":"https:\/\/loetschbergbern.ch\/wp-content\/uploads\/2025\/10\/logo.png","contentUrl":"https:\/\/loetschbergbern.ch\/wp-content\/uploads\/2025\/10\/logo.png","width":480,"height":103,"caption":"Restaurant L\u00f6tschberg Bern"},"image":{"@id":"https:\/\/loetschbergbern.ch\/#\/schema\/logo\/image\/"},"sameAs":["https:\/\/www.facebook.com\/Loetschberg","https:\/\/www.instagram.com\/loetschbergbern\/"]}]}},"_links":{"self":[{"href":"https:\/\/loetschbergbern.ch\/fr\/wp-json\/wp\/v2\/pages\/484","targetHints":{"allow":["GET"]}}],"collection":[{"href":"https:\/\/loetschbergbern.ch\/fr\/wp-json\/wp\/v2\/pages"}],"about":[{"href":"https:\/\/loetschbergbern.ch\/fr\/wp-json\/wp\/v2\/types\/page"}],"author":[{"embeddable":true,"href":"https:\/\/loetschbergbern.ch\/fr\/wp-json\/wp\/v2\/users\/1"}],"replies":[{"embeddable":true,"href":"https:\/\/loetschbergbern.ch\/fr\/wp-json\/wp\/v2\/comments?post=484"}],"version-history":[{"count":1,"href":"https:\/\/loetschbergbern.ch\/fr\/wp-json\/wp\/v2\/pages\/484\/revisions"}],"predecessor-version":[{"id":595,"href":"https:\/\/loetschbergbern.ch\/fr\/wp-json\/wp\/v2\/pages\/484\/revisions\/595"}],"up":[{"embeddable":true,"href":"https:\/\/loetschbergbern.ch\/fr\/wp-json\/wp\/v2\/pages\/510"}],"wp:attachment":[{"href":"https:\/\/loetschbergbern.ch\/fr\/wp-json\/wp\/v2\/media?parent=484"}],"curies":[{"name":"wp","href":"https:\/\/api.w.org\/{rel}","templated":true}]}}