{"id":482,"date":"2024-07-17T12:48:45","date_gmt":"2024-07-17T10:48:45","guid":{"rendered":"https:\/\/loetschbergbern.ch\/kontakt\/"},"modified":"2025-02-04T09:38:55","modified_gmt":"2025-02-04T08:38:55","slug":"kontakt","status":"publish","type":"page","link":"https:\/\/loetschbergbern.ch\/fr\/ueber-uns\/kontakt\/","title":{"rendered":"Contact"},"content":{"rendered":"\n<h2 class=\"wp-block-heading\">O\u00f9 nous trouver<\/h2>\n\n\n\n<div class=\"mapWrap\"><iframe src=\"https:\/\/www.google.com\/maps\/embed?pb=!1m18!1m12!1m3!1d2723.6393041706024!2d7.442867877577581!3d46.94912783314597!2m3!1f0!2f0!3f0!3m2!1i1024!2i768!4f13.1!3m3!1m2!1s0x478e39c1206b535f%3A0x3f9a2732e8ac1158!2sL%C3%B6tschberg!5e0!3m2!1sde!2sfr!4v1722950659195!5m2!1sde!2sfr\" width=\"100%\" height=\"500\" style=\"border:0;\" allowfullscreen=\"\" loading=\"lazy\" referrerpolicy=\"no-referrer-when-downgrade\"><\/iframe><\/div>\n\n\n\n<div class=\"wp-block-columns narrow mt70 is-layout-flex wp-container-core-columns-is-layout-9d6595d7 wp-block-columns-is-layout-flex\">\n<div class=\"wp-block-column is-layout-flow wp-block-column-is-layout-flow\">\n<h3 class=\"wp-block-heading\">Contact<\/h3>\n\n\n\n<p><strong>Restaurant L\u00f6tschberg<\/strong><br>Zeughausgasse 16 <br>CH-3011 Berne<\/p>\n\n\n\n<p><span uk-icon=\"icon:phone; ratio: 1.3\" class=\"uk-icon\"><svg width=\"26\" height=\"26\" viewBox=\"0 0 20 20\"><path fill=\"none\" stroke=\"#000\" d=\"M15.5,17 C15.5,17.8 14.8,18.5 14,18.5 L7,18.5 C6.2,18.5 5.5,17.8 5.5,17 L5.5,3 C5.5,2.2 6.2,1.5 7,1.5 L14,1.5 C14.8,1.5 15.5,2.2 15.5,3 L15.5,17 L15.5,17 L15.5,17 Z\"><\/path><circle cx=\"10.5\" cy=\"16.5\" r=\".8\"><\/circle><\/svg><\/span><a href=\"tel:+41313113455\">+41 31 311 34 55<\/a><br> <span uk-icon=\"icon:mail; ratio: 1.3\" class=\"uk-icon\"><svg width=\"26\" height=\"26\" viewBox=\"0 0 20 20\"><polyline fill=\"none\" stroke=\"#000\" points=\"1.4,6.5 10,11 18.6,6.5\"><\/polyline><path d=\"M 1,4 1,16 19,16 19,4 1,4 Z M 18,15 2,15 2,5 18,5 18,15 Z\"><\/path><\/svg><\/span> <a href=\"mailto:info@loetschbergbern.ch\">info@loetschbergbern.ch<\/a><\/p>\n<\/div>\n\n\n\n<div class=\"wp-block-column is-layout-flow wp-block-column-is-layout-flow\">\n<h3 class=\"wp-block-heading\">Horaires d\u2019ouverture<\/h3>\n\n\n\n<p>Lu-Di\u00a011h00-23h00\u00a0<\/p>\n\n\n\n<p><strong>Plats chauds:<span style=\"font-family: -webkit-standard; font-size: medium; font-weight: 400; white-space: normal;\"><\/span><br><\/strong>Lu-Di\u00a011h45-21h30<\/p>\n<\/div>\n<\/div>\n\n\n\n<p class=\"unterstrich\">Offres<\/p>\n\n\n\n<div class=\"wp-block-columns is-not-stacked-on-mobile vorlage-karten is-layout-flex wp-container-core-columns-is-layout-9d6595d7 wp-block-columns-is-layout-flex\">\n<div class=\"wp-block-column is-layout-flow wp-block-column-is-layout-flow\">\n<h2 class=\"wp-block-heading angebot\">Carte<\/h2>\n\n\n\n<figure class=\"wp-block-image size-full border\"><a href=\"\/angebote\/speisekarte\"><img loading=\"lazy\" decoding=\"async\" width=\"674\" height=\"954\" src=\"https:\/\/loetschbergbern.ch\/wp-content\/uploads\/2024\/08\/Speisekarte.jpg\" alt=\"Speisekarte\" class=\"wp-image-206\" srcset=\"https:\/\/loetschbergbern.ch\/wp-content\/uploads\/2024\/08\/Speisekarte.jpg 674w, https:\/\/loetschbergbern.ch\/wp-content\/uploads\/2024\/08\/Speisekarte-424x600.jpg 424w\" sizes=\"auto, (max-width: 674px) 100vw, 674px\" \/><\/a><\/figure>\n<\/div>\n\n\n\n<div class=\"wp-block-column is-layout-flow wp-block-column-is-layout-flow\">\n<h2 class=\"wp-block-heading angebot\">Carte des vins<\/h2>\n\n\n\n<figure class=\"wp-block-image size-full border\"><a href=\"\/angebot\/weinkarte\"><img loading=\"lazy\" decoding=\"async\" width=\"674\" height=\"954\" src=\"https:\/\/loetschbergbern.ch\/wp-content\/uploads\/2024\/08\/Weinkarte.jpg\" alt=\"Weinkarte\" class=\"wp-image-207\" srcset=\"https:\/\/loetschbergbern.ch\/wp-content\/uploads\/2024\/08\/Weinkarte.jpg 674w, https:\/\/loetschbergbern.ch\/wp-content\/uploads\/2024\/08\/Weinkarte-424x600.jpg 424w\" sizes=\"auto, (max-width: 674px) 100vw, 674px\" \/><\/a><\/figure>\n<\/div>\n\n\n\n<div class=\"wp-block-column is-layout-flow wp-block-column-is-layout-flow\">\n<h2 class=\"wp-block-heading angebot\">Carte des boissons<\/h2>\n\n\n\n<figure class=\"wp-block-image size-full border\"><a href=\"\/angebot\/getraenkekarte\"><img loading=\"lazy\" decoding=\"async\" width=\"674\" height=\"954\" src=\"https:\/\/loetschbergbern.ch\/wp-content\/uploads\/2024\/08\/Getraenkekarte.jpg\" alt=\"Getraenkekarte\" class=\"wp-image-205\" srcset=\"https:\/\/loetschbergbern.ch\/wp-content\/uploads\/2024\/08\/Getraenkekarte.jpg 674w, https:\/\/loetschbergbern.ch\/wp-content\/uploads\/2024\/08\/Getraenkekarte-424x600.jpg 424w\" sizes=\"auto, (max-width: 674px) 100vw, 674px\" \/><\/a><\/figure>\n<\/div>\n<\/div>\n","protected":false},"excerpt":{"rendered":"O\u00f9 nous trouver Contact Restaurant L\u00f6tschbergZeughausgasse 16 CH-3011 Berne +41 31 311 34 55 info@loetschbergbern.ch Horaires d\u2019ouverture Lu-Di\u00a011h00-23h00\u00a0 Plats chauds:Lu-Di\u00a011h45-21h30 Offres","protected":false},"author":1,"featured_media":0,"parent":510,"menu_order":2,"comment_status":"closed","ping_status":"closed","template":"","meta":{"_acf_changed":false,"footnotes":""},"class_list":["post-482","page","type-page","status-publish","hentry"],"acf":[],"yoast_head":"<!-- This site is optimized with the Yoast SEO plugin v27.5 - https:\/\/yoast.com\/product\/yoast-seo-wordpress\/ -->\n<title>Contact - Restaurant L\u00f6tschberg Bern<\/title>\n<meta name=\"robots\" content=\"index, follow, max-snippet:-1, max-image-preview:large, max-video-preview:-1\" \/>\n<link rel=\"canonical\" href=\"https:\/\/loetschbergbern.ch\/fr\/ueber-uns\/kontakt\/\" \/>\n<meta property=\"og:locale\" content=\"fr_FR\" \/>\n<meta property=\"og:type\" content=\"article\" \/>\n<meta property=\"og:title\" content=\"Contact - Restaurant L\u00f6tschberg Bern\" \/>\n<meta property=\"og:description\" content=\"O\u00f9 nous trouver Contact Restaurant L\u00f6tschbergZeughausgasse 16 CH-3011 Berne +41 31 311 34 55 info@loetschbergbern.ch Horaires d\u2019ouverture Lu-Di\u00a011h00-23h00\u00a0 Plats chauds:Lu-Di\u00a011h45-21h30 Offres\" \/>\n<meta property=\"og:url\" content=\"https:\/\/loetschbergbern.ch\/fr\/ueber-uns\/kontakt\/\" \/>\n<meta property=\"og:site_name\" content=\"Restaurant L\u00f6tschberg Bern\" \/>\n<meta property=\"article:publisher\" content=\"https:\/\/www.facebook.com\/Loetschberg\" \/>\n<meta property=\"article:modified_time\" content=\"2025-02-04T08:38:55+00:00\" \/>\n<meta property=\"og:image\" content=\"https:\/\/loetschbergbern.ch\/wp-content\/uploads\/2024\/07\/AOP-IGP.jpg\" \/>\n\t<meta property=\"og:image:width\" content=\"814\" \/>\n\t<meta property=\"og:image:height\" content=\"514\" \/>\n\t<meta property=\"og:image:type\" content=\"image\/jpeg\" \/>\n<meta name=\"twitter:card\" content=\"summary_large_image\" \/>\n<script type=\"application\/ld+json\" class=\"yoast-schema-graph\">{\"@context\":\"https:\\\/\\\/schema.org\",\"@graph\":[{\"@type\":\"WebPage\",\"@id\":\"https:\\\/\\\/loetschbergbern.ch\\\/fr\\\/ueber-uns\\\/kontakt\\\/\",\"url\":\"https:\\\/\\\/loetschbergbern.ch\\\/fr\\\/ueber-uns\\\/kontakt\\\/\",\"name\":\"Contact - Restaurant L\u00f6tschberg Bern\",\"isPartOf\":{\"@id\":\"https:\\\/\\\/loetschbergbern.ch\\\/#website\"},\"datePublished\":\"2024-07-17T10:48:45+00:00\",\"dateModified\":\"2025-02-04T08:38:55+00:00\",\"breadcrumb\":{\"@id\":\"https:\\\/\\\/loetschbergbern.ch\\\/fr\\\/ueber-uns\\\/kontakt\\\/#breadcrumb\"},\"inLanguage\":\"fr-FR\",\"potentialAction\":[{\"@type\":\"ReadAction\",\"target\":[\"https:\\\/\\\/loetschbergbern.ch\\\/fr\\\/ueber-uns\\\/kontakt\\\/\"]}]},{\"@type\":\"BreadcrumbList\",\"@id\":\"https:\\\/\\\/loetschbergbern.ch\\\/fr\\\/ueber-uns\\\/kontakt\\\/#breadcrumb\",\"itemListElement\":[{\"@type\":\"ListItem\",\"position\":1,\"name\":\"Home\",\"item\":\"https:\\\/\\\/loetschbergbern.ch\\\/fr\\\/\"},{\"@type\":\"ListItem\",\"position\":2,\"name\":\"\u00c0 propos de nous\",\"item\":\"https:\\\/\\\/loetschbergbern.ch\\\/fr\\\/ueber-uns\\\/\"},{\"@type\":\"ListItem\",\"position\":3,\"name\":\"Contact\"}]},{\"@type\":\"WebSite\",\"@id\":\"https:\\\/\\\/loetschbergbern.ch\\\/#website\",\"url\":\"https:\\\/\\\/loetschbergbern.ch\\\/\",\"name\":\"Restaurant L\u00f6tschberg Bern\",\"description\":\"Schweizer Weine und AOP-IGP Produkte\",\"publisher\":{\"@id\":\"https:\\\/\\\/loetschbergbern.ch\\\/#organization\"},\"alternateName\":\"L\u00f6tschberg Bern\",\"potentialAction\":[{\"@type\":\"SearchAction\",\"target\":{\"@type\":\"EntryPoint\",\"urlTemplate\":\"https:\\\/\\\/loetschbergbern.ch\\\/?s={search_term_string}\"},\"query-input\":{\"@type\":\"PropertyValueSpecification\",\"valueRequired\":true,\"valueName\":\"search_term_string\"}}],\"inLanguage\":\"fr-FR\"},{\"@type\":\"Organization\",\"@id\":\"https:\\\/\\\/loetschbergbern.ch\\\/#organization\",\"name\":\"Restaurant L\u00f6tschberg Bern\",\"url\":\"https:\\\/\\\/loetschbergbern.ch\\\/\",\"logo\":{\"@type\":\"ImageObject\",\"inLanguage\":\"fr-FR\",\"@id\":\"https:\\\/\\\/loetschbergbern.ch\\\/#\\\/schema\\\/logo\\\/image\\\/\",\"url\":\"https:\\\/\\\/loetschbergbern.ch\\\/wp-content\\\/uploads\\\/2025\\\/10\\\/logo.png\",\"contentUrl\":\"https:\\\/\\\/loetschbergbern.ch\\\/wp-content\\\/uploads\\\/2025\\\/10\\\/logo.png\",\"width\":480,\"height\":103,\"caption\":\"Restaurant L\u00f6tschberg Bern\"},\"image\":{\"@id\":\"https:\\\/\\\/loetschbergbern.ch\\\/#\\\/schema\\\/logo\\\/image\\\/\"},\"sameAs\":[\"https:\\\/\\\/www.facebook.com\\\/Loetschberg\",\"https:\\\/\\\/www.instagram.com\\\/loetschbergbern\\\/\"]}]}<\/script>\n<!-- \/ Yoast SEO plugin. -->","yoast_head_json":{"title":"Contact - Restaurant L\u00f6tschberg Bern","robots":{"index":"index","follow":"follow","max-snippet":"max-snippet:-1","max-image-preview":"max-image-preview:large","max-video-preview":"max-video-preview:-1"},"canonical":"https:\/\/loetschbergbern.ch\/fr\/ueber-uns\/kontakt\/","og_locale":"fr_FR","og_type":"article","og_title":"Contact - Restaurant L\u00f6tschberg Bern","og_description":"O\u00f9 nous trouver Contact Restaurant L\u00f6tschbergZeughausgasse 16 CH-3011 Berne +41 31 311 34 55 info@loetschbergbern.ch Horaires d\u2019ouverture Lu-Di\u00a011h00-23h00\u00a0 Plats chauds:Lu-Di\u00a011h45-21h30 Offres","og_url":"https:\/\/loetschbergbern.ch\/fr\/ueber-uns\/kontakt\/","og_site_name":"Restaurant L\u00f6tschberg Bern","article_publisher":"https:\/\/www.facebook.com\/Loetschberg","article_modified_time":"2025-02-04T08:38:55+00:00","og_image":[{"width":814,"height":514,"url":"https:\/\/loetschbergbern.ch\/wp-content\/uploads\/2024\/07\/AOP-IGP.jpg","type":"image\/jpeg"}],"twitter_card":"summary_large_image","schema":{"@context":"https:\/\/schema.org","@graph":[{"@type":"WebPage","@id":"https:\/\/loetschbergbern.ch\/fr\/ueber-uns\/kontakt\/","url":"https:\/\/loetschbergbern.ch\/fr\/ueber-uns\/kontakt\/","name":"Contact - Restaurant L\u00f6tschberg Bern","isPartOf":{"@id":"https:\/\/loetschbergbern.ch\/#website"},"datePublished":"2024-07-17T10:48:45+00:00","dateModified":"2025-02-04T08:38:55+00:00","breadcrumb":{"@id":"https:\/\/loetschbergbern.ch\/fr\/ueber-uns\/kontakt\/#breadcrumb"},"inLanguage":"fr-FR","potentialAction":[{"@type":"ReadAction","target":["https:\/\/loetschbergbern.ch\/fr\/ueber-uns\/kontakt\/"]}]},{"@type":"BreadcrumbList","@id":"https:\/\/loetschbergbern.ch\/fr\/ueber-uns\/kontakt\/#breadcrumb","itemListElement":[{"@type":"ListItem","position":1,"name":"Home","item":"https:\/\/loetschbergbern.ch\/fr\/"},{"@type":"ListItem","position":2,"name":"\u00c0 propos de nous","item":"https:\/\/loetschbergbern.ch\/fr\/ueber-uns\/"},{"@type":"ListItem","position":3,"name":"Contact"}]},{"@type":"WebSite","@id":"https:\/\/loetschbergbern.ch\/#website","url":"https:\/\/loetschbergbern.ch\/","name":"Restaurant L\u00f6tschberg Bern","description":"Schweizer Weine und AOP-IGP Produkte","publisher":{"@id":"https:\/\/loetschbergbern.ch\/#organization"},"alternateName":"L\u00f6tschberg Bern","potentialAction":[{"@type":"SearchAction","target":{"@type":"EntryPoint","urlTemplate":"https:\/\/loetschbergbern.ch\/?s={search_term_string}"},"query-input":{"@type":"PropertyValueSpecification","valueRequired":true,"valueName":"search_term_string"}}],"inLanguage":"fr-FR"},{"@type":"Organization","@id":"https:\/\/loetschbergbern.ch\/#organization","name":"Restaurant L\u00f6tschberg Bern","url":"https:\/\/loetschbergbern.ch\/","logo":{"@type":"ImageObject","inLanguage":"fr-FR","@id":"https:\/\/loetschbergbern.ch\/#\/schema\/logo\/image\/","url":"https:\/\/loetschbergbern.ch\/wp-content\/uploads\/2025\/10\/logo.png","contentUrl":"https:\/\/loetschbergbern.ch\/wp-content\/uploads\/2025\/10\/logo.png","width":480,"height":103,"caption":"Restaurant L\u00f6tschberg Bern"},"image":{"@id":"https:\/\/loetschbergbern.ch\/#\/schema\/logo\/image\/"},"sameAs":["https:\/\/www.facebook.com\/Loetschberg","https:\/\/www.instagram.com\/loetschbergbern\/"]}]}},"_links":{"self":[{"href":"https:\/\/loetschbergbern.ch\/fr\/wp-json\/wp\/v2\/pages\/482","targetHints":{"allow":["GET"]}}],"collection":[{"href":"https:\/\/loetschbergbern.ch\/fr\/wp-json\/wp\/v2\/pages"}],"about":[{"href":"https:\/\/loetschbergbern.ch\/fr\/wp-json\/wp\/v2\/types\/page"}],"author":[{"embeddable":true,"href":"https:\/\/loetschbergbern.ch\/fr\/wp-json\/wp\/v2\/users\/1"}],"replies":[{"embeddable":true,"href":"https:\/\/loetschbergbern.ch\/fr\/wp-json\/wp\/v2\/comments?post=482"}],"version-history":[{"count":3,"href":"https:\/\/loetschbergbern.ch\/fr\/wp-json\/wp\/v2\/pages\/482\/revisions"}],"predecessor-version":[{"id":931,"href":"https:\/\/loetschbergbern.ch\/fr\/wp-json\/wp\/v2\/pages\/482\/revisions\/931"}],"up":[{"embeddable":true,"href":"https:\/\/loetschbergbern.ch\/fr\/wp-json\/wp\/v2\/pages\/510"}],"wp:attachment":[{"href":"https:\/\/loetschbergbern.ch\/fr\/wp-json\/wp\/v2\/media?parent=482"}],"curies":[{"name":"wp","href":"https:\/\/api.w.org\/{rel}","templated":true}]}}