{"id":478,"date":"2024-07-17T12:48:45","date_gmt":"2024-07-17T10:48:45","guid":{"rendered":"https:\/\/loetschbergbern.ch\/konzept\/"},"modified":"2025-01-29T08:07:21","modified_gmt":"2025-01-29T07:07:21","slug":"konzept","status":"publish","type":"page","link":"https:\/\/loetschbergbern.ch\/fr\/ueber-uns\/konzept\/","title":{"rendered":"Concept"},"content":{"rendered":"\n<h2 class=\"wp-block-heading\">Le restaurant L\u00f6tschberg appartient aux producteurs<\/h2>\n\n\n\n<p>Le restaurant L\u00f6tschberg est unique, aussi bien&nbsp;dans sa&nbsp;structure que&nbsp;pour son&nbsp;offre&nbsp;culinaire. Plus de 30 viticulteurs, 2 distillateurs, ainsi que l\u2019Association suisse des AOP-IGP sont&nbsp;en effet&nbsp;propri\u00e9taires du restaurant L\u00f6tschberg, situ\u00e9 au c\u0153ur de Berne.&nbsp;Ils approvisionnent&nbsp;ainsi&nbsp;r\u00e9guli\u00e8rement le \u00abL\u00f6tschberg\u00bb avec leurs d\u00e9licieuses sp\u00e9cialit\u00e9s typiquement suisses, que l\u2019\u00e9quipe de cuisine exp\u00e9riment\u00e9e&nbsp;met en valeur&nbsp;chaque jour&nbsp;dans&nbsp;des plats savoureux.<br><\/p>\n\n\n\n<div class=\"wp-block-columns two-img is-layout-flex wp-container-core-columns-is-layout-9d6595d7 wp-block-columns-is-layout-flex\">\n<div class=\"wp-block-column is-layout-flow wp-block-column-is-layout-flow\">\n<figure class=\"wp-block-image size-large\"><img loading=\"lazy\" decoding=\"async\" width=\"800\" height=\"505\" src=\"https:\/\/loetschbergbern.ch\/wp-content\/uploads\/2024\/08\/Fleischplatte-800x505.jpg\" alt=\"Fleischplatte\" class=\"wp-image-121\" srcset=\"https:\/\/loetschbergbern.ch\/wp-content\/uploads\/2024\/08\/Fleischplatte-800x505.jpg 800w, https:\/\/loetschbergbern.ch\/wp-content\/uploads\/2024\/08\/Fleischplatte-600x379.jpg 600w, https:\/\/loetschbergbern.ch\/wp-content\/uploads\/2024\/08\/Fleischplatte-768x485.jpg 768w, https:\/\/loetschbergbern.ch\/wp-content\/uploads\/2024\/08\/Fleischplatte.jpg 814w\" sizes=\"auto, (max-width: 800px) 100vw, 800px\" \/><\/figure>\n<\/div>\n\n\n\n<div class=\"wp-block-column is-layout-flow wp-block-column-is-layout-flow\">\n<figure class=\"wp-block-image size-large\"><img loading=\"lazy\" decoding=\"async\" width=\"800\" height=\"505\" src=\"https:\/\/loetschbergbern.ch\/wp-content\/uploads\/2024\/08\/Fleischplatte_mit_Wein-800x505.jpg\" alt=\"Fleischplatte_mit_Wein\" class=\"wp-image-122\" srcset=\"https:\/\/loetschbergbern.ch\/wp-content\/uploads\/2024\/08\/Fleischplatte_mit_Wein-800x505.jpg 800w, https:\/\/loetschbergbern.ch\/wp-content\/uploads\/2024\/08\/Fleischplatte_mit_Wein-600x379.jpg 600w, https:\/\/loetschbergbern.ch\/wp-content\/uploads\/2024\/08\/Fleischplatte_mit_Wein-768x485.jpg 768w, https:\/\/loetschbergbern.ch\/wp-content\/uploads\/2024\/08\/Fleischplatte_mit_Wein.jpg 814w\" sizes=\"auto, (max-width: 800px) 100vw, 800px\" \/><\/figure>\n<\/div>\n<\/div>\n\n\n\n<p>Il n\u2019y a donc rien d\u2019\u00e9tonnant \u00e0 ce que le \u00abL\u00f6tschberg\u00bb propose la plus vaste et la plus grande carte de vins compos\u00e9e exclusivement de vins suisses&nbsp;provenant de tout le pays et une multitude de plats suisses authentiques.&nbsp;En plus des sortes&nbsp;de fromage et de charcuterie traditionnelles prot\u00e9g\u00e9es par une AOP (appellation d\u2019origine) ou une IGP (indication g\u00e9ographique) par la Conf\u00e9d\u00e9ration, seuls&nbsp;des produits d\u2019origine suisse entrent dans la composition des menus.&nbsp;<br><\/p>\n\n\n\n<div id=\"block_ae0995b29de8961329230eb2aad3a3ec\" class=\"block-karussell alignfull\">\n\t<div uk-slider=\"autoplay: true\">\n\t\t<div class=\"uk-position-relative\">\n\t\t\t<div class=\"uk-slider-container\">\n\t\t\t\t<div class=\"uk-slider-items uk-child-width-1-2@s uk-child-width-1-3@m uk-grid\">\n\t\t\n\t\t\t\t\t\t\t\t\t\t\t<div>\n\t\t\t\t\t\t\t<div class=\"uk-panel\">\n\t\t\t\t\t\t\t\t<img decoding=\"async\" src=\"https:\/\/loetschbergbern.ch\/wp-content\/uploads\/2024\/10\/Wein_1.jpg\" alt=\"Wein 1\" \/>\n\t\t\t\t\t\t\t<\/div>\n\t\t\t\t\t\t<\/div>\n\t\t\t\t\t\t\t\t\t\t\t<div>\n\t\t\t\t\t\t\t<div class=\"uk-panel\">\n\t\t\t\t\t\t\t\t<img decoding=\"async\" src=\"https:\/\/loetschbergbern.ch\/wp-content\/uploads\/2024\/10\/Berner_Alpkaese_sw.jpg\" alt=\"Berner Alpkaese sw\" \/>\n\t\t\t\t\t\t\t<\/div>\n\t\t\t\t\t\t<\/div>\n\t\t\t\t\t\t\t\t\t\t\t<div>\n\t\t\t\t\t\t\t<div class=\"uk-panel\">\n\t\t\t\t\t\t\t\t<img decoding=\"async\" src=\"https:\/\/loetschbergbern.ch\/wp-content\/uploads\/2024\/10\/Wein_2.jpg\" alt=\"Wein 2\" \/>\n\t\t\t\t\t\t\t<\/div>\n\t\t\t\t\t\t<\/div>\n\t\t\t\t\t\t\t\t\t\t\t<div>\n\t\t\t\t\t\t\t<div class=\"uk-panel\">\n\t\t\t\t\t\t\t\t<img decoding=\"async\" src=\"https:\/\/loetschbergbern.ch\/wp-content\/uploads\/2024\/10\/Jambon_cru_du_Valais_sw.jpg\" alt=\"Jambon cru du Valais sw\" \/>\n\t\t\t\t\t\t\t<\/div>\n\t\t\t\t\t\t<\/div>\n\t\t\t\t\t\t\t\t\t\t\t<div>\n\t\t\t\t\t\t\t<div class=\"uk-panel\">\n\t\t\t\t\t\t\t\t<img decoding=\"async\" src=\"https:\/\/loetschbergbern.ch\/wp-content\/uploads\/2024\/10\/Abricotine_sw.jpg\" alt=\"Abricotine sw\" \/>\n\t\t\t\t\t\t\t<\/div>\n\t\t\t\t\t\t<\/div>\n\t\t\t\t\t\t\t\t\t\t\t<div>\n\t\t\t\t\t\t\t<div class=\"uk-panel\">\n\t\t\t\t\t\t\t\t<img decoding=\"async\" src=\"https:\/\/loetschbergbern.ch\/wp-content\/uploads\/2024\/10\/Wallister_Trockenfleisch_sw.jpg\" alt=\"Wallister Trockenfleisch sw\" \/>\n\t\t\t\t\t\t\t<\/div>\n\t\t\t\t\t\t<\/div>\n\t\t\t\t\t\t\t\t\t\t\t<div>\n\t\t\t\t\t\t\t<div class=\"uk-panel\">\n\t\t\t\t\t\t\t\t<img decoding=\"async\" src=\"https:\/\/loetschbergbern.ch\/wp-content\/uploads\/2024\/10\/Damassine_sw.jpg\" alt=\"Damassine sw\" \/>\n\t\t\t\t\t\t\t<\/div>\n\t\t\t\t\t\t<\/div>\n\t\t\t\t\t\t\t\t\t\t\t<div>\n\t\t\t\t\t\t\t<div class=\"uk-panel\">\n\t\t\t\t\t\t\t\t<img decoding=\"async\" src=\"https:\/\/loetschbergbern.ch\/wp-content\/uploads\/2024\/10\/Raclette_sw.jpg\" alt=\"Raclette sw\" \/>\n\t\t\t\t\t\t\t<\/div>\n\t\t\t\t\t\t<\/div>\n\t\t\t\t\t\t\t\t\t\t\t<div>\n\t\t\t\t\t\t\t<div class=\"uk-panel\">\n\t\t\t\t\t\t\t\t<img decoding=\"async\" src=\"https:\/\/loetschbergbern.ch\/wp-content\/uploads\/2024\/10\/Ribelmais_sw.jpg\" alt=\"Ribelmais sw\" \/>\n\t\t\t\t\t\t\t<\/div>\n\t\t\t\t\t\t<\/div>\n\t\t\t\t\t\t\t\t\t\t\t<div>\n\t\t\t\t\t\t\t<div class=\"uk-panel\">\n\t\t\t\t\t\t\t\t<img decoding=\"async\" src=\"https:\/\/loetschbergbern.ch\/wp-content\/uploads\/2024\/10\/Roggenbrot_sw.jpg\" alt=\"Roggenbrot sw\" \/>\n\t\t\t\t\t\t\t<\/div>\n\t\t\t\t\t\t<\/div>\n\t\t\t\t\t\t\t\t\t\t\t<div>\n\t\t\t\t\t\t\t<div class=\"uk-panel\">\n\t\t\t\t\t\t\t\t<img decoding=\"async\" src=\"https:\/\/loetschbergbern.ch\/wp-content\/uploads\/2024\/10\/Saucisson_vaudvoise_sw.jpg\" alt=\"Saucisson vaudvoise sw\" \/>\n\t\t\t\t\t\t\t<\/div>\n\t\t\t\t\t\t<\/div>\n\t\t\t\t\t\t\t\t\t\t\t<div>\n\t\t\t\t\t\t\t<div class=\"uk-panel\">\n\t\t\t\t\t\t\t\t<img decoding=\"async\" src=\"https:\/\/loetschbergbern.ch\/wp-content\/uploads\/2024\/10\/St_Galler_Bratwurst_sw.jpg\" alt=\"St Galler Bratwurst sw\" \/>\n\t\t\t\t\t\t\t<\/div>\n\t\t\t\t\t\t<\/div>\n\t\t\t\t\t\t\t\t\t\t\t<div>\n\t\t\t\t\t\t\t<div class=\"uk-panel\">\n\t\t\t\t\t\t\t\t<img decoding=\"async\" src=\"https:\/\/loetschbergbern.ch\/wp-content\/uploads\/2024\/10\/TetedeMoine_sw.jpg\" alt=\"TetedeMoine sw\" \/>\n\t\t\t\t\t\t\t<\/div>\n\t\t\t\t\t\t<\/div>\n\t\t\t\t\t\t\t\n\t\t\t\t<\/div>\n\t\t\t<\/div>\n\t\t\t<a class=\"uk-position-center-left-out\" href uk-slidenav-previous uk-slider-item=\"previous\"><\/a>\n\t\t\t<a class=\"uk-position-center-right-out\" href uk-slidenav-next uk-slider-item=\"next\"><\/a>\n\t\t<\/div>\n\t<\/div>\n<\/div>\n\n\n<p>Le \u00abL\u00f6tschberg\u00bb vous permet de vivre une escapade culinaire incomparable \u00e0 travers la Suisse. Nous sommes fiers de vous proposer des produits au go\u00fbt typiquement suisse :&nbsp;bon app\u00e9tit&nbsp;!<br><\/p>\n\n\n\n<div class=\"wp-block-columns is-not-stacked-on-mobile prod-logos is-layout-flex wp-container-core-columns-is-layout-9d6595d7 wp-block-columns-is-layout-flex\">\n<div class=\"wp-block-column is-layout-flow wp-block-column-is-layout-flow\" style=\"flex-basis:40%\">\n<figure class=\"wp-block-image alignright size-full is-resized\"><a href=\"https:\/\/aop-igp.ch\" target=\"_blank\" rel=\"noreferrer noopener\"><img decoding=\"async\" src=\"https:\/\/loetschbergbern.ch\/wp-content\/uploads\/2024\/07\/Logo_AOP-IGP.svg\" alt=\"Logo AOP-IGP\" class=\"wp-image-104\" style=\"width:192px;height:auto\"\/><\/a><\/figure>\n<\/div>\n\n\n\n<div class=\"wp-block-column is-layout-flow wp-block-column-is-layout-flow\" style=\"flex-basis:20%\">\n<figure class=\"wp-block-image aligncenter size-full is-resized\"><a href=\"https:\/\/www.swisswine.ch\/\" target=\"_blank\" rel=\"noreferrer noopener\"><img decoding=\"async\" src=\"https:\/\/loetschbergbern.ch\/wp-content\/uploads\/2024\/07\/Logo_SWISS_WINE.svg\" alt=\"Logo SWISS WINE\" class=\"wp-image-102\" style=\"width:87px;height:auto\"\/><\/a><\/figure>\n<\/div>\n\n\n\n<div class=\"wp-block-column is-layout-flow wp-block-column-is-layout-flow\" style=\"flex-basis:40%\">\n<figure class=\"wp-block-image alignleft size-large is-resized\"><a href=\"https:\/\/schweizerfleisch.ch\/\" target=\"_blank\" rel=\"noreferrer noopener\"><img loading=\"lazy\" decoding=\"async\" width=\"800\" height=\"360\" src=\"https:\/\/loetschbergbern.ch\/wp-content\/uploads\/2024\/07\/Logo_Schweizer_Fleisch-800x360.png\" alt=\"Logo Schweizer Fleisch\" class=\"wp-image-103\" style=\"width:209px;height:auto\" srcset=\"https:\/\/loetschbergbern.ch\/wp-content\/uploads\/2024\/07\/Logo_Schweizer_Fleisch-800x360.png 800w, https:\/\/loetschbergbern.ch\/wp-content\/uploads\/2024\/07\/Logo_Schweizer_Fleisch-600x270.png 600w, https:\/\/loetschbergbern.ch\/wp-content\/uploads\/2024\/07\/Logo_Schweizer_Fleisch-768x346.png 768w, https:\/\/loetschbergbern.ch\/wp-content\/uploads\/2024\/07\/Logo_Schweizer_Fleisch.png 833w\" sizes=\"auto, (max-width: 800px) 100vw, 800px\" \/><\/a><\/figure>\n<\/div>\n<\/div>\n\n\n\n<p class=\"unterstrich\">Offres<\/p>\n\n\n\n<div class=\"wp-block-columns is-not-stacked-on-mobile vorlage-karten is-layout-flex wp-container-core-columns-is-layout-9d6595d7 wp-block-columns-is-layout-flex\">\n<div class=\"wp-block-column is-layout-flow wp-block-column-is-layout-flow\">\n<h2 class=\"wp-block-heading angebot\">Carte<\/h2>\n\n\n\n<figure class=\"wp-block-image size-full border\"><a href=\"\/angebote\/speisekarte\"><img loading=\"lazy\" decoding=\"async\" width=\"674\" height=\"954\" src=\"https:\/\/loetschbergbern.ch\/wp-content\/uploads\/2024\/08\/Speisekarte.jpg\" alt=\"Speisekarte\" class=\"wp-image-206\" srcset=\"https:\/\/loetschbergbern.ch\/wp-content\/uploads\/2024\/08\/Speisekarte.jpg 674w, https:\/\/loetschbergbern.ch\/wp-content\/uploads\/2024\/08\/Speisekarte-424x600.jpg 424w\" sizes=\"auto, (max-width: 674px) 100vw, 674px\" \/><\/a><\/figure>\n<\/div>\n\n\n\n<div class=\"wp-block-column is-layout-flow wp-block-column-is-layout-flow\">\n<h2 class=\"wp-block-heading angebot\">Carte des vins<\/h2>\n\n\n\n<figure class=\"wp-block-image size-full border\"><a href=\"\/angebot\/weinkarte\"><img loading=\"lazy\" decoding=\"async\" width=\"674\" height=\"954\" src=\"https:\/\/loetschbergbern.ch\/wp-content\/uploads\/2024\/08\/Weinkarte.jpg\" alt=\"Weinkarte\" class=\"wp-image-207\" srcset=\"https:\/\/loetschbergbern.ch\/wp-content\/uploads\/2024\/08\/Weinkarte.jpg 674w, https:\/\/loetschbergbern.ch\/wp-content\/uploads\/2024\/08\/Weinkarte-424x600.jpg 424w\" sizes=\"auto, (max-width: 674px) 100vw, 674px\" \/><\/a><\/figure>\n<\/div>\n\n\n\n<div class=\"wp-block-column is-layout-flow wp-block-column-is-layout-flow\">\n<h2 class=\"wp-block-heading angebot\">Carte des boissons<\/h2>\n\n\n\n<figure class=\"wp-block-image size-full border\"><a href=\"\/angebot\/getraenkekarte\"><img loading=\"lazy\" decoding=\"async\" width=\"674\" height=\"954\" src=\"https:\/\/loetschbergbern.ch\/wp-content\/uploads\/2024\/08\/Getraenkekarte.jpg\" alt=\"Getraenkekarte\" class=\"wp-image-205\" srcset=\"https:\/\/loetschbergbern.ch\/wp-content\/uploads\/2024\/08\/Getraenkekarte.jpg 674w, https:\/\/loetschbergbern.ch\/wp-content\/uploads\/2024\/08\/Getraenkekarte-424x600.jpg 424w\" sizes=\"auto, (max-width: 674px) 100vw, 674px\" \/><\/a><\/figure>\n<\/div>\n<\/div>\n","protected":false},"excerpt":{"rendered":"Le restaurant L\u00f6tschberg appartient aux producteurs Le restaurant L\u00f6tschberg est unique, aussi bien&nbsp;dans sa&nbsp;structure que&nbsp;pour son&nbsp;offre&nbsp;culinaire. Plus de 30 viticulteurs, 2 distillateurs, ainsi que l\u2019Association suisse des AOP-IGP sont&nbsp;en effet&nbsp;propri\u00e9taires du restaurant L\u00f6tschberg, situ\u00e9 au c\u0153ur de Berne.&nbsp;Ils approvisionnent&nbsp;ainsi&nbsp;r\u00e9guli\u00e8rement le \u00abL\u00f6tschberg\u00bb avec leurs d\u00e9licieuses sp\u00e9cialit\u00e9s typiquement suisses, que l\u2019\u00e9quipe de cuisine exp\u00e9riment\u00e9e&nbsp;met en valeur&nbsp;chaque jour&nbsp;dans&nbsp;des plats savoureux. Il n\u2019y a donc rien d\u2019\u00e9tonnant \u00e0 ce que le \u00abL\u00f6tschberg\u00bb propose la plus vaste et la plus grande carte de vins compos\u00e9e [&hellip;]","protected":false},"author":1,"featured_media":0,"parent":510,"menu_order":0,"comment_status":"closed","ping_status":"closed","template":"","meta":{"_acf_changed":false,"footnotes":""},"class_list":["post-478","page","type-page","status-publish","hentry"],"acf":[],"yoast_head":"<!-- This site is optimized with the Yoast SEO plugin v27.5 - https:\/\/yoast.com\/product\/yoast-seo-wordpress\/ -->\n<title>Concept - Restaurant L\u00f6tschberg Bern<\/title>\n<meta name=\"robots\" content=\"index, follow, max-snippet:-1, max-image-preview:large, max-video-preview:-1\" \/>\n<link rel=\"canonical\" href=\"https:\/\/loetschbergbern.ch\/fr\/ueber-uns\/konzept\/\" \/>\n<meta property=\"og:locale\" content=\"fr_FR\" \/>\n<meta property=\"og:type\" content=\"article\" \/>\n<meta property=\"og:title\" content=\"Concept - Restaurant L\u00f6tschberg Bern\" \/>\n<meta property=\"og:description\" content=\"Le restaurant L\u00f6tschberg appartient aux producteurs Le restaurant L\u00f6tschberg est unique, aussi bien&nbsp;dans sa&nbsp;structure que&nbsp;pour son&nbsp;offre&nbsp;culinaire. Plus de 30 viticulteurs, 2 distillateurs, ainsi que l\u2019Association suisse des AOP-IGP sont&nbsp;en effet&nbsp;propri\u00e9taires du restaurant L\u00f6tschberg, situ\u00e9 au c\u0153ur de Berne.&nbsp;Ils approvisionnent&nbsp;ainsi&nbsp;r\u00e9guli\u00e8rement le \u00abL\u00f6tschberg\u00bb avec leurs d\u00e9licieuses sp\u00e9cialit\u00e9s typiquement suisses, que l\u2019\u00e9quipe de cuisine exp\u00e9riment\u00e9e&nbsp;met en valeur&nbsp;chaque jour&nbsp;dans&nbsp;des plats savoureux. Il n\u2019y a donc rien d\u2019\u00e9tonnant \u00e0 ce que le \u00abL\u00f6tschberg\u00bb propose la plus vaste et la plus grande carte de vins compos\u00e9e [&hellip;]\" \/>\n<meta property=\"og:url\" content=\"https:\/\/loetschbergbern.ch\/fr\/ueber-uns\/konzept\/\" \/>\n<meta property=\"og:site_name\" content=\"Restaurant L\u00f6tschberg Bern\" \/>\n<meta property=\"article:publisher\" content=\"https:\/\/www.facebook.com\/Loetschberg\" \/>\n<meta property=\"article:modified_time\" content=\"2025-01-29T07:07:21+00:00\" \/>\n<meta property=\"og:image\" content=\"https:\/\/loetschbergbern.ch\/wp-content\/uploads\/2024\/08\/Fleischplatte.jpg\" \/>\n\t<meta property=\"og:image:width\" content=\"814\" \/>\n\t<meta property=\"og:image:height\" content=\"514\" \/>\n\t<meta property=\"og:image:type\" content=\"image\/jpeg\" \/>\n<meta name=\"twitter:card\" content=\"summary_large_image\" \/>\n<meta name=\"twitter:label1\" content=\"Dur\u00e9e de lecture estim\u00e9e\" \/>\n\t<meta name=\"twitter:data1\" content=\"1 minute\" \/>\n<script type=\"application\/ld+json\" class=\"yoast-schema-graph\">{\"@context\":\"https:\\\/\\\/schema.org\",\"@graph\":[{\"@type\":\"WebPage\",\"@id\":\"https:\\\/\\\/loetschbergbern.ch\\\/fr\\\/ueber-uns\\\/konzept\\\/\",\"url\":\"https:\\\/\\\/loetschbergbern.ch\\\/fr\\\/ueber-uns\\\/konzept\\\/\",\"name\":\"Concept - Restaurant L\u00f6tschberg Bern\",\"isPartOf\":{\"@id\":\"https:\\\/\\\/loetschbergbern.ch\\\/#website\"},\"primaryImageOfPage\":{\"@id\":\"https:\\\/\\\/loetschbergbern.ch\\\/fr\\\/ueber-uns\\\/konzept\\\/#primaryimage\"},\"image\":{\"@id\":\"https:\\\/\\\/loetschbergbern.ch\\\/fr\\\/ueber-uns\\\/konzept\\\/#primaryimage\"},\"thumbnailUrl\":\"https:\\\/\\\/loetschbergbern.ch\\\/wp-content\\\/uploads\\\/2024\\\/08\\\/Fleischplatte-800x505.jpg\",\"datePublished\":\"2024-07-17T10:48:45+00:00\",\"dateModified\":\"2025-01-29T07:07:21+00:00\",\"breadcrumb\":{\"@id\":\"https:\\\/\\\/loetschbergbern.ch\\\/fr\\\/ueber-uns\\\/konzept\\\/#breadcrumb\"},\"inLanguage\":\"fr-FR\",\"potentialAction\":[{\"@type\":\"ReadAction\",\"target\":[\"https:\\\/\\\/loetschbergbern.ch\\\/fr\\\/ueber-uns\\\/konzept\\\/\"]}]},{\"@type\":\"ImageObject\",\"inLanguage\":\"fr-FR\",\"@id\":\"https:\\\/\\\/loetschbergbern.ch\\\/fr\\\/ueber-uns\\\/konzept\\\/#primaryimage\",\"url\":\"https:\\\/\\\/loetschbergbern.ch\\\/wp-content\\\/uploads\\\/2024\\\/08\\\/Fleischplatte-800x505.jpg\",\"contentUrl\":\"https:\\\/\\\/loetschbergbern.ch\\\/wp-content\\\/uploads\\\/2024\\\/08\\\/Fleischplatte-800x505.jpg\"},{\"@type\":\"BreadcrumbList\",\"@id\":\"https:\\\/\\\/loetschbergbern.ch\\\/fr\\\/ueber-uns\\\/konzept\\\/#breadcrumb\",\"itemListElement\":[{\"@type\":\"ListItem\",\"position\":1,\"name\":\"Home\",\"item\":\"https:\\\/\\\/loetschbergbern.ch\\\/fr\\\/\"},{\"@type\":\"ListItem\",\"position\":2,\"name\":\"\u00c0 propos de nous\",\"item\":\"https:\\\/\\\/loetschbergbern.ch\\\/fr\\\/ueber-uns\\\/\"},{\"@type\":\"ListItem\",\"position\":3,\"name\":\"Concept\"}]},{\"@type\":\"WebSite\",\"@id\":\"https:\\\/\\\/loetschbergbern.ch\\\/#website\",\"url\":\"https:\\\/\\\/loetschbergbern.ch\\\/\",\"name\":\"Restaurant L\u00f6tschberg Bern\",\"description\":\"Schweizer Weine und AOP-IGP Produkte\",\"publisher\":{\"@id\":\"https:\\\/\\\/loetschbergbern.ch\\\/#organization\"},\"alternateName\":\"L\u00f6tschberg Bern\",\"potentialAction\":[{\"@type\":\"SearchAction\",\"target\":{\"@type\":\"EntryPoint\",\"urlTemplate\":\"https:\\\/\\\/loetschbergbern.ch\\\/?s={search_term_string}\"},\"query-input\":{\"@type\":\"PropertyValueSpecification\",\"valueRequired\":true,\"valueName\":\"search_term_string\"}}],\"inLanguage\":\"fr-FR\"},{\"@type\":\"Organization\",\"@id\":\"https:\\\/\\\/loetschbergbern.ch\\\/#organization\",\"name\":\"Restaurant L\u00f6tschberg Bern\",\"url\":\"https:\\\/\\\/loetschbergbern.ch\\\/\",\"logo\":{\"@type\":\"ImageObject\",\"inLanguage\":\"fr-FR\",\"@id\":\"https:\\\/\\\/loetschbergbern.ch\\\/#\\\/schema\\\/logo\\\/image\\\/\",\"url\":\"https:\\\/\\\/loetschbergbern.ch\\\/wp-content\\\/uploads\\\/2025\\\/10\\\/logo.png\",\"contentUrl\":\"https:\\\/\\\/loetschbergbern.ch\\\/wp-content\\\/uploads\\\/2025\\\/10\\\/logo.png\",\"width\":480,\"height\":103,\"caption\":\"Restaurant L\u00f6tschberg Bern\"},\"image\":{\"@id\":\"https:\\\/\\\/loetschbergbern.ch\\\/#\\\/schema\\\/logo\\\/image\\\/\"},\"sameAs\":[\"https:\\\/\\\/www.facebook.com\\\/Loetschberg\",\"https:\\\/\\\/www.instagram.com\\\/loetschbergbern\\\/\"]}]}<\/script>\n<!-- \/ Yoast SEO plugin. -->","yoast_head_json":{"title":"Concept - Restaurant L\u00f6tschberg Bern","robots":{"index":"index","follow":"follow","max-snippet":"max-snippet:-1","max-image-preview":"max-image-preview:large","max-video-preview":"max-video-preview:-1"},"canonical":"https:\/\/loetschbergbern.ch\/fr\/ueber-uns\/konzept\/","og_locale":"fr_FR","og_type":"article","og_title":"Concept - Restaurant L\u00f6tschberg Bern","og_description":"Le restaurant L\u00f6tschberg appartient aux producteurs Le restaurant L\u00f6tschberg est unique, aussi bien&nbsp;dans sa&nbsp;structure que&nbsp;pour son&nbsp;offre&nbsp;culinaire. Plus de 30 viticulteurs, 2 distillateurs, ainsi que l\u2019Association suisse des AOP-IGP sont&nbsp;en effet&nbsp;propri\u00e9taires du restaurant L\u00f6tschberg, situ\u00e9 au c\u0153ur de Berne.&nbsp;Ils approvisionnent&nbsp;ainsi&nbsp;r\u00e9guli\u00e8rement le \u00abL\u00f6tschberg\u00bb avec leurs d\u00e9licieuses sp\u00e9cialit\u00e9s typiquement suisses, que l\u2019\u00e9quipe de cuisine exp\u00e9riment\u00e9e&nbsp;met en valeur&nbsp;chaque jour&nbsp;dans&nbsp;des plats savoureux. Il n\u2019y a donc rien d\u2019\u00e9tonnant \u00e0 ce que le \u00abL\u00f6tschberg\u00bb propose la plus vaste et la plus grande carte de vins compos\u00e9e [&hellip;]","og_url":"https:\/\/loetschbergbern.ch\/fr\/ueber-uns\/konzept\/","og_site_name":"Restaurant L\u00f6tschberg Bern","article_publisher":"https:\/\/www.facebook.com\/Loetschberg","article_modified_time":"2025-01-29T07:07:21+00:00","og_image":[{"width":814,"height":514,"url":"https:\/\/loetschbergbern.ch\/wp-content\/uploads\/2024\/08\/Fleischplatte.jpg","type":"image\/jpeg"}],"twitter_card":"summary_large_image","twitter_misc":{"Dur\u00e9e de lecture estim\u00e9e":"1 minute"},"schema":{"@context":"https:\/\/schema.org","@graph":[{"@type":"WebPage","@id":"https:\/\/loetschbergbern.ch\/fr\/ueber-uns\/konzept\/","url":"https:\/\/loetschbergbern.ch\/fr\/ueber-uns\/konzept\/","name":"Concept - Restaurant L\u00f6tschberg Bern","isPartOf":{"@id":"https:\/\/loetschbergbern.ch\/#website"},"primaryImageOfPage":{"@id":"https:\/\/loetschbergbern.ch\/fr\/ueber-uns\/konzept\/#primaryimage"},"image":{"@id":"https:\/\/loetschbergbern.ch\/fr\/ueber-uns\/konzept\/#primaryimage"},"thumbnailUrl":"https:\/\/loetschbergbern.ch\/wp-content\/uploads\/2024\/08\/Fleischplatte-800x505.jpg","datePublished":"2024-07-17T10:48:45+00:00","dateModified":"2025-01-29T07:07:21+00:00","breadcrumb":{"@id":"https:\/\/loetschbergbern.ch\/fr\/ueber-uns\/konzept\/#breadcrumb"},"inLanguage":"fr-FR","potentialAction":[{"@type":"ReadAction","target":["https:\/\/loetschbergbern.ch\/fr\/ueber-uns\/konzept\/"]}]},{"@type":"ImageObject","inLanguage":"fr-FR","@id":"https:\/\/loetschbergbern.ch\/fr\/ueber-uns\/konzept\/#primaryimage","url":"https:\/\/loetschbergbern.ch\/wp-content\/uploads\/2024\/08\/Fleischplatte-800x505.jpg","contentUrl":"https:\/\/loetschbergbern.ch\/wp-content\/uploads\/2024\/08\/Fleischplatte-800x505.jpg"},{"@type":"BreadcrumbList","@id":"https:\/\/loetschbergbern.ch\/fr\/ueber-uns\/konzept\/#breadcrumb","itemListElement":[{"@type":"ListItem","position":1,"name":"Home","item":"https:\/\/loetschbergbern.ch\/fr\/"},{"@type":"ListItem","position":2,"name":"\u00c0 propos de nous","item":"https:\/\/loetschbergbern.ch\/fr\/ueber-uns\/"},{"@type":"ListItem","position":3,"name":"Concept"}]},{"@type":"WebSite","@id":"https:\/\/loetschbergbern.ch\/#website","url":"https:\/\/loetschbergbern.ch\/","name":"Restaurant L\u00f6tschberg Bern","description":"Schweizer Weine und AOP-IGP Produkte","publisher":{"@id":"https:\/\/loetschbergbern.ch\/#organization"},"alternateName":"L\u00f6tschberg Bern","potentialAction":[{"@type":"SearchAction","target":{"@type":"EntryPoint","urlTemplate":"https:\/\/loetschbergbern.ch\/?s={search_term_string}"},"query-input":{"@type":"PropertyValueSpecification","valueRequired":true,"valueName":"search_term_string"}}],"inLanguage":"fr-FR"},{"@type":"Organization","@id":"https:\/\/loetschbergbern.ch\/#organization","name":"Restaurant L\u00f6tschberg Bern","url":"https:\/\/loetschbergbern.ch\/","logo":{"@type":"ImageObject","inLanguage":"fr-FR","@id":"https:\/\/loetschbergbern.ch\/#\/schema\/logo\/image\/","url":"https:\/\/loetschbergbern.ch\/wp-content\/uploads\/2025\/10\/logo.png","contentUrl":"https:\/\/loetschbergbern.ch\/wp-content\/uploads\/2025\/10\/logo.png","width":480,"height":103,"caption":"Restaurant L\u00f6tschberg Bern"},"image":{"@id":"https:\/\/loetschbergbern.ch\/#\/schema\/logo\/image\/"},"sameAs":["https:\/\/www.facebook.com\/Loetschberg","https:\/\/www.instagram.com\/loetschbergbern\/"]}]}},"_links":{"self":[{"href":"https:\/\/loetschbergbern.ch\/fr\/wp-json\/wp\/v2\/pages\/478","targetHints":{"allow":["GET"]}}],"collection":[{"href":"https:\/\/loetschbergbern.ch\/fr\/wp-json\/wp\/v2\/pages"}],"about":[{"href":"https:\/\/loetschbergbern.ch\/fr\/wp-json\/wp\/v2\/types\/page"}],"author":[{"embeddable":true,"href":"https:\/\/loetschbergbern.ch\/fr\/wp-json\/wp\/v2\/users\/1"}],"replies":[{"embeddable":true,"href":"https:\/\/loetschbergbern.ch\/fr\/wp-json\/wp\/v2\/comments?post=478"}],"version-history":[{"count":5,"href":"https:\/\/loetschbergbern.ch\/fr\/wp-json\/wp\/v2\/pages\/478\/revisions"}],"predecessor-version":[{"id":879,"href":"https:\/\/loetschbergbern.ch\/fr\/wp-json\/wp\/v2\/pages\/478\/revisions\/879"}],"up":[{"embeddable":true,"href":"https:\/\/loetschbergbern.ch\/fr\/wp-json\/wp\/v2\/pages\/510"}],"wp:attachment":[{"href":"https:\/\/loetschbergbern.ch\/fr\/wp-json\/wp\/v2\/media?parent=478"}],"curies":[{"name":"wp","href":"https:\/\/api.w.org\/{rel}","templated":true}]}}