{"id":487,"date":"2024-07-17T12:46:52","date_gmt":"2024-07-17T10:46:52","guid":{"rendered":"https:\/\/loetschbergbern.ch\/aop-igp-produkte\/"},"modified":"2024-09-20T13:53:46","modified_gmt":"2024-09-20T11:53:46","slug":"aop-igp-produkte","status":"publish","type":"page","link":"https:\/\/loetschbergbern.ch\/en\/spezielle-angebote\/aop-igp-produkte\/","title":{"rendered":"PDO-IGP Products"},"content":{"rendered":"\n<p class=\"unterstrich mb30\"><br><a href=\"https:\/\/loetschbergbern.ch\/en\/spezielle-angebote\/\" data-type=\"page\" data-id=\"19\">&lt;&lt;&lt; return to overview<\/a><\/p>\n\n\n\n<h1 class=\"wp-block-heading left\"><strong>PDO-IGP PRODUCTS<\/strong><\/h1>\n\n\n\n<p>Here at the Restaurant &#8220;L\u00f6tschberg&#8221;, we are thrilled to be able to make a small contribution to upholding such Swiss traditions by using predominantly PDO and PGI products and to support traditional craftsmanship and production methods. And that&#8217;s something to be proud of!&nbsp;<\/p>\n\n\n\n<p>Currently, 25 of our products have been certified as PDO by the Federal Office for Agriculture and 16 of our specialties as PGI.&nbsp;<\/p>\n\n\n\n<p class=\"is-style-default\"><strong>Why PDO \/ PGI?<\/strong><span style=\"font-family: -webkit-standard; font-size: medium; white-space: normal;\"><\/span><br>Products bearing PDO (Appellation d&#8217;Origine Prot\u00e9g\u00e9e \/ Protected Designation of Origin) or PGI (Indication G\u00e9ographique Prot\u00e9g\u00e9e \/ Protected Geographical Indication) labels identify traditional specialty products that have a strong connection to their region of origin. Such products have been produced for generations with the utmost passion by cheesemakers, bakers, butchers, distillers and other artisans.&nbsp;<br><br>For products bearing an PDO label, everything from the raw materials for processing through to the end product comes from a clearly defined region of origin.&nbsp;<br><br>Specialties with a PGI label are either produced, processed or finished in their place of origin.&nbsp;<br><\/p>\n\n\n\n<figure class=\"wp-block-image size-large is-resized\"><img loading=\"lazy\" decoding=\"async\" width=\"800\" height=\"505\" src=\"https:\/\/loetschbergbern.ch\/wp-content\/uploads\/2024\/08\/AOP-IGP-800x505.jpg\" alt=\"AOP-IGP\" class=\"wp-image-297\" style=\"width:840px\" srcset=\"https:\/\/loetschbergbern.ch\/wp-content\/uploads\/2024\/08\/AOP-IGP-800x505.jpg 800w, https:\/\/loetschbergbern.ch\/wp-content\/uploads\/2024\/08\/AOP-IGP-600x379.jpg 600w, https:\/\/loetschbergbern.ch\/wp-content\/uploads\/2024\/08\/AOP-IGP-768x485.jpg 768w, https:\/\/loetschbergbern.ch\/wp-content\/uploads\/2024\/08\/AOP-IGP.jpg 814w\" sizes=\"auto, (max-width: 800px) 100vw, 800px\" \/><\/figure>\n\n\n\n<div style=\"height:70px\" aria-hidden=\"true\" class=\"wp-block-spacer\"><\/div>\n\n\n\n<div class=\"wp-block-columns is-not-stacked-on-mobile unterstrich is-layout-flex wp-container-core-columns-is-layout-9d6595d7 wp-block-columns-is-layout-flex\">\n<div class=\"wp-block-column is-layout-flow wp-block-column-is-layout-flow\">\n<p>additional offers<\/p>\n<\/div>\n\n\n\n<div class=\"wp-block-column is-layout-flow wp-block-column-is-layout-flow\">\n<p class=\"has-text-align-right\"><a href=\"https:\/\/loetschbergbern.ch\/en\/spezielle-angebote\/\" data-type=\"page\" data-id=\"19\">show all &gt;&gt;&gt;<\/a><\/p>\n<\/div>\n<\/div>\n\n\n\n<div class=\"wp-block-columns is-not-stacked-on-mobile spez vorlage-karten is-layout-flex wp-container-core-columns-is-layout-9d6595d7 wp-block-columns-is-layout-flex\">\n<div class=\"wp-block-column is-layout-flow wp-block-column-is-layout-flow\">\n<h3 class=\"wp-block-heading\">RACLETTE DU VALAIS AOP <\/h3>\n\n\n\n<figure class=\"wp-block-image size-large\"><a href=\"https:\/\/loetschbergbern.ch\/en\/spezielle-angebote\/raclette-aop-valais\/\"><img loading=\"lazy\" decoding=\"async\" width=\"800\" height=\"505\" src=\"https:\/\/loetschbergbern.ch\/wp-content\/uploads\/2024\/07\/Raclette-800x505.jpg\" alt=\"Raclette\" class=\"wp-image-97\" srcset=\"https:\/\/loetschbergbern.ch\/wp-content\/uploads\/2024\/07\/Raclette-800x505.jpg 800w, https:\/\/loetschbergbern.ch\/wp-content\/uploads\/2024\/07\/Raclette-600x379.jpg 600w, https:\/\/loetschbergbern.ch\/wp-content\/uploads\/2024\/07\/Raclette-768x485.jpg 768w, https:\/\/loetschbergbern.ch\/wp-content\/uploads\/2024\/07\/Raclette.jpg 814w\" sizes=\"auto, (max-width: 800px) 100vw, 800px\" \/><\/a><\/figure>\n<\/div>\n\n\n\n<div class=\"wp-block-column is-layout-flow wp-block-column-is-layout-flow\">\n<h3 class=\"wp-block-heading\"><strong>FONDUE MENU<\/strong><span style=\"font-family: -webkit-standard; font-size: medium; font-weight: 400; white-space: normal;\"><\/span><\/h3>\n\n\n\n<figure class=\"wp-block-image size-large\"><a href=\"https:\/\/loetschbergbern.ch\/en\/spezielle-angebote\/fondue-menue\/\"><img loading=\"lazy\" decoding=\"async\" width=\"800\" height=\"505\" src=\"https:\/\/loetschbergbern.ch\/wp-content\/uploads\/2024\/07\/Fondue-Menu-800x505.jpg\" alt=\"Fondue\" class=\"wp-image-96\" srcset=\"https:\/\/loetschbergbern.ch\/wp-content\/uploads\/2024\/07\/Fondue-Menu-800x505.jpg 800w, https:\/\/loetschbergbern.ch\/wp-content\/uploads\/2024\/07\/Fondue-Menu-600x379.jpg 600w, https:\/\/loetschbergbern.ch\/wp-content\/uploads\/2024\/07\/Fondue-Menu-768x485.jpg 768w, https:\/\/loetschbergbern.ch\/wp-content\/uploads\/2024\/07\/Fondue-Menu.jpg 814w\" sizes=\"auto, (max-width: 800px) 100vw, 800px\" \/><\/a><\/figure>\n<\/div>\n\n\n\n<div class=\"wp-block-column is-layout-flow wp-block-column-is-layout-flow\">\n<h3 class=\"wp-block-heading\"><strong>WINE TASTINGS<\/strong><\/h3>\n\n\n\n<figure class=\"wp-block-image size-large\"><a href=\"https:\/\/loetschbergbern.ch\/en\/spezielle-angebote\/degustationen\/\"><img loading=\"lazy\" decoding=\"async\" width=\"800\" height=\"505\" src=\"https:\/\/loetschbergbern.ch\/wp-content\/uploads\/2024\/07\/Degustationen-800x505.jpg\" alt=\"Degustationen\" class=\"wp-image-95\" srcset=\"https:\/\/loetschbergbern.ch\/wp-content\/uploads\/2024\/07\/Degustationen-800x505.jpg 800w, https:\/\/loetschbergbern.ch\/wp-content\/uploads\/2024\/07\/Degustationen-600x379.jpg 600w, https:\/\/loetschbergbern.ch\/wp-content\/uploads\/2024\/07\/Degustationen-768x485.jpg 768w, https:\/\/loetschbergbern.ch\/wp-content\/uploads\/2024\/07\/Degustationen.jpg 814w\" sizes=\"auto, (max-width: 800px) 100vw, 800px\" \/><\/a><\/figure>\n<\/div>\n<\/div>\n","protected":false},"excerpt":{"rendered":"&lt;&lt;&lt; return to overview PDO-IGP PRODUCTS Here at the Restaurant &#8220;L\u00f6tschberg&#8221;, we are thrilled to be able to make a small contribution to upholding such Swiss traditions by using predominantly PDO and PGI products and to support traditional craftsmanship and production methods. And that&#8217;s something to be proud of!&nbsp; Currently, 25 of our products have been certified as PDO by the Federal Office for Agriculture and 16 of our specialties as PGI.&nbsp; Why PDO \/ PGI?Products bearing PDO (Appellation d&#8217;Origine [&hellip;]","protected":false},"author":1,"featured_media":467,"parent":507,"menu_order":3,"comment_status":"closed","ping_status":"closed","template":"","meta":{"_acf_changed":false,"footnotes":""},"class_list":["post-487","page","type-page","status-publish","has-post-thumbnail","hentry"],"acf":[],"yoast_head":"<!-- This site is optimized with the Yoast SEO plugin v27.4 - https:\/\/yoast.com\/product\/yoast-seo-wordpress\/ -->\n<title>PDO-IGP Products - Restaurant L\u00f6tschberg Bern<\/title>\n<meta name=\"robots\" content=\"index, follow, max-snippet:-1, max-image-preview:large, max-video-preview:-1\" \/>\n<link rel=\"canonical\" href=\"https:\/\/loetschbergbern.ch\/en\/spezielle-angebote\/aop-igp-produkte\/\" \/>\n<meta property=\"og:locale\" content=\"en_US\" \/>\n<meta property=\"og:type\" content=\"article\" \/>\n<meta property=\"og:title\" content=\"PDO-IGP Products - Restaurant L\u00f6tschberg Bern\" \/>\n<meta property=\"og:description\" content=\"&lt;&lt;&lt; return to overview PDO-IGP PRODUCTS Here at the Restaurant &#8220;L\u00f6tschberg&#8221;, we are thrilled to be able to make a small contribution to upholding such Swiss traditions by using predominantly PDO and PGI products and to support traditional craftsmanship and production methods. And that&#8217;s something to be proud of!&nbsp; Currently, 25 of our products have been certified as PDO by the Federal Office for Agriculture and 16 of our specialties as PGI.&nbsp; Why PDO \/ PGI?Products bearing PDO (Appellation d&#8217;Origine [&hellip;]\" \/>\n<meta property=\"og:url\" content=\"https:\/\/loetschbergbern.ch\/en\/spezielle-angebote\/aop-igp-produkte\/\" \/>\n<meta property=\"og:site_name\" content=\"Restaurant L\u00f6tschberg Bern\" \/>\n<meta property=\"article:publisher\" content=\"https:\/\/www.facebook.com\/Loetschberg\" \/>\n<meta property=\"article:modified_time\" content=\"2024-09-20T11:53:46+00:00\" \/>\n<meta property=\"og:image\" content=\"https:\/\/loetschbergbern.ch\/wp-content\/uploads\/2024\/08\/AOP-IGP.jpg\" \/>\n\t<meta property=\"og:image:width\" content=\"814\" \/>\n\t<meta property=\"og:image:height\" content=\"514\" \/>\n\t<meta property=\"og:image:type\" content=\"image\/jpeg\" \/>\n<meta name=\"twitter:card\" content=\"summary_large_image\" \/>\n<meta name=\"twitter:label1\" content=\"Est. reading time\" \/>\n\t<meta name=\"twitter:data1\" content=\"1 minute\" \/>\n<script type=\"application\/ld+json\" class=\"yoast-schema-graph\">{\"@context\":\"https:\\\/\\\/schema.org\",\"@graph\":[{\"@type\":\"WebPage\",\"@id\":\"https:\\\/\\\/loetschbergbern.ch\\\/en\\\/spezielle-angebote\\\/aop-igp-produkte\\\/\",\"url\":\"https:\\\/\\\/loetschbergbern.ch\\\/en\\\/spezielle-angebote\\\/aop-igp-produkte\\\/\",\"name\":\"PDO-IGP Products - Restaurant L\u00f6tschberg Bern\",\"isPartOf\":{\"@id\":\"https:\\\/\\\/loetschbergbern.ch\\\/#website\"},\"primaryImageOfPage\":{\"@id\":\"https:\\\/\\\/loetschbergbern.ch\\\/en\\\/spezielle-angebote\\\/aop-igp-produkte\\\/#primaryimage\"},\"image\":{\"@id\":\"https:\\\/\\\/loetschbergbern.ch\\\/en\\\/spezielle-angebote\\\/aop-igp-produkte\\\/#primaryimage\"},\"thumbnailUrl\":\"https:\\\/\\\/loetschbergbern.ch\\\/wp-content\\\/uploads\\\/2024\\\/08\\\/AOP-IGP.jpg\",\"datePublished\":\"2024-07-17T10:46:52+00:00\",\"dateModified\":\"2024-09-20T11:53:46+00:00\",\"breadcrumb\":{\"@id\":\"https:\\\/\\\/loetschbergbern.ch\\\/en\\\/spezielle-angebote\\\/aop-igp-produkte\\\/#breadcrumb\"},\"inLanguage\":\"en-US\",\"potentialAction\":[{\"@type\":\"ReadAction\",\"target\":[\"https:\\\/\\\/loetschbergbern.ch\\\/en\\\/spezielle-angebote\\\/aop-igp-produkte\\\/\"]}]},{\"@type\":\"ImageObject\",\"inLanguage\":\"en-US\",\"@id\":\"https:\\\/\\\/loetschbergbern.ch\\\/en\\\/spezielle-angebote\\\/aop-igp-produkte\\\/#primaryimage\",\"url\":\"https:\\\/\\\/loetschbergbern.ch\\\/wp-content\\\/uploads\\\/2024\\\/08\\\/AOP-IGP.jpg\",\"contentUrl\":\"https:\\\/\\\/loetschbergbern.ch\\\/wp-content\\\/uploads\\\/2024\\\/08\\\/AOP-IGP.jpg\",\"width\":814,\"height\":514},{\"@type\":\"BreadcrumbList\",\"@id\":\"https:\\\/\\\/loetschbergbern.ch\\\/en\\\/spezielle-angebote\\\/aop-igp-produkte\\\/#breadcrumb\",\"itemListElement\":[{\"@type\":\"ListItem\",\"position\":1,\"name\":\"Home\",\"item\":\"https:\\\/\\\/loetschbergbern.ch\\\/en\\\/\"},{\"@type\":\"ListItem\",\"position\":2,\"name\":\"Special offers\",\"item\":\"https:\\\/\\\/loetschbergbern.ch\\\/en\\\/spezielle-angebote\\\/\"},{\"@type\":\"ListItem\",\"position\":3,\"name\":\"PDO-IGP Products\"}]},{\"@type\":\"WebSite\",\"@id\":\"https:\\\/\\\/loetschbergbern.ch\\\/#website\",\"url\":\"https:\\\/\\\/loetschbergbern.ch\\\/\",\"name\":\"Restaurant L\u00f6tschberg Bern\",\"description\":\"Schweizer Weine und AOP-IGP Produkte\",\"publisher\":{\"@id\":\"https:\\\/\\\/loetschbergbern.ch\\\/#organization\"},\"alternateName\":\"L\u00f6tschberg Bern\",\"potentialAction\":[{\"@type\":\"SearchAction\",\"target\":{\"@type\":\"EntryPoint\",\"urlTemplate\":\"https:\\\/\\\/loetschbergbern.ch\\\/?s={search_term_string}\"},\"query-input\":{\"@type\":\"PropertyValueSpecification\",\"valueRequired\":true,\"valueName\":\"search_term_string\"}}],\"inLanguage\":\"en-US\"},{\"@type\":\"Organization\",\"@id\":\"https:\\\/\\\/loetschbergbern.ch\\\/#organization\",\"name\":\"Restaurant L\u00f6tschberg Bern\",\"url\":\"https:\\\/\\\/loetschbergbern.ch\\\/\",\"logo\":{\"@type\":\"ImageObject\",\"inLanguage\":\"en-US\",\"@id\":\"https:\\\/\\\/loetschbergbern.ch\\\/#\\\/schema\\\/logo\\\/image\\\/\",\"url\":\"https:\\\/\\\/loetschbergbern.ch\\\/wp-content\\\/uploads\\\/2025\\\/10\\\/logo.png\",\"contentUrl\":\"https:\\\/\\\/loetschbergbern.ch\\\/wp-content\\\/uploads\\\/2025\\\/10\\\/logo.png\",\"width\":480,\"height\":103,\"caption\":\"Restaurant L\u00f6tschberg Bern\"},\"image\":{\"@id\":\"https:\\\/\\\/loetschbergbern.ch\\\/#\\\/schema\\\/logo\\\/image\\\/\"},\"sameAs\":[\"https:\\\/\\\/www.facebook.com\\\/Loetschberg\",\"https:\\\/\\\/www.instagram.com\\\/loetschbergbern\\\/\"]}]}<\/script>\n<!-- \/ Yoast SEO plugin. -->","yoast_head_json":{"title":"PDO-IGP Products - Restaurant L\u00f6tschberg Bern","robots":{"index":"index","follow":"follow","max-snippet":"max-snippet:-1","max-image-preview":"max-image-preview:large","max-video-preview":"max-video-preview:-1"},"canonical":"https:\/\/loetschbergbern.ch\/en\/spezielle-angebote\/aop-igp-produkte\/","og_locale":"en_US","og_type":"article","og_title":"PDO-IGP Products - Restaurant L\u00f6tschberg Bern","og_description":"&lt;&lt;&lt; return to overview PDO-IGP PRODUCTS Here at the Restaurant &#8220;L\u00f6tschberg&#8221;, we are thrilled to be able to make a small contribution to upholding such Swiss traditions by using predominantly PDO and PGI products and to support traditional craftsmanship and production methods. And that&#8217;s something to be proud of!&nbsp; Currently, 25 of our products have been certified as PDO by the Federal Office for Agriculture and 16 of our specialties as PGI.&nbsp; Why PDO \/ PGI?Products bearing PDO (Appellation d&#8217;Origine [&hellip;]","og_url":"https:\/\/loetschbergbern.ch\/en\/spezielle-angebote\/aop-igp-produkte\/","og_site_name":"Restaurant L\u00f6tschberg Bern","article_publisher":"https:\/\/www.facebook.com\/Loetschberg","article_modified_time":"2024-09-20T11:53:46+00:00","og_image":[{"width":814,"height":514,"url":"https:\/\/loetschbergbern.ch\/wp-content\/uploads\/2024\/08\/AOP-IGP.jpg","type":"image\/jpeg"}],"twitter_card":"summary_large_image","twitter_misc":{"Est. reading time":"1 minute"},"schema":{"@context":"https:\/\/schema.org","@graph":[{"@type":"WebPage","@id":"https:\/\/loetschbergbern.ch\/en\/spezielle-angebote\/aop-igp-produkte\/","url":"https:\/\/loetschbergbern.ch\/en\/spezielle-angebote\/aop-igp-produkte\/","name":"PDO-IGP Products - Restaurant L\u00f6tschberg Bern","isPartOf":{"@id":"https:\/\/loetschbergbern.ch\/#website"},"primaryImageOfPage":{"@id":"https:\/\/loetschbergbern.ch\/en\/spezielle-angebote\/aop-igp-produkte\/#primaryimage"},"image":{"@id":"https:\/\/loetschbergbern.ch\/en\/spezielle-angebote\/aop-igp-produkte\/#primaryimage"},"thumbnailUrl":"https:\/\/loetschbergbern.ch\/wp-content\/uploads\/2024\/08\/AOP-IGP.jpg","datePublished":"2024-07-17T10:46:52+00:00","dateModified":"2024-09-20T11:53:46+00:00","breadcrumb":{"@id":"https:\/\/loetschbergbern.ch\/en\/spezielle-angebote\/aop-igp-produkte\/#breadcrumb"},"inLanguage":"en-US","potentialAction":[{"@type":"ReadAction","target":["https:\/\/loetschbergbern.ch\/en\/spezielle-angebote\/aop-igp-produkte\/"]}]},{"@type":"ImageObject","inLanguage":"en-US","@id":"https:\/\/loetschbergbern.ch\/en\/spezielle-angebote\/aop-igp-produkte\/#primaryimage","url":"https:\/\/loetschbergbern.ch\/wp-content\/uploads\/2024\/08\/AOP-IGP.jpg","contentUrl":"https:\/\/loetschbergbern.ch\/wp-content\/uploads\/2024\/08\/AOP-IGP.jpg","width":814,"height":514},{"@type":"BreadcrumbList","@id":"https:\/\/loetschbergbern.ch\/en\/spezielle-angebote\/aop-igp-produkte\/#breadcrumb","itemListElement":[{"@type":"ListItem","position":1,"name":"Home","item":"https:\/\/loetschbergbern.ch\/en\/"},{"@type":"ListItem","position":2,"name":"Special offers","item":"https:\/\/loetschbergbern.ch\/en\/spezielle-angebote\/"},{"@type":"ListItem","position":3,"name":"PDO-IGP Products"}]},{"@type":"WebSite","@id":"https:\/\/loetschbergbern.ch\/#website","url":"https:\/\/loetschbergbern.ch\/","name":"Restaurant L\u00f6tschberg Bern","description":"Schweizer Weine und AOP-IGP Produkte","publisher":{"@id":"https:\/\/loetschbergbern.ch\/#organization"},"alternateName":"L\u00f6tschberg Bern","potentialAction":[{"@type":"SearchAction","target":{"@type":"EntryPoint","urlTemplate":"https:\/\/loetschbergbern.ch\/?s={search_term_string}"},"query-input":{"@type":"PropertyValueSpecification","valueRequired":true,"valueName":"search_term_string"}}],"inLanguage":"en-US"},{"@type":"Organization","@id":"https:\/\/loetschbergbern.ch\/#organization","name":"Restaurant L\u00f6tschberg Bern","url":"https:\/\/loetschbergbern.ch\/","logo":{"@type":"ImageObject","inLanguage":"en-US","@id":"https:\/\/loetschbergbern.ch\/#\/schema\/logo\/image\/","url":"https:\/\/loetschbergbern.ch\/wp-content\/uploads\/2025\/10\/logo.png","contentUrl":"https:\/\/loetschbergbern.ch\/wp-content\/uploads\/2025\/10\/logo.png","width":480,"height":103,"caption":"Restaurant L\u00f6tschberg Bern"},"image":{"@id":"https:\/\/loetschbergbern.ch\/#\/schema\/logo\/image\/"},"sameAs":["https:\/\/www.facebook.com\/Loetschberg","https:\/\/www.instagram.com\/loetschbergbern\/"]}]}},"_links":{"self":[{"href":"https:\/\/loetschbergbern.ch\/en\/wp-json\/wp\/v2\/pages\/487","targetHints":{"allow":["GET"]}}],"collection":[{"href":"https:\/\/loetschbergbern.ch\/en\/wp-json\/wp\/v2\/pages"}],"about":[{"href":"https:\/\/loetschbergbern.ch\/en\/wp-json\/wp\/v2\/types\/page"}],"author":[{"embeddable":true,"href":"https:\/\/loetschbergbern.ch\/en\/wp-json\/wp\/v2\/users\/1"}],"replies":[{"embeddable":true,"href":"https:\/\/loetschbergbern.ch\/en\/wp-json\/wp\/v2\/comments?post=487"}],"version-history":[{"count":4,"href":"https:\/\/loetschbergbern.ch\/en\/wp-json\/wp\/v2\/pages\/487\/revisions"}],"predecessor-version":[{"id":727,"href":"https:\/\/loetschbergbern.ch\/en\/wp-json\/wp\/v2\/pages\/487\/revisions\/727"}],"up":[{"embeddable":true,"href":"https:\/\/loetschbergbern.ch\/en\/wp-json\/wp\/v2\/pages\/507"}],"wp:featuredmedia":[{"embeddable":true,"href":"https:\/\/loetschbergbern.ch\/en\/wp-json\/wp\/v2\/media\/467"}],"wp:attachment":[{"href":"https:\/\/loetschbergbern.ch\/en\/wp-json\/wp\/v2\/media?parent=487"}],"curies":[{"name":"wp","href":"https:\/\/api.w.org\/{rel}","templated":true}]}}